{"id":8049,"date":"2025-03-08T17:14:34","date_gmt":"2025-03-08T17:14:34","guid":{"rendered":"https:\/\/bigfunhobby.com\/butikk\/gauge-h0-article-no-72781-marklin-start-up-restaurant-3d-building-puzzle\/"},"modified":"2025-12-04T10:59:25","modified_gmt":"2025-12-04T08:59:25","slug":"gauge-h0-article-no-72781-marklin-start-up-restaurant-3d-building-puzzle","status":"publish","type":"product","link":"https:\/\/bigfunhobby.com\/sv\/butikk\/gauge-h0-article-no-72781-marklin-start-up-restaurant-3d-building-puzzle\/","title":{"rendered":"Gauge H0 &#8211; Article No. 72781 M\u00e4rklin Start up &#8211; &laquo;Restaurant&raquo; 3D Building Puzzle"},"content":{"rendered":"<p>Dette er en realistisk 3D-byggesett av en restaurant i H0-skala fra M\u00e4rklin Start up. Byggesettet er perfekt for b\u00e5de voksne og barn som er interessert i modelljernbane og byggesett.<\/p>\n<h2 class='hdl-2 bottom-10'>H\u00f6jdpunkterna<\/h2>\n<ul class='list-style-disc'>\n<li>Den tiltalende designen vil v\u00e6re et blikkfang p\u00e5 enhver modelljernbanelayout.<\/li>\n<li>3D-byggesettet kan settes sammen uten verkt\u00f8y og lim.<\/li>\n<li>Byggesettet vil begeistre b\u00e5de barn og voksne med sitt realistiske utseende.<\/li>\n<\/ul>\n<p class='long-text'>Dette er et fleretasjers hus i bindingsverkstil med en restaurant i f\u00f8rste etasje, i 1:87 skala. Bygningen kan enkelt monteres fra 44 deler uten bruk av verkt\u00f8y eller lim. Monteringstiden er omtrent 2-2,5 timer. Dette 3D-byggesettet er designet for barn fra 8 \u00e5r og oppover. Produktets dimensjoner er: 10,3 cm x 15,6 cm x 23,4 cm.<\/p>\n<p>Andre bygninger er tilgjengelige under varenumrene 72782, 72783, og 72784. Disse bygningene kan brukes individuelt p\u00e5 en layout, eller de kan settes sammen som en rad med bygninger.<\/p>\n<p class='text-addition top-15m'>Hvis du er en entusiast for modelljernbane eller er p\u00e5 utkikk etter et engasjerende byggesett for voksne, vil du finne stor glede i dette produktet.<\/p>\n<p>Start ditt modelljernbane-eventyr i dag. Kj\u00f8p her!<\/p>\n<p>&#8216;<\/p>","protected":false},"excerpt":{"rendered":"<p>Dette er en realistisk 3D-byggesett av en restaurant i H0-skala fra M\u00e4rklin Start up. Byggesettet er perfekt for b\u00e5de voksne og barn som er interessert i modelljernbane og byggesett.&#8217;<\/p>","protected":false},"featured_media":8048,"comment_status":"open","ping_status":"closed","template":"","meta":[],"product_brand":[107],"product_cat":[72],"product_tag":[],"class_list":{"0":"post-8049","1":"product","2":"type-product","3":"status-publish","4":"has-post-thumbnail","6":"product_brand-marklin","7":"product_cat-marklin-h0-originalen","9":"first","10":"outofstock","11":"taxable","12":"shipping-taxable","13":"purchasable","14":"product-type-simple"},"_links":{"self":[{"href":"https:\/\/bigfunhobby.com\/sv\/wp-json\/wp\/v2\/product\/8049","targetHints":{"allow":["GET"]}}],"collection":[{"href":"https:\/\/bigfunhobby.com\/sv\/wp-json\/wp\/v2\/product"}],"about":[{"href":"https:\/\/bigfunhobby.com\/sv\/wp-json\/wp\/v2\/types\/product"}],"replies":[{"embeddable":true,"href":"https:\/\/bigfunhobby.com\/sv\/wp-json\/wp\/v2\/comments?post=8049"}],"wp:featuredmedia":[{"embeddable":true,"href":"https:\/\/bigfunhobby.com\/sv\/wp-json\/wp\/v2\/media\/8048"}],"wp:attachment":[{"href":"https:\/\/bigfunhobby.com\/sv\/wp-json\/wp\/v2\/media?parent=8049"}],"wp:term":[{"taxonomy":"product_brand","embeddable":true,"href":"https:\/\/bigfunhobby.com\/sv\/wp-json\/wp\/v2\/product_brand?post=8049"},{"taxonomy":"product_cat","embeddable":true,"href":"https:\/\/bigfunhobby.com\/sv\/wp-json\/wp\/v2\/product_cat?post=8049"},{"taxonomy":"product_tag","embeddable":true,"href":"https:\/\/bigfunhobby.com\/sv\/wp-json\/wp\/v2\/product_tag?post=8049"}],"curies":[{"name":"wp","href":"https:\/\/api.w.org\/{rel}","templated":true}]}}