{"id":8051,"date":"2025-03-08T17:14:35","date_gmt":"2025-03-08T17:14:35","guid":{"rendered":"https:\/\/bigfunhobby.com\/butikk\/gauge-h0-article-no-72887-locomotive-shed-kit\/"},"modified":"2025-12-04T10:59:25","modified_gmt":"2025-12-04T08:59:25","slug":"sparvidd-h0-art-nr-72887-sats-for-lokstall","status":"publish","type":"product","link":"https:\/\/bigfunhobby.com\/sv\/butikk\/gauge-h0-article-no-72887-locomotive-shed-kit\/","title":{"rendered":"Sp\u00e5rvidd H0 - Artikel nr 72887 Lokstallssats"},"content":{"rendered":"<p>Utforska det underbara universumet av modellj\u00e4rnv\u00e4gar med v\u00e5r Gauge H0 - Artikel nr 72887 Loksk\u00e5psats. Detta \u00e4r ett utm\u00e4rkt komplement f\u00f6r b\u00e5de erfarna modellbyggare och de som precis har b\u00f6rjat med denna sp\u00e4nnande hobby.<\/p>\n<h2 class='hdl-2 bottom-10'>H\u00f6jdpunkterna<\/h2>\n<div class='grid-x grid-margin-x'>\n<div class='cell medium-6'>\n<ul class='list-style-disc'>\n<li>L\u00e4mplig f\u00f6r tv\u00e5sp\u00e5rssystem.<\/li>\n<li>Inkluderar d\u00f6rrar som st\u00e4ngs automatiskt.<\/li>\n<\/ul>\n<p class='long-text'><strong>Modell:<\/strong>&nbsp;Stallen \u00e4r placerade i 12\u00b0 vinklar. Denna sats passar bra till v\u00e4ndskivorna 74861, 74862 och 66861 (Trix H0). Satsen kan anv\u00e4ndas med C-sp\u00e5r och K-sp\u00e5r (sp\u00e5r ing\u00e5r ej). Den anv\u00e4ndbara sp\u00e5rl\u00e4ngden i skjulet \u00e4r ca 30 cm. Lokstallsd\u00f6rrarna st\u00e4ngs automatiskt n\u00e4r ett lok g\u00e5r in i ett lokstall. Faller 191200SA-servon kan monteras f\u00f6r att man\u00f6vrera d\u00f6rrarna. Storlek: 377 x 494 mm, h\u00f6jd 129 mm.<\/p>\n<div class='text-addition top-15m'>\n<p>Inklusive Faller 180653 LED-belysningssats (2 st.).<\/p>\n<p>Kan byggas ut med 72889 \"Utbyggnadssats f\u00f6r lokstall\".<\/p>\n<\/div>\n<\/div>\n<\/div>\n<p>Denna lokstallssats ger en autentisk och detaljerad modelleringsupplevelse. Den realistiska designen och detaljerna ger en extra dimension till ditt modellj\u00e4rnv\u00e4gslandskap. V\u00e4nta inte l\u00e4ngre, dyk in i modellj\u00e4rnv\u00e4gens v\u00e4rld och upplev gl\u00e4djen i att bygga ditt eget lokstall. K\u00f6p h\u00e4r och b\u00f6rja bygga nu.<\/p>","protected":false},"excerpt":{"rendered":"<p>Lokstallssats i skala H0 med plats f\u00f6r tv\u00e5 sp\u00e5r och sj\u00e4lvst\u00e4ngande d\u00f6rrar, perfekt komplement till ditt modellj\u00e4rnv\u00e4gslandskap.<\/p>","protected":false},"featured_media":8050,"comment_status":"open","ping_status":"closed","template":"","meta":[],"product_brand":[107],"product_cat":[72],"product_tag":[],"class_list":{"0":"post-8051","1":"product","2":"type-product","3":"status-publish","4":"has-post-thumbnail","6":"product_brand-marklin","7":"product_cat-marklin-h0-originalen","9":"first","10":"instock","11":"taxable","12":"shipping-taxable","13":"purchasable","14":"product-type-simple"},"_links":{"self":[{"href":"https:\/\/bigfunhobby.com\/sv\/wp-json\/wp\/v2\/product\/8051","targetHints":{"allow":["GET"]}}],"collection":[{"href":"https:\/\/bigfunhobby.com\/sv\/wp-json\/wp\/v2\/product"}],"about":[{"href":"https:\/\/bigfunhobby.com\/sv\/wp-json\/wp\/v2\/types\/product"}],"replies":[{"embeddable":true,"href":"https:\/\/bigfunhobby.com\/sv\/wp-json\/wp\/v2\/comments?post=8051"}],"wp:featuredmedia":[{"embeddable":true,"href":"https:\/\/bigfunhobby.com\/sv\/wp-json\/wp\/v2\/media\/8050"}],"wp:attachment":[{"href":"https:\/\/bigfunhobby.com\/sv\/wp-json\/wp\/v2\/media?parent=8051"}],"wp:term":[{"taxonomy":"product_brand","embeddable":true,"href":"https:\/\/bigfunhobby.com\/sv\/wp-json\/wp\/v2\/product_brand?post=8051"},{"taxonomy":"product_cat","embeddable":true,"href":"https:\/\/bigfunhobby.com\/sv\/wp-json\/wp\/v2\/product_cat?post=8051"},{"taxonomy":"product_tag","embeddable":true,"href":"https:\/\/bigfunhobby.com\/sv\/wp-json\/wp\/v2\/product_tag?post=8051"}],"curies":[{"name":"wp","href":"https:\/\/api.w.org\/{rel}","templated":true}]}}