{"id":8059,"date":"2025-03-08T17:14:37","date_gmt":"2025-03-08T17:14:37","guid":{"rendered":"https:\/\/bigfunhobby.com\/butikk\/gauge-h0-article-no-43335-type-bdylf-457-passenger-train-cab-control-car\/"},"modified":"2025-12-04T10:59:25","modified_gmt":"2025-12-04T08:59:25","slug":"gauge-h0-article-no-43335-type-bdylf-457-passenger-train-cab-control-car","status":"publish","type":"product","link":"https:\/\/bigfunhobby.com\/sv\/butikk\/gauge-h0-article-no-43335-type-bdylf-457-passenger-train-cab-control-car\/","title":{"rendered":"Gauge H0 &#8211; Article No. 43335 Type BDylf 457 Passenger Train Cab Control Car"},"content":{"rendered":"<p>Forsterk samlingen din med Gauge H0 &#8211; Artikel nr. 43335 type BDylf 457 passasjervogn med f\u00f8rerhus. Denne modellen er inspirert av den tyske f\u00f8derale jernbanen (DB) og er kjent for sin lette design og unike &#8216;Ocean Blue&#8217;\/elfenbensfargede fargeskjema. Dette er en trofast reproduksjon av den opprinnelige vognen fra 1984.<\/p>\n<h2>Funksjoner og h\u00f8ydepunkter<\/h2>\n<ul>\n<li>Reutgivelse med nytt vognnummer<\/li>\n<li>Inkluderer mfx digital dekoder<\/li>\n<li>Digitalt kontrollerte frontlys og markeringslys<\/li>\n<li>Fabrikkinstallert LED interi\u00f8rbelysning, digitalt styrt<\/li>\n<li>F\u00f8rerhusbelysning, digitalt styrt<\/li>\n<li>Str\u00f8mf\u00f8rende koblinger, digitalt styrt<\/li>\n<li>Interi\u00f8rbelysning for hele vognen kan kontrolleres digitalt med dekoder i f\u00f8rerhusvognen<\/li>\n<\/ul>\n<p>Modellen er rikt detaljert og har spesifikke underdeler som er tro mot vognens type. Den har gjennomsiktige, r\u00f8de markeringslys p\u00e5 enden av vognen uten f\u00f8rerhus og Minden-Deutz tunge lastebiler med doble bremsebelger. Vognen har ogs\u00e5 nedl\u00f8psr\u00f8r for toaletter og trykk-\/trekktoget kontrollinjer som er inkludert for presentasjon i et display.<\/p>\n<p>\u00d8nsker du \u00e5 utvide modelljernbanen din enda mer? Vi har matchende vogner tilgjengelig i M\u00e6rklin H0-sortimentet, du finner disse under varenumrene 43125 og 43165.<\/p>\n<p>Ta steget inn i en verden av realistisk modellbygging med Gauge H0 &#8211; Artikel nr. 43335 type BDylf 457 Passasjervogn med f\u00f8rerhus. Bestill n\u00e5 for \u00e5 bringe din modelljernbane til neste niv\u00e5.<\/p>","protected":false},"excerpt":{"rendered":"<p>Gauge H0 &#8211; Passasjervogn med f\u00f8rerhus og mfx digital dekoder. Perfekt tillegg til modelljernbanen for entusiaster som \u00f8nsker autentisk og detaljert modellbygging.<\/p>","protected":false},"featured_media":8058,"comment_status":"open","ping_status":"closed","template":"","meta":[],"product_brand":[107],"product_cat":[72],"product_tag":[],"class_list":{"0":"post-8059","1":"product","2":"type-product","3":"status-publish","4":"has-post-thumbnail","6":"product_brand-marklin","7":"product_cat-marklin-h0-originalen","9":"first","10":"instock","11":"taxable","12":"shipping-taxable","13":"purchasable","14":"product-type-simple"},"_links":{"self":[{"href":"https:\/\/bigfunhobby.com\/sv\/wp-json\/wp\/v2\/product\/8059","targetHints":{"allow":["GET"]}}],"collection":[{"href":"https:\/\/bigfunhobby.com\/sv\/wp-json\/wp\/v2\/product"}],"about":[{"href":"https:\/\/bigfunhobby.com\/sv\/wp-json\/wp\/v2\/types\/product"}],"replies":[{"embeddable":true,"href":"https:\/\/bigfunhobby.com\/sv\/wp-json\/wp\/v2\/comments?post=8059"}],"wp:featuredmedia":[{"embeddable":true,"href":"https:\/\/bigfunhobby.com\/sv\/wp-json\/wp\/v2\/media\/8058"}],"wp:attachment":[{"href":"https:\/\/bigfunhobby.com\/sv\/wp-json\/wp\/v2\/media?parent=8059"}],"wp:term":[{"taxonomy":"product_brand","embeddable":true,"href":"https:\/\/bigfunhobby.com\/sv\/wp-json\/wp\/v2\/product_brand?post=8059"},{"taxonomy":"product_cat","embeddable":true,"href":"https:\/\/bigfunhobby.com\/sv\/wp-json\/wp\/v2\/product_cat?post=8059"},{"taxonomy":"product_tag","embeddable":true,"href":"https:\/\/bigfunhobby.com\/sv\/wp-json\/wp\/v2\/product_tag?post=8059"}],"curies":[{"name":"wp","href":"https:\/\/api.w.org\/{rel}","templated":true}]}}