{"id":8065,"date":"2025-03-08T17:14:38","date_gmt":"2025-03-08T17:14:38","guid":{"rendered":"https:\/\/bigfunhobby.com\/butikk\/gauge-h0-article-no-46472-transfesa-tank-car-set\/"},"modified":"2025-12-04T10:59:25","modified_gmt":"2025-12-04T08:59:25","slug":"sparvidd-h0-art-nr-46472-transfesa-tankvagnssats","status":"publish","type":"product","link":"https:\/\/bigfunhobby.com\/sv\/butikk\/gauge-h0-article-no-46472-transfesa-tank-car-set\/","title":{"rendered":"Sp\u00e5rvidd H0 - Artikel nr 46472 Transfesa Tankvagnssats"},"content":{"rendered":"<p>Denna byggsats med tre 4-axliga kemikalietankvagnar av typ Zags \u00e4r ett utm\u00e4rkt komplement till alla modellj\u00e4rnv\u00e4gar. Dessa vagnar anv\u00e4ndes p\u00e5 Renfe\/Spanish State Railroad och \u00e4r registrerade i Spanien. De ger ett autentiskt intryck som de s\u00e5g ut 1999.<\/p>\n<p><strong>Specifikationer:<\/strong><\/p>\n<ul>\n<li>Detaljerad, delvis \u00f6ppen ram<\/li>\n<li>Yttre sidobalkar \u00e4r \"U\"-formade med \u00f6glebultar<\/li>\n<li>Lastbilschauff\u00f6ren \u00e4r av typ Y25<\/li>\n<li>Separat applicerade arbets- och bromsplattformar<\/li>\n<li>Individuella fordonsnummer<\/li>\n<li>Total l\u00e4ngd \u00f6ver buffertar \u00e4r cirka 44 cm<\/li>\n<li>DC-hjulsats E700580<\/li>\n<\/ul>\n<p>Denna byggsats erbjuder en unik m\u00f6jlighet att ut\u00f6ka din modellj\u00e4rnv\u00e4g med h\u00f6gkvalitativa kemikalietankvagnar. Satsen har skapats med uppm\u00e4rksamhet p\u00e5 detaljer och \u00e4kthet, vilket garanterar en realistisk och trov\u00e4rdig modell.<\/p>\n<p>Oavsett om du \u00e4r en erfaren modellbyggare eller nyb\u00f6rjare kommer det h\u00e4r kitet att ge dig timmar av kreativt n\u00f6je och en djupare f\u00f6rst\u00e5else f\u00f6r j\u00e4rnv\u00e4gshistoria.<\/p>\n<p>V\u00e4nta inte, ut\u00f6ka din modellj\u00e4rnv\u00e4g med denna realistiska kemikalietankbilssats. <strong>Boka nu!<\/strong><\/p>","protected":false},"excerpt":{"rendered":"<p>Imponerande byggsats med tre 4-axliga kemikalietankvagnar av typen Zags, registrerade i Spanien och i bruk p\u00e5 Renfe\/Spanish State Railroad. Perfekt f\u00f6r modellj\u00e4rnv\u00e4gsentusiaster.<\/p>","protected":false},"featured_media":8064,"comment_status":"open","ping_status":"closed","template":"","meta":[],"product_brand":[107],"product_cat":[72],"product_tag":[],"class_list":{"0":"post-8065","1":"product","2":"type-product","3":"status-publish","4":"has-post-thumbnail","6":"product_brand-marklin","7":"product_cat-marklin-h0-originalen","9":"first","10":"outofstock","11":"taxable","12":"shipping-taxable","13":"purchasable","14":"product-type-simple"},"_links":{"self":[{"href":"https:\/\/bigfunhobby.com\/sv\/wp-json\/wp\/v2\/product\/8065","targetHints":{"allow":["GET"]}}],"collection":[{"href":"https:\/\/bigfunhobby.com\/sv\/wp-json\/wp\/v2\/product"}],"about":[{"href":"https:\/\/bigfunhobby.com\/sv\/wp-json\/wp\/v2\/types\/product"}],"replies":[{"embeddable":true,"href":"https:\/\/bigfunhobby.com\/sv\/wp-json\/wp\/v2\/comments?post=8065"}],"wp:featuredmedia":[{"embeddable":true,"href":"https:\/\/bigfunhobby.com\/sv\/wp-json\/wp\/v2\/media\/8064"}],"wp:attachment":[{"href":"https:\/\/bigfunhobby.com\/sv\/wp-json\/wp\/v2\/media?parent=8065"}],"wp:term":[{"taxonomy":"product_brand","embeddable":true,"href":"https:\/\/bigfunhobby.com\/sv\/wp-json\/wp\/v2\/product_brand?post=8065"},{"taxonomy":"product_cat","embeddable":true,"href":"https:\/\/bigfunhobby.com\/sv\/wp-json\/wp\/v2\/product_cat?post=8065"},{"taxonomy":"product_tag","embeddable":true,"href":"https:\/\/bigfunhobby.com\/sv\/wp-json\/wp\/v2\/product_tag?post=8065"}],"curies":[{"name":"wp","href":"https:\/\/api.w.org\/{rel}","templated":true}]}}