{"id":8075,"date":"2025-03-08T17:14:41","date_gmt":"2025-03-08T17:14:41","guid":{"rendered":"https:\/\/bigfunhobby.com\/butikk\/gauge-h0-article-no-39377-class-101-electric-locomotive\/"},"modified":"2025-12-04T10:59:25","modified_gmt":"2025-12-04T08:59:25","slug":"sparvidd-h0-objekt-nr-39377-klass-101-elektriskt-lokomotiv","status":"publish","type":"product","link":"https:\/\/bigfunhobby.com\/sv\/butikk\/gauge-h0-article-no-39377-class-101-electric-locomotive\/","title":{"rendered":"Sp\u00e5rvidd H0 - Artikel nr 39377 Elektriskt lok klass 101"},"content":{"rendered":"<p><strong>Produktbeskrivning:<\/strong> Elektriskt lokomotiv klass 101 \"DAMPFBAHN-ROUTE Sachsen\" \u00e4r en detaljerad modellj\u00e4rnv\u00e4gstill\u00e4gg fr\u00e5n de tyska j\u00e4rnv\u00e4garna (DB AG). Denna modell \u00e4r utf\u00f6rd med lokets egenskaper som det ser ut 2022, med v\u00e4gnummer 101 088-3.<\/p>\n<h2 class='hdl-2 bottom-10'>H\u00f6jdpunkterna<\/h2>\n<ul class='list-style-disc'>\n<li>Centralt monterad motor med alla fyra drivaxlar.<\/li>\n<li>Kabinbelysning f\u00f6r ett mer realistiskt utseende.<\/li>\n<li>Kopplingar med styrmekanism.<\/li>\n<li>mfx+ digital avkodare f\u00f6r avancerade ljudfunktioner.<\/li>\n<\/ul>\n<p class='long-text'><strong>Modellspecifikationer:<\/strong> Detta skalenliga modellok har en digital mfx+-dekoder och omfattande ljudfunktioner. Det har ocks\u00e5 kontrollerad h\u00f6geffektiv framdrivning. Fyra drivaxlar s\u00e4kerst\u00e4ller god stabilitet och dragkraft. T\u00e5gets belysning \u00e4ndras med k\u00f6rriktningen och kan styras digitalt. L\u00e5ngdistansstr\u00e5lkastarna kan styras separat. \u00c4ven hyttbelysningen kan styras, vilket ger en st\u00f6rre k\u00e4nsla av realism. Lokomotivets l\u00e4ngd \u00e4r 21,9 cm.<\/p>\n<p>I samarbete med Dampfbahn-Route Sachsen har denna modell noggrant utformats f\u00f6r att efterlikna det verkliga loket in i minsta detalj. F\u00f6r den som f\u00f6redrar likstr\u00f6msversioner finns en liknande modell i Trix H0-sortimentet under artikelnummer 25377.<\/p>\n<p>Det h\u00e4r \u00e4r ett perfekt val f\u00f6r b\u00e5de nyb\u00f6rjare och erfarna modellj\u00e4rnv\u00e4gsentusiaster. Oavsett om du bygger ut din befintliga j\u00e4rnv\u00e4g eller startar en ny, \u00e4r det h\u00e4r loket ett utm\u00e4rkt tillskott till din samling. S\u00e5 varf\u00f6r v\u00e4nta? <strong>K\u00f6p nu<\/strong> och ta din modellj\u00e4rnv\u00e4g till n\u00e4sta niv\u00e5!<\/p>","protected":false},"excerpt":{"rendered":"<p>Klassiskt ellok i skala H0, modell 39377 Class 101, med detaljer som hyttbelysning och fyra drivande axlar. Perfekt komplement till alla modellj\u00e4rnv\u00e4gar.<\/p>","protected":false},"featured_media":8074,"comment_status":"open","ping_status":"closed","template":"","meta":[],"product_brand":[107],"product_cat":[114,72],"product_tag":[],"class_list":{"0":"post-8075","1":"product","2":"type-product","3":"status-publish","4":"has-post-thumbnail","6":"product_brand-marklin","7":"product_cat-locomotives","8":"product_cat-marklin-h0-originalen","10":"first","11":"instock","12":"taxable","13":"shipping-taxable","14":"purchasable","15":"product-type-simple"},"_links":{"self":[{"href":"https:\/\/bigfunhobby.com\/sv\/wp-json\/wp\/v2\/product\/8075","targetHints":{"allow":["GET"]}}],"collection":[{"href":"https:\/\/bigfunhobby.com\/sv\/wp-json\/wp\/v2\/product"}],"about":[{"href":"https:\/\/bigfunhobby.com\/sv\/wp-json\/wp\/v2\/types\/product"}],"replies":[{"embeddable":true,"href":"https:\/\/bigfunhobby.com\/sv\/wp-json\/wp\/v2\/comments?post=8075"}],"wp:featuredmedia":[{"embeddable":true,"href":"https:\/\/bigfunhobby.com\/sv\/wp-json\/wp\/v2\/media\/8074"}],"wp:attachment":[{"href":"https:\/\/bigfunhobby.com\/sv\/wp-json\/wp\/v2\/media?parent=8075"}],"wp:term":[{"taxonomy":"product_brand","embeddable":true,"href":"https:\/\/bigfunhobby.com\/sv\/wp-json\/wp\/v2\/product_brand?post=8075"},{"taxonomy":"product_cat","embeddable":true,"href":"https:\/\/bigfunhobby.com\/sv\/wp-json\/wp\/v2\/product_cat?post=8075"},{"taxonomy":"product_tag","embeddable":true,"href":"https:\/\/bigfunhobby.com\/sv\/wp-json\/wp\/v2\/product_tag?post=8075"}],"curies":[{"name":"wp","href":"https:\/\/api.w.org\/{rel}","templated":true}]}}