{"id":8077,"date":"2025-03-08T17:14:42","date_gmt":"2025-03-08T17:14:42","guid":{"rendered":"https:\/\/bigfunhobby.com\/butikk\/br-89-gauge-h0-article-no-29133-marklin-start-up-my-start-with-marklin-digital-starter-set\/"},"modified":"2025-12-04T10:59:25","modified_gmt":"2025-12-04T08:59:25","slug":"br-89-gauge-h0-artikelnr-29133-marklin-start-up-my-start-with-marklin-digital-starter-set","status":"publish","type":"product","link":"https:\/\/bigfunhobby.com\/sv\/butikk\/br-89-gauge-h0-article-no-29133-marklin-start-up-my-start-with-marklin-digital-starter-set\/","title":{"rendered":"BR 89 | Gauge H0 - artikelnr 29133 M\u00e4rklin Start up - \"My Start with M\u00e4rklin\" Digital startsats"},"content":{"rendered":"<p>F\u00f6lj med p\u00e5 en sp\u00e4nnande resa in i modellj\u00e4rnv\u00e4gens v\u00e4rld med BR 89 | Gauge H0 - M\u00e4rklin Start up - \"My start with M\u00e4rklin\" Digital Starter Set. Detta kit \u00e4r en perfekt introduktion till modellbygge och kombinerar lek med de tekniska finesserna hos en modellj\u00e4rnv\u00e4g.<\/p>\n<p><strong>Prototyp:<\/strong> Tanklok, typ Kklm 505 med l\u00e5g sidovagn f\u00f6r transport av en bulldozer och en dumper.<\/p>\n<h2>H\u00f6jdpunkterna<\/h2>\n<ul>\n<li>Robust t\u00e5g - passar utm\u00e4rkt f\u00f6r barn \u00f6ver 6 \u00e5r och vuxna entusiaster.<\/li>\n<li>Stridsvagnslok med digital dekoder och str\u00e5lkastare.<\/li>\n<li>Dumpern kan tippas p\u00e5 b\u00e5da sidor.<\/li>\n<li>Avtagbar bulldozer f\u00f6r extra lekm\u00f6jligheter.<\/li>\n<li>Ergonomisk M\u00e4rklin Power Control Stick f\u00f6r styrning av upp till 4 lok och 5 funktioner.<\/li>\n<li>Frihet att flytta runt i layouten tack vare den tr\u00e5dl\u00f6sa IR-kontrollen.<\/li>\n<li>C-sp\u00e5r layout l\u00e4tt att s\u00e4tta upp.<\/li>\n<\/ul>\n<p>Det barnsliga tanklokomotivet \u00e4r kraftfullt och kan styras exakt i olika hastigheter tack vare M\u00e4rklin Power Control Stick. En dumper som kan tippas \u00e5t b\u00e5da h\u00e5llen och bulldozern som last f\u00f6r den l\u00e5ga vagnen ger ytterligare lekm\u00f6jligheter.<\/p>\n<p>F\u00f6rutom t\u00e5g och last ing\u00e5r M\u00e4rklin Power Control Stick f\u00f6r barn, n\u00f6dv\u00e4ndiga batterier och all r\u00e4ls f\u00f6r en 112 x 76 cm stor sp\u00e5ranl\u00e4ggning.<\/p>\n<p>Uppt\u00e4ck gl\u00e4djen med modellbygge med denna omfattande byggsats. Perfekt f\u00f6r b\u00e5de nyb\u00f6rjare och erfarna modellj\u00e4rnv\u00e4gsentusiaster. K\u00f6p detta kit idag och b\u00f6rja ditt modellj\u00e4rnv\u00e4gs\u00e4ventyr!<\/p>","protected":false},"excerpt":{"rendered":"<p>BR 89 | Gauge H0 - M\u00e4rklin Start up - \"My start with M\u00e4rklin\" Digital Starter Set \u00e4r det perfekta byggsetet f\u00f6r modellj\u00e4rnv\u00e4gsentusiaster. Setet inneh\u00e5ller ett stridsvagnslok med digital avkodare, tv\u00e5 godsvagnar och en ergonomisk Power Control Stick.<\/p>","protected":false},"featured_media":8076,"comment_status":"open","ping_status":"closed","template":"","meta":[],"product_brand":[107],"product_cat":[72,113],"product_tag":[],"class_list":{"0":"post-8077","1":"product","2":"type-product","3":"status-publish","4":"has-post-thumbnail","6":"product_brand-marklin","7":"product_cat-marklin-h0-originalen","8":"product_cat-startersets","10":"first","11":"instock","12":"taxable","13":"shipping-taxable","14":"purchasable","15":"product-type-simple"},"_links":{"self":[{"href":"https:\/\/bigfunhobby.com\/sv\/wp-json\/wp\/v2\/product\/8077","targetHints":{"allow":["GET"]}}],"collection":[{"href":"https:\/\/bigfunhobby.com\/sv\/wp-json\/wp\/v2\/product"}],"about":[{"href":"https:\/\/bigfunhobby.com\/sv\/wp-json\/wp\/v2\/types\/product"}],"replies":[{"embeddable":true,"href":"https:\/\/bigfunhobby.com\/sv\/wp-json\/wp\/v2\/comments?post=8077"}],"wp:featuredmedia":[{"embeddable":true,"href":"https:\/\/bigfunhobby.com\/sv\/wp-json\/wp\/v2\/media\/8076"}],"wp:attachment":[{"href":"https:\/\/bigfunhobby.com\/sv\/wp-json\/wp\/v2\/media?parent=8077"}],"wp:term":[{"taxonomy":"product_brand","embeddable":true,"href":"https:\/\/bigfunhobby.com\/sv\/wp-json\/wp\/v2\/product_brand?post=8077"},{"taxonomy":"product_cat","embeddable":true,"href":"https:\/\/bigfunhobby.com\/sv\/wp-json\/wp\/v2\/product_cat?post=8077"},{"taxonomy":"product_tag","embeddable":true,"href":"https:\/\/bigfunhobby.com\/sv\/wp-json\/wp\/v2\/product_tag?post=8077"}],"curies":[{"name":"wp","href":"https:\/\/api.w.org\/{rel}","templated":true}]}}