{"id":8079,"date":"2025-03-08T17:14:43","date_gmt":"2025-03-08T17:14:43","guid":{"rendered":"https:\/\/bigfunhobby.com\/butikk\/gauge-h0-article-no-29469-modern-switching-operations-digital-starter-set\/"},"modified":"2025-12-04T10:59:25","modified_gmt":"2025-12-04T08:59:25","slug":"gauge-h0-article-no-29469-modern-switching-operations-digital-starter-set","status":"publish","type":"product","link":"https:\/\/bigfunhobby.com\/sv\/butikk\/gauge-h0-article-no-29469-modern-switching-operations-digital-starter-set\/","title":{"rendered":"Gauge H0 &#8211; Article No. 29469 &laquo;Modern Switching Operations&raquo; Digital Starter Set"},"content":{"rendered":"<p>Vent deg en engasjerende hobbyopplevelse med Gauge H0 &#8216;Moderne Skiftende Operasjoner&#8217; Digital Starter Set. Dette settet tar med deg p\u00e5 en reise inn i den digitale verdenen av M&auml;rklin H0, med en DHG 700 C diesellokomotivmodell og tre forskjellige godsvogner. DHG 700 C symboliserer et dieselelektrisk lokomotiv med universell akseldrift, omtrent 700 hestekrefter og 3 sett med drivhjul. Dette lokomotivet ble produsert av Henschel mellom 1973 og 1985, og ble hovedsakelig brukt innen gruvedrift, st\u00e5lproduksjon, kjemiske selskaper og bilprodusenter.<\/p>\n<ul>\n<li>Ideell for \u00e5 komme i gang med den digitale verdenen av M&auml;rklin H0.<\/li>\n<li>Lokomotivet har innebygd mfx digital dekoder som automatisk registrerer seg i Mobile Station.<\/li>\n<li>Lokomotivet inkluderer digitalt kontrollerte lys- og lydfunksjoner for enda mer spillopplevelse.<\/li>\n<li>Enkel \u00e5 sette opp med C-skinnelayout.<\/li>\n<\/ul>\n<p><strong>Modellspecifikationer:<\/strong> Lokomotivet har en mfx digital dekoder og en rekke lydfunksjoner. 1 aksel drevet. Friksjonsdekk. De triple frontlysene endrer seg med kj\u00f8reretningen, vil fungere i konvensjonell drift, og kan styres digitalt. Det er et blinkende lys p\u00e5 f\u00f8rerhuset, som ogs\u00e5 kan styres digitalt. Lokomotivet har koblingskroker. Toget er ca. 49.9 cm langt.<\/p>\n<p><strong>Innhold:<\/strong> Settet inneholder 12 nr. 24130 buede skinner, 4 nr. 24172 rette skinner, og 4 nr. 24188 rette skinner. En sporforbindelsesboks, et 230 volt \/ 36 VA str\u00f8mforsyning, og en Mobile Station er inkludert. Et illustrert instruksjonshefte med mange tips og ideer er inkludert i dette settet. Settet kan utvides med C Track-utvidelsessettene og hele C Track-programmet.<\/p>\n<p>La Gauge H0 &#8216;Moderne Skiftende Operasjoner&#8217; Digital Starter Set v\u00e6re ditt f\u00f8rste skritt inn i den fascinerende verdenen av modelljernbanebygging. Perfekt for b\u00e5de nybegynnere og erfarne entusiaster, dette settet tilbyr timer med kreativitet og moro. Kj\u00f8p ditt sett i dag og start din reise inn i modelljernbanens verden.<\/p>","protected":false},"excerpt":{"rendered":"<p>Gj\u00f8r deg klar for en realistisk modelljernbaneopplevelse med Gauge H0 Digital Starter Set. Dette byggesettet inkluderer en DHG 700 C diesellokomotivmodell og tre forskjellige godsvogner, perfekt for b\u00e5de nybegynnere og erfarne entusiaster.<\/p>","protected":false},"featured_media":8078,"comment_status":"open","ping_status":"closed","template":"","meta":[],"product_brand":[107],"product_cat":[72,113],"product_tag":[],"class_list":{"0":"post-8079","1":"product","2":"type-product","3":"status-publish","4":"has-post-thumbnail","6":"product_brand-marklin","7":"product_cat-marklin-h0-originalen","8":"product_cat-startersets","10":"first","11":"instock","12":"taxable","13":"shipping-taxable","14":"purchasable","15":"product-type-simple"},"_links":{"self":[{"href":"https:\/\/bigfunhobby.com\/sv\/wp-json\/wp\/v2\/product\/8079","targetHints":{"allow":["GET"]}}],"collection":[{"href":"https:\/\/bigfunhobby.com\/sv\/wp-json\/wp\/v2\/product"}],"about":[{"href":"https:\/\/bigfunhobby.com\/sv\/wp-json\/wp\/v2\/types\/product"}],"replies":[{"embeddable":true,"href":"https:\/\/bigfunhobby.com\/sv\/wp-json\/wp\/v2\/comments?post=8079"}],"wp:featuredmedia":[{"embeddable":true,"href":"https:\/\/bigfunhobby.com\/sv\/wp-json\/wp\/v2\/media\/8078"}],"wp:attachment":[{"href":"https:\/\/bigfunhobby.com\/sv\/wp-json\/wp\/v2\/media?parent=8079"}],"wp:term":[{"taxonomy":"product_brand","embeddable":true,"href":"https:\/\/bigfunhobby.com\/sv\/wp-json\/wp\/v2\/product_brand?post=8079"},{"taxonomy":"product_cat","embeddable":true,"href":"https:\/\/bigfunhobby.com\/sv\/wp-json\/wp\/v2\/product_cat?post=8079"},{"taxonomy":"product_tag","embeddable":true,"href":"https:\/\/bigfunhobby.com\/sv\/wp-json\/wp\/v2\/product_tag?post=8079"}],"curies":[{"name":"wp","href":"https:\/\/api.w.org\/{rel}","templated":true}]}}