{"id":8081,"date":"2025-03-08T17:14:43","date_gmt":"2025-03-08T17:14:43","guid":{"rendered":"https:\/\/bigfunhobby.com\/butikk\/gauge-h0-article-no-29345-marklin-my-world-batman-starter-set-ice\/"},"modified":"2025-12-04T10:59:25","modified_gmt":"2025-12-04T08:59:25","slug":"sparvidd-h0-art-nr-29345-marklin-my-world-batman-startset-is","status":"publish","type":"product","link":"https:\/\/bigfunhobby.com\/sv\/butikk\/gauge-h0-article-no-29345-marklin-my-world-batman-starter-set-ice\/","title":{"rendered":"Sp\u00e5rvidd H0 - Artikel nr 29345 M\u00e4rklin min v\u00e4rld - \"Batman\" Startset ICE"},"content":{"rendered":"<p>Dyk in i Batmans v\u00e4rld med det h\u00e4r sp\u00e4nnande startsetet fr\u00e5n M\u00e4rklin my world. Setet har en unik Batman-design och ger b\u00e5de nyb\u00f6rjare och erfarna entusiaster m\u00f6jlighet att bygga sin egen modellj\u00e4rnv\u00e4g.<\/p>\n<h2>H\u00f6jdpunkterna<\/h2>\n<ul>\n<li>Unik t\u00e5gdesign fr\u00e5n Batmans och Gotham Citys v\u00e4rld<\/li>\n<li>Fantastiska lekstunder med M\u00e4rklin my world elevated railway och lek p\u00e5 tv\u00e5 niv\u00e5er<\/li>\n<li>T\u00e5g med ljus- och ljudfunktioner<\/li>\n<li>Enkel man\u00f6vrering f\u00f6r barn med M\u00e4rklin Power Control Stick<\/li>\n<li>Enkel anslutning av vagnarna med magnetkopplingar<\/li>\n<li>Solid plastskena utformad f\u00f6r barn f\u00f6r snabb uppst\u00e4llning och nedtagning<\/li>\n<\/ul>\n<p><strong>Modell:<\/strong> T\u00e5get drivs med batteri och har magnetkopplingar mellan de enskilda t\u00e5gdelarna. T\u00e5get har tre hastighetsniv\u00e5er fram\u00e5t och bak\u00e5t, tre ljudfunktioner och dragande str\u00e5lkastare. Alla dessa funktioner kan styras med den tr\u00e5dl\u00f6sa, infrar\u00f6da t\u00e5gkontrollen M\u00e4rklin Power Control Stick, som \u00e4r utformad f\u00f6r barn. T\u00e5get \u00e4r 41 cm l\u00e5ngt.<\/p>\n<p>I startpaketet ing\u00e5r ocks\u00e5 byggklossar f\u00f6r att skapa M\u00e4rklin my world h\u00f6gbana. Med dessa kan t\u00e5get g\u00e5 fr\u00e5n niv\u00e5 0 till niv\u00e5 1, och det ger m\u00f6jlighet att bygga j\u00e4rnv\u00e4gspelare p\u00e5 olika h\u00f6jder. Inneh\u00e5llet i setet \u00e4r 12 b\u00f6jda plastskenor, 12 raka plastskenor, 72 byggklossar f\u00f6r j\u00e4rnv\u00e4gspelare och 14 adapterklossar f\u00f6r montering av sp\u00e5ren. Alla delar \u00e4r tillverkade av robust plast, utformad f\u00f6r barn. Dessutom ing\u00e5r ett ark med klisterm\u00e4rken med Batman-tema f\u00f6r att dekorera t\u00e5get och pelarna.<\/p>\n<p>T\u00e5get kan k\u00f6ras med tv\u00e5 olika frekvenser (S\/T), vilket g\u00f6r det m\u00f6jligt att l\u00e4gga till ett extra My World-t\u00e5g. Setet kan byggas ut med 23302 plastskenor h\u00f6gbana f\u00f6rl\u00e4ngningsset.<\/p>\n<p>F\u00f6lj med p\u00e5 en sp\u00e4nnande t\u00e5gresa genom Gotham Citys v\u00e4rld. <strong>K\u00f6p din M\u00e4rklin my world 'Batman' startsats idag!<\/strong><\/p>","protected":false},"excerpt":{"rendered":"<p>Uppt\u00e4ck M\u00e4rklin my world 'Batman' startset i skala H0. Detta unika set erbjuder en sp\u00e4nnande t\u00e5gresa med ljus- och ljudfunktioner och en solid plastbana utformad f\u00f6r barn.<\/p>","protected":false},"featured_media":8080,"comment_status":"open","ping_status":"closed","template":"","meta":[],"product_brand":[107],"product_cat":[72,113],"product_tag":[],"class_list":{"0":"post-8081","1":"product","2":"type-product","3":"status-publish","4":"has-post-thumbnail","6":"product_brand-marklin","7":"product_cat-marklin-h0-originalen","8":"product_cat-startersets","10":"first","11":"outofstock","12":"taxable","13":"shipping-taxable","14":"purchasable","15":"product-type-simple"},"_links":{"self":[{"href":"https:\/\/bigfunhobby.com\/sv\/wp-json\/wp\/v2\/product\/8081","targetHints":{"allow":["GET"]}}],"collection":[{"href":"https:\/\/bigfunhobby.com\/sv\/wp-json\/wp\/v2\/product"}],"about":[{"href":"https:\/\/bigfunhobby.com\/sv\/wp-json\/wp\/v2\/types\/product"}],"replies":[{"embeddable":true,"href":"https:\/\/bigfunhobby.com\/sv\/wp-json\/wp\/v2\/comments?post=8081"}],"wp:featuredmedia":[{"embeddable":true,"href":"https:\/\/bigfunhobby.com\/sv\/wp-json\/wp\/v2\/media\/8080"}],"wp:attachment":[{"href":"https:\/\/bigfunhobby.com\/sv\/wp-json\/wp\/v2\/media?parent=8081"}],"wp:term":[{"taxonomy":"product_brand","embeddable":true,"href":"https:\/\/bigfunhobby.com\/sv\/wp-json\/wp\/v2\/product_brand?post=8081"},{"taxonomy":"product_cat","embeddable":true,"href":"https:\/\/bigfunhobby.com\/sv\/wp-json\/wp\/v2\/product_cat?post=8081"},{"taxonomy":"product_tag","embeddable":true,"href":"https:\/\/bigfunhobby.com\/sv\/wp-json\/wp\/v2\/product_tag?post=8081"}],"curies":[{"name":"wp","href":"https:\/\/api.w.org\/{rel}","templated":true}]}}