{"id":8083,"date":"2025-03-08T17:14:44","date_gmt":"2025-03-08T17:14:44","guid":{"rendered":"https:\/\/bigfunhobby.com\/butikk\/gauge-h0-article-no-29346-marklin-my-world-construction-site-starter-set\/"},"modified":"2025-12-04T10:59:25","modified_gmt":"2025-12-04T08:59:25","slug":"gauge-h0-article-no-29346-marklin-my-world-construction-site-starter-set","status":"publish","type":"product","link":"https:\/\/bigfunhobby.com\/sv\/butikk\/gauge-h0-article-no-29346-marklin-my-world-construction-site-starter-set\/","title":{"rendered":"Gauge H0 &#8211; Article No. 29346 M\u00e4rklin my world \u2013 &laquo;Construction Site&raquo; Starter Set"},"content":{"rendered":"<p>Gauge H0 &#8211; 29346 M\u00e4rklin my world \u2013 &#8216;Construction Site&#8217; Starter Set er det perfekte byggesettet for b\u00e5de nybegynnere og erfarne modelltogentusiaster. Denne realistiske modelljernbanen er designet med oppmerksomhet p\u00e5 detaljer og vil gi timesvis med byggemoro og lekeglede.<\/p>\n<ul>\n<li>Enkel man\u00f6vrering f\u00f6r barn med M\u00e4rklin Power Control Stick<\/li>\n<li>Rask lading av lokomotivet med oppladbart batteri og USB-ladekabel<\/li>\n<li>Spennende konstruksjonslyder og lys inkludert<\/li>\n<li>Arbeidende lastbiler for lasting og lossing<\/li>\n<li>Sementblander med roterende beholder som kan \u00e5pnes, inkludert sm\u00e5 baller som last<\/li>\n<li>Byggeplasskj\u00f8ret\u00f8y inkludert<\/li>\n<li>4-delt tog p\u00e5 48 cm lang<\/li>\n<li>Passer med &#8216;Construction Site&#8217; temaverden<\/li>\n<\/ul>\n<p>Modellen har et flott konstruksjonsdesign. Lokomotivet har en batteridrevet kj\u00f8ring og en magnetisk kobling p\u00e5 baksiden. Motoren, det oppladbare batteriet og all elektronikken er designet for \u00e5 v\u00e6re utilgjengelig for barn. Lokomotivet kan lades opp med ladekabelen som f\u00f8lger med settet. Lokomotivet har 3 hastighetsniv\u00e5er i b\u00e5de fremover og bakover, 3 lydfunksjoner og trippel frontlys som kan kontrolleres med M\u00e4rklin Power Control Stick som er designet for barn. Togsettet kan opereres med 2 forskjellige frekvenser, slik at et annet batteridrevet tog kan opereres med dette settet samtidig.<\/p>\n<p>Settet inneholder 13 deler av buet plastspor, 6 deler av rett plastspor, 1 venstresving, 1 sporst\u00f8tfanger og en tr\u00e5dl\u00f8s, brukervennlig M\u00e4rklin Power Control Stick. En USB-ladekabel for lokomotivet og 2 AAA-batterier for kontrolleren er inkludert i dette settet.<\/p>\n<p>Enten du er en erfaren modellbygger eller nybegynner, vil dette byggesettet gi deg en autentisk modelljernbaneopplevelse. Utforsk v\u00e5r nettbutikk for flere modelljernbane- og byggesettprodukter. Kj\u00f8p Gauge H0 &#8211; 29346 M\u00e4rklin my world \u2013 &#8216;Construction Site&#8217; Starter Set n\u00e5 og start ditt modelljernbaneeventyr!<\/p>\n<p>&#8216;<\/p>","protected":false},"excerpt":{"rendered":"<p>Byggesettet Gauge H0 &#8211; 29346 M\u00e4rklin my world &#8211; &#8216;Construction Site&#8217; starter sett inneholder en detaljert konstruksjonstogmodell med ladbart batteri, lyd- og lysfunksjoner, samt arbeidende lastbiler for lasting og lossing.&#8217;<\/p>","protected":false},"featured_media":8082,"comment_status":"open","ping_status":"closed","template":"","meta":[],"product_brand":[107],"product_cat":[72,113],"product_tag":[],"class_list":{"0":"post-8083","1":"product","2":"type-product","3":"status-publish","4":"has-post-thumbnail","6":"product_brand-marklin","7":"product_cat-marklin-h0-originalen","8":"product_cat-startersets","10":"first","11":"outofstock","12":"taxable","13":"shipping-taxable","14":"purchasable","15":"product-type-simple"},"_links":{"self":[{"href":"https:\/\/bigfunhobby.com\/sv\/wp-json\/wp\/v2\/product\/8083","targetHints":{"allow":["GET"]}}],"collection":[{"href":"https:\/\/bigfunhobby.com\/sv\/wp-json\/wp\/v2\/product"}],"about":[{"href":"https:\/\/bigfunhobby.com\/sv\/wp-json\/wp\/v2\/types\/product"}],"replies":[{"embeddable":true,"href":"https:\/\/bigfunhobby.com\/sv\/wp-json\/wp\/v2\/comments?post=8083"}],"wp:featuredmedia":[{"embeddable":true,"href":"https:\/\/bigfunhobby.com\/sv\/wp-json\/wp\/v2\/media\/8082"}],"wp:attachment":[{"href":"https:\/\/bigfunhobby.com\/sv\/wp-json\/wp\/v2\/media?parent=8083"}],"wp:term":[{"taxonomy":"product_brand","embeddable":true,"href":"https:\/\/bigfunhobby.com\/sv\/wp-json\/wp\/v2\/product_brand?post=8083"},{"taxonomy":"product_cat","embeddable":true,"href":"https:\/\/bigfunhobby.com\/sv\/wp-json\/wp\/v2\/product_cat?post=8083"},{"taxonomy":"product_tag","embeddable":true,"href":"https:\/\/bigfunhobby.com\/sv\/wp-json\/wp\/v2\/product_tag?post=8083"}],"curies":[{"name":"wp","href":"https:\/\/api.w.org\/{rel}","templated":true}]}}