{"id":8085,"date":"2025-03-08T17:14:44","date_gmt":"2025-03-08T17:14:44","guid":{"rendered":"https:\/\/bigfunhobby.com\/butikk\/gauge-h0-article-no-43739-add-on-car-set\/"},"modified":"2025-12-04T10:59:25","modified_gmt":"2025-12-04T08:59:25","slug":"gauge-h0-article-no-43739-add-on-car-set","status":"publish","type":"product","link":"https:\/\/bigfunhobby.com\/sv\/butikk\/gauge-h0-article-no-43739-add-on-car-set\/","title":{"rendered":"Gauge H0 &#8211; Article No. 43739 Add-On Car Set"},"content":{"rendered":"<p>Utforsk verden av modelljernbane med Gauge H0 &#8211; Artikkel nr. 43739 Add-On Car Set. Dette settet er den ideelle utvidelsen for \u00e5 modellere den tyske jernbanen ICE 3 (DB AG) Tz 304, &#8216;Railbow&#8217;, slik den s\u00e5 ut fra juli 2021.<\/p>\n<h2>Produkth\u00f8ydepunkter<\/h2>\n<ul>\n<li>LED-belysning allerede installert i interi\u00f8ret.<\/li>\n<li>Spesiallagde n\u00e6re koblinger med styremekanismer.<\/li>\n<li>Utviklet for n\u00f8yaktig gjengivelse av Tz 304.<\/li>\n<\/ul>\n<p><strong>Modellspecifikationer:<\/strong> Dette settet best\u00e5r av tre mellomvogner som er tilleggssett for 37784 ICE 3. Alle vognene er utstyrt med LED interi\u00f8rbelysning, som f\u00e5r str\u00f8m fra den kontinuerlige elektriske tilkoblingen gjennom hele toget. Total lengde er 83.7 cm.<\/p>\n<p>Med dette settet kan du utvide 37784 grunnpakken til en prototypisk 8-delt enhet. Dette modellsettet kan du ogs\u00e5 finne under varenummeret 23391 i Trix H0-sortimentet.<\/p>\n<p>Nyt gleden av modellbygging og dykk dypere inn i verden av modelljernbane. Enten du er en erfaren entusiast eller en nybegynner, vil du finne dette produktet b\u00e5de utfordrende og givende. S\u00e5 hvorfor vente? Begynn din reise inn i modelljernbaneverdenen i dag. <strong>Boka nu!<\/strong><\/p>","protected":false},"excerpt":{"rendered":"<p>Utvid samlingen din med Gauge H0 &#8211; Artikkel nr. 43739 Add-On Car Set. Perfekt for modelljernbaneentusiaster som \u00f8nsker en n\u00f8yaktig gjengivelse av den tyske jernbanen ICE 3.<\/p>","protected":false},"featured_media":8084,"comment_status":"open","ping_status":"closed","template":"","meta":[],"product_brand":[107],"product_cat":[72],"product_tag":[],"class_list":{"0":"post-8085","1":"product","2":"type-product","3":"status-publish","4":"has-post-thumbnail","6":"product_brand-marklin","7":"product_cat-marklin-h0-originalen","9":"first","10":"outofstock","11":"taxable","12":"shipping-taxable","13":"purchasable","14":"product-type-simple"},"_links":{"self":[{"href":"https:\/\/bigfunhobby.com\/sv\/wp-json\/wp\/v2\/product\/8085","targetHints":{"allow":["GET"]}}],"collection":[{"href":"https:\/\/bigfunhobby.com\/sv\/wp-json\/wp\/v2\/product"}],"about":[{"href":"https:\/\/bigfunhobby.com\/sv\/wp-json\/wp\/v2\/types\/product"}],"replies":[{"embeddable":true,"href":"https:\/\/bigfunhobby.com\/sv\/wp-json\/wp\/v2\/comments?post=8085"}],"wp:featuredmedia":[{"embeddable":true,"href":"https:\/\/bigfunhobby.com\/sv\/wp-json\/wp\/v2\/media\/8084"}],"wp:attachment":[{"href":"https:\/\/bigfunhobby.com\/sv\/wp-json\/wp\/v2\/media?parent=8085"}],"wp:term":[{"taxonomy":"product_brand","embeddable":true,"href":"https:\/\/bigfunhobby.com\/sv\/wp-json\/wp\/v2\/product_brand?post=8085"},{"taxonomy":"product_cat","embeddable":true,"href":"https:\/\/bigfunhobby.com\/sv\/wp-json\/wp\/v2\/product_cat?post=8085"},{"taxonomy":"product_tag","embeddable":true,"href":"https:\/\/bigfunhobby.com\/sv\/wp-json\/wp\/v2\/product_tag?post=8085"}],"curies":[{"name":"wp","href":"https:\/\/api.w.org\/{rel}","templated":true}]}}