{"id":8099,"date":"2025-03-08T17:14:47","date_gmt":"2025-03-08T17:14:47","guid":{"rendered":"https:\/\/bigfunhobby.com\/butikk\/gauge-g-article-no-70503-construction-site-starter-set\/"},"modified":"2025-12-04T10:59:25","modified_gmt":"2025-12-04T08:59:25","slug":"matare-g-art-nr-70503-startset-for-byggarbetsplats","status":"publish","type":"product","link":"https:\/\/bigfunhobby.com\/sv\/butikk\/gauge-g-article-no-70503-construction-site-starter-set\/","title":{"rendered":"M\u00e4tare G - Art.nr 70503 Startset f\u00f6r byggarbetsplats"},"content":{"rendered":"<p>Om du vill komma ig\u00e5ng med modellj\u00e4rnv\u00e4gar \u00e4r Gauge G - Art.nr 70503 Construction Site Starter Set ett utm\u00e4rkt val. Med denna byggsats f\u00e5r b\u00e5de nyb\u00f6rjare och erfarna entusiaster en autentisk modellj\u00e4rnv\u00e4gsupplevelse.<\/p>\n<ul>\n<li>Lokomotivet har en kraftfull motor och \u00e4r utrustat med en upplyst str\u00e5lkastare<\/li>\n<li>Dumpern kan lastas och lossas f\u00f6r realistiska lekar<\/li>\n<li>Ett ark med klisterm\u00e4rken ing\u00e5r, s\u00e5 att du kan designa tv\u00e5 olika typer av bokst\u00e4ver<\/li>\n<\/ul>\n<p>Detta startset inneh\u00e5ller ett byggarbetsplatst\u00e5g som best\u00e5r av ett tanklokomotiv, en l\u00e5gsidevagn och en tippvagn. Loket drivs av en kraftfull motor och har en sj\u00e4lvlysande str\u00e5lkastare. De medf\u00f6ljande klisterm\u00e4rkena kan anv\u00e4ndas f\u00f6r att dekorera loket och de b\u00e5da vagnarna. Satsen inneh\u00e5ller ocks\u00e5 en komplett sp\u00e5rcirkel, en 230-volts str\u00f6mf\u00f6rs\u00f6rjning och en lokkontroll. T\u00e5gl\u00e4ngden \u00e4r 68 cm \/ 26-3\/4\u2032.<\/p>\n<p>F\u00f6r den som vill bygga ut sin modellj\u00e4rnv\u00e4g finns en till\u00e4ggssats med ytterligare en dumper, en motorskopa och byggplatstillbeh\u00f6r under artikelnummer 49501.<\/p>\n<p>B\u00f6rja modellera och skapa din egen lilla v\u00e4rld med den h\u00e4r fantastiska byggsatsen. Perfekt f\u00f6r b\u00e5de vuxna och barn som \u00e4r intresserade av modellj\u00e4rnv\u00e4gar. Best\u00e4ll din Gauge G - Art.nr. 70503 Construction Site Starter Set idag och l\u00e5t modelleringen b\u00f6rja!<\/p>","protected":false},"excerpt":{"rendered":"<p>Byggsats f\u00f6r modellj\u00e4rnv\u00e4g, sp\u00e5rvidd G - Art.nr 70503 Byggplats Startsats. Komplett set med lokomotiv med belysning, tippvagn, r\u00e4ls och str\u00f6mf\u00f6rs\u00f6rjning.<\/p>","protected":false},"featured_media":8098,"comment_status":"open","ping_status":"closed","template":"","meta":[],"product_brand":[108],"product_cat":[74],"product_tag":[],"class_list":{"0":"post-8099","1":"product","2":"type-product","3":"status-publish","4":"has-post-thumbnail","6":"product_brand-lgb","7":"product_cat-lgb","9":"first","10":"instock","11":"taxable","12":"shipping-taxable","13":"purchasable","14":"product-type-simple"},"_links":{"self":[{"href":"https:\/\/bigfunhobby.com\/sv\/wp-json\/wp\/v2\/product\/8099","targetHints":{"allow":["GET"]}}],"collection":[{"href":"https:\/\/bigfunhobby.com\/sv\/wp-json\/wp\/v2\/product"}],"about":[{"href":"https:\/\/bigfunhobby.com\/sv\/wp-json\/wp\/v2\/types\/product"}],"replies":[{"embeddable":true,"href":"https:\/\/bigfunhobby.com\/sv\/wp-json\/wp\/v2\/comments?post=8099"}],"wp:featuredmedia":[{"embeddable":true,"href":"https:\/\/bigfunhobby.com\/sv\/wp-json\/wp\/v2\/media\/8098"}],"wp:attachment":[{"href":"https:\/\/bigfunhobby.com\/sv\/wp-json\/wp\/v2\/media?parent=8099"}],"wp:term":[{"taxonomy":"product_brand","embeddable":true,"href":"https:\/\/bigfunhobby.com\/sv\/wp-json\/wp\/v2\/product_brand?post=8099"},{"taxonomy":"product_cat","embeddable":true,"href":"https:\/\/bigfunhobby.com\/sv\/wp-json\/wp\/v2\/product_cat?post=8099"},{"taxonomy":"product_tag","embeddable":true,"href":"https:\/\/bigfunhobby.com\/sv\/wp-json\/wp\/v2\/product_tag?post=8099"}],"curies":[{"name":"wp","href":"https:\/\/api.w.org\/{rel}","templated":true}]}}