{"id":8101,"date":"2025-03-08T17:14:48","date_gmt":"2025-03-08T17:14:48","guid":{"rendered":"https:\/\/bigfunhobby.com\/butikk\/gauge-g-article-no-70403-freight-train-starter-set\/"},"modified":"2025-12-04T10:59:25","modified_gmt":"2025-12-04T08:59:25","slug":"gauge-g-article-no-70403-freight-train-starter-set","status":"publish","type":"product","link":"https:\/\/bigfunhobby.com\/sv\/butikk\/gauge-g-article-no-70403-freight-train-starter-set\/","title":{"rendered":"Sp\u00e5rvidd G - Artikel nr 70403 Startset f\u00f6r godst\u00e5g"},"content":{"rendered":"<p>Dette Gauge G Artikkel Nr. 70403 Frakt Tog Startsettet er perfekt for b\u00e5de nybegynnere og erfarne modelljernbaneentusiaster. Settet gir deg alt du trenger for \u00e5 begynne \u00e5 bygge din egen modelljernbane.<\/p>\n<p>Settet inkluderer et frakttog med et &#8216;Stainz&#8217; damplokomotiv, en ballastvogn og en lavvogn med last. Damplokomotivet er utstyrt med en kraftig motor, elektronisk damplyd og en r\u00f8ykgenerator, som vil gj\u00f8re din modelljernbaneopplevelse enda mer realistisk.<\/p>\n<ul>\n<li>Togsettets lengde er p\u00e5 hele 85 cm.<\/li>\n<li>Sirkelsporet har en diameter p\u00e5 1,290 mm, eller 51 tommer.<\/li>\n<li>Settet inkluderer ogs\u00e5 en str\u00f8mforsyning for 230 volt, og en kontroller.<\/li>\n<\/ul>\n<p>OBS! Lasten til lavvognen kan variere, da det er en pr\u00f8ve.<\/p>\n<p>Ingen modelljernbane er komplett uten et kraftig, effektivt og realistisk tog. Med dette startsettet f\u00e5r du en god base til din modelljernbane, og kan bygge videre p\u00e5 den med flere skinner, tog og tilbeh\u00f8r. Hvis du er interessert i modelljernbane og \u00f8nsker \u00e5 starte med en solid grunn, er dette settet for deg.<\/p>\n<p>S\u00e5 vent ikke lenger. Ta steget inn i modelljernbanens fascinerende verden. Kj\u00f8p ditt Gauge G Artikkel Nr. 70403 Frakt Tog Startsett n\u00e5 og start byggingen i dag!<\/p>","protected":false},"excerpt":{"rendered":"<p>Modelljernbane startsett i Gauge G, med &#8216;Stainz&#8217; damplokomotiv, ballastvogn og lavvogn med last. Inkluderer sirkelspor, str\u00f8mforsyning og kontroller.<\/p>","protected":false},"featured_media":8100,"comment_status":"open","ping_status":"closed","template":"","meta":[],"product_brand":[108],"product_cat":[74],"product_tag":[],"class_list":{"0":"post-8101","1":"product","2":"type-product","3":"status-publish","4":"has-post-thumbnail","6":"product_brand-lgb","7":"product_cat-lgb","9":"first","10":"instock","11":"taxable","12":"shipping-taxable","13":"purchasable","14":"product-type-simple"},"_links":{"self":[{"href":"https:\/\/bigfunhobby.com\/sv\/wp-json\/wp\/v2\/product\/8101","targetHints":{"allow":["GET"]}}],"collection":[{"href":"https:\/\/bigfunhobby.com\/sv\/wp-json\/wp\/v2\/product"}],"about":[{"href":"https:\/\/bigfunhobby.com\/sv\/wp-json\/wp\/v2\/types\/product"}],"replies":[{"embeddable":true,"href":"https:\/\/bigfunhobby.com\/sv\/wp-json\/wp\/v2\/comments?post=8101"}],"wp:featuredmedia":[{"embeddable":true,"href":"https:\/\/bigfunhobby.com\/sv\/wp-json\/wp\/v2\/media\/8100"}],"wp:attachment":[{"href":"https:\/\/bigfunhobby.com\/sv\/wp-json\/wp\/v2\/media?parent=8101"}],"wp:term":[{"taxonomy":"product_brand","embeddable":true,"href":"https:\/\/bigfunhobby.com\/sv\/wp-json\/wp\/v2\/product_brand?post=8101"},{"taxonomy":"product_cat","embeddable":true,"href":"https:\/\/bigfunhobby.com\/sv\/wp-json\/wp\/v2\/product_cat?post=8101"},{"taxonomy":"product_tag","embeddable":true,"href":"https:\/\/bigfunhobby.com\/sv\/wp-json\/wp\/v2\/product_tag?post=8101"}],"curies":[{"name":"wp","href":"https:\/\/api.w.org\/{rel}","templated":true}]}}