{"id":8111,"date":"2025-03-08T17:14:52","date_gmt":"2025-03-08T17:14:52","guid":{"rendered":"https:\/\/bigfunhobby.com\/butikk\/occre-pin-pusher\/"},"modified":"2026-03-03T12:26:14","modified_gmt":"2026-03-03T10:26:14","slug":"occre-pin-pusher","status":"publish","type":"product","link":"https:\/\/bigfunhobby.com\/sv\/butikk\/occre-pin-pusher\/","title":{"rendered":"OcCre - Stiftpressare"},"content":{"rendered":"<p>OcCre Pin Pusher er et n\u00f8dvendig verkt\u00f8y for alle som er interessert i modellbygging. Denne smarte enheten s\u00f8rger for at du kan sette inn pinner i dine byggesett, uten \u00e5 m\u00e5tte bruke en hammer. Dette gir deg st\u00f8rre presisjon og kontroll, noe som er spesielt viktig n\u00e5r detaljniv\u00e5et er h\u00f8yt.<\/p>\n<p>Dette verkt\u00f8yet er ikke bare nyttig for de som bygger <strong>modeller av tr\u00e4fartyg<\/strong> eller andre <strong>byggesett i tre<\/strong>, men ogs\u00e5 for de som holder p\u00e5 med <strong>plastmodeller<\/strong> och <strong>skalamodeller<\/strong>. Det er ogs\u00e5 et uvurderlig tilbeh\u00f8r for de som bygger <strong>modellj\u00e4rnv\u00e4g<\/strong>, og andre miniatyr <strong>lokomotiver<\/strong>.<\/p>\n<ul>\n<li>Kvalitetsverkt\u00f8y for presisjonsarbeid<\/li>\n<li>Eliminerer behovet for hammer<\/li>\n<li>Oumb\u00e4rlig f\u00f6r modellering<\/li>\n<\/ul>\n<p>S\u00e5 uansett om du foretrekker \u00e5 jobbe med tre, plast eller metall, vil OcCre Pin Pusher v\u00e6re et meget verdifullt tillegg til verkt\u00f8ykassen din. Med dette verkt\u00f8yet kan du ta dine byggesettprosjekter til nye h\u00f8yder, og virkelig sette ditt personlige preg p\u00e5 hvert eneste stykke.<\/p>\n<p>Vent ikke lenger, forbedre din modellbyggingsopplevelse med OcCre Pin Pusher. <strong>K\u00f6p h\u00e4r<\/strong> og ta dine byggeprosjekter til det neste niv\u00e5et.<\/p>","protected":false},"excerpt":{"rendered":"<p>OcCre Pin Pusher er et uunnv\u00e6rlig verkt\u00f8y for \u00e5 sette inn pinner i dine modellbyggingsprosjekter, uten behov for hammer. Perfekt for b\u00e5de modellskip, modelljernbane og vintage kj\u00f8ret\u00f8y.<\/p>","protected":false},"featured_media":8110,"comment_status":"open","ping_status":"closed","template":"","meta":[],"product_brand":[95],"product_cat":[58],"product_tag":[],"class_list":{"0":"post-8111","1":"product","2":"type-product","3":"status-publish","4":"has-post-thumbnail","6":"product_brand-occre","7":"product_cat-verktoy","9":"first","10":"instock","11":"taxable","12":"shipping-taxable","13":"purchasable","14":"product-type-simple"},"_links":{"self":[{"href":"https:\/\/bigfunhobby.com\/sv\/wp-json\/wp\/v2\/product\/8111","targetHints":{"allow":["GET"]}}],"collection":[{"href":"https:\/\/bigfunhobby.com\/sv\/wp-json\/wp\/v2\/product"}],"about":[{"href":"https:\/\/bigfunhobby.com\/sv\/wp-json\/wp\/v2\/types\/product"}],"replies":[{"embeddable":true,"href":"https:\/\/bigfunhobby.com\/sv\/wp-json\/wp\/v2\/comments?post=8111"}],"wp:featuredmedia":[{"embeddable":true,"href":"https:\/\/bigfunhobby.com\/sv\/wp-json\/wp\/v2\/media\/8110"}],"wp:attachment":[{"href":"https:\/\/bigfunhobby.com\/sv\/wp-json\/wp\/v2\/media?parent=8111"}],"wp:term":[{"taxonomy":"product_brand","embeddable":true,"href":"https:\/\/bigfunhobby.com\/sv\/wp-json\/wp\/v2\/product_brand?post=8111"},{"taxonomy":"product_cat","embeddable":true,"href":"https:\/\/bigfunhobby.com\/sv\/wp-json\/wp\/v2\/product_cat?post=8111"},{"taxonomy":"product_tag","embeddable":true,"href":"https:\/\/bigfunhobby.com\/sv\/wp-json\/wp\/v2\/product_tag?post=8111"}],"curies":[{"name":"wp","href":"https:\/\/api.w.org\/{rel}","templated":true}]}}