{"id":8113,"date":"2025-03-08T17:14:52","date_gmt":"2025-03-08T17:14:52","guid":{"rendered":"https:\/\/bigfunhobby.com\/butikk\/1700-queen-mary-2\/"},"modified":"2025-12-04T10:59:28","modified_gmt":"2025-12-04T08:59:28","slug":"1700-queen-mary-2","status":"publish","type":"product","link":"https:\/\/bigfunhobby.com\/sv\/butikk\/1700-queen-mary-2\/","title":{"rendered":"1:700 DROTTNING MARY 2"},"content":{"rendered":"<p>Utforsk historien og praktfullheten av verdens mest kjente passasjerskip med dette detaljerte plastbyggesettet av Queen Mary 2. Dette skalamodellsettet i skala 1\/700 inneholder 323 deler, og gir deg muligheten til \u00e5 bygge ditt eget miniaturversjon av dette ikoniske skipet.<\/p>\n<p>Byggesettet har en vanskelighetsgrad p\u00e5 4 av 5, noe som gj\u00f8r det ideelt for erfarne modellbyggere som s\u00f8ker en utfordring. N\u00e5r det er ferdig, vil modellen m\u00e5le imponerende 49,4 cm i lengden.<\/p>\n<ul>\n<li>Detaljert to-delt skrog<\/li>\n<li>4 motorhus med propeller<\/li>\n<li>Strukturerte hoved- og promenadedekk<\/li>\n<li>Detaljerte sv\u00f8mmebassenger<\/li>\n<li>Gjennomsiktige deler for beskyttende vinduer<\/li>\n<li>Separate utfluktsb\u00e5ter, livb\u00e5ter, motorb\u00e5ter<\/li>\n<li>Utstillingsstativ<\/li>\n<li>Stort utvalg av klistremerker<\/li>\n<\/ul>\n<p>I pakken f\u00f8lger det med en plastmodellbyggesett (ikke montert), illustrerte flerspr\u00e5klige monteringsinstruksjoner og et sett med klistremerker. Fargene som anbefales av produsenten er hvit, antrasittgr\u00e5, italiensk r\u00f8d, rust, beige, st\u00e5l, sort, lys gr\u00e5 og m\u00f8rk gr\u00e5. Lim, maling og pensler er ikke inkludert.<\/p>\n<p>Queen Mary 2 er en levende del av maritim historie, og med dette byggesettet kan du bringe en del av den historien inn i ditt eget hjem. Enten du er en erfaren modellbygger eller en entusiast som s\u00f8ker en ny utfordring, er dette settet en unik mulighet til \u00e5 dykke ned i en verden av detaljert modellbygging.<\/p>\n<p>Ikke vent, start ditt neste modellbyggingsprosjekt i dag. Kj\u00f8p Queen Mary 2 plastbyggesettet n\u00e5!<\/p>","protected":false},"excerpt":{"rendered":"<p>Gjenopplev den majestetiske Queen Mary 2 med dette detaljerte plastbyggesettet i skala 1\/700. Perfekt for erfarne modellbyggere som s\u00f8ker en utfordring.<\/p>","protected":false},"featured_media":8112,"comment_status":"open","ping_status":"closed","template":"","meta":[],"product_brand":[104],"product_cat":[56],"product_tag":[],"class_list":{"0":"post-8113","1":"product","2":"type-product","3":"status-publish","4":"has-post-thumbnail","6":"product_brand-revell","7":"product_cat-bater","9":"first","10":"outofstock","11":"taxable","12":"shipping-taxable","13":"purchasable","14":"product-type-simple"},"_links":{"self":[{"href":"https:\/\/bigfunhobby.com\/sv\/wp-json\/wp\/v2\/product\/8113","targetHints":{"allow":["GET"]}}],"collection":[{"href":"https:\/\/bigfunhobby.com\/sv\/wp-json\/wp\/v2\/product"}],"about":[{"href":"https:\/\/bigfunhobby.com\/sv\/wp-json\/wp\/v2\/types\/product"}],"replies":[{"embeddable":true,"href":"https:\/\/bigfunhobby.com\/sv\/wp-json\/wp\/v2\/comments?post=8113"}],"wp:featuredmedia":[{"embeddable":true,"href":"https:\/\/bigfunhobby.com\/sv\/wp-json\/wp\/v2\/media\/8112"}],"wp:attachment":[{"href":"https:\/\/bigfunhobby.com\/sv\/wp-json\/wp\/v2\/media?parent=8113"}],"wp:term":[{"taxonomy":"product_brand","embeddable":true,"href":"https:\/\/bigfunhobby.com\/sv\/wp-json\/wp\/v2\/product_brand?post=8113"},{"taxonomy":"product_cat","embeddable":true,"href":"https:\/\/bigfunhobby.com\/sv\/wp-json\/wp\/v2\/product_cat?post=8113"},{"taxonomy":"product_tag","embeddable":true,"href":"https:\/\/bigfunhobby.com\/sv\/wp-json\/wp\/v2\/product_tag?post=8113"}],"curies":[{"name":"wp","href":"https:\/\/api.w.org\/{rel}","templated":true}]}}