{"id":8119,"date":"2025-03-08T17:14:54","date_gmt":"2025-03-08T17:14:54","guid":{"rendered":"https:\/\/bigfunhobby.com\/butikk\/175-danmark-special-edition-wooden-hull\/"},"modified":"2025-12-04T10:59:28","modified_gmt":"2025-12-04T08:59:28","slug":"175-danmark-special-edition-wooden-hull","status":"publish","type":"product","link":"https:\/\/bigfunhobby.com\/sv\/butikk\/175-danmark-special-edition-wooden-hull\/","title":{"rendered":"1:75 DENMARK SPECIALUTG\u00c5VA - TR\u00c4SKROV"},"content":{"rendered":"<p>&#8216;1:75 Danmark Special Edition&#8217; er et kvalitetsrikt byggesett i tre, designet for modellbygging entusiaster av alle erfaringsniv\u00e5er. Dette treskipsmodell-byggesettet gir deg muligheten til \u00e5 bygge en sv\u00e6rt detaljert modell av det klassiske danske treningsfart\u00f8yet fra 1933. <\/p>\n<p>Fart\u00f8yet er en st\u00e5lkledd, fullrigget skute med tre master, bygget p\u00e5 Nakskov Skipsverft i Danmark. Skipet, som er eid av det danske kongeriket, har siden 1933 gitt grunnleggende oppl\u00e6ring til unge mennesker som s\u00f8ker karriere til sj\u00f8s. P\u00e5 spesielle anledninger krysser det Atlanterhavet for \u00e5 bes\u00f8ke USA, hvor det under andre verdenskrig tjente som treningsfart\u00f8y for amerikanske kadetter.<\/p>\n<p>Dette byggesettet gir deg en autentisk modellbyggingsopplevelse, med instruksjoner tilgjengelig p\u00e5 engelsk, fransk, tysk, dansk og nederlandsk. <\/p>\n<ul>\n<li>Produktkategori: Trebyggesett<\/li>\n<li>Skala: 1:75<\/li>\n<li>Material:: Tr\u00e4<\/li>\n<\/ul>\n<p>Uansett om du er en erfaren modellbygger eller en nybegynner, er dette treskipsmodell-byggesettet en flott mulighet til \u00e5 dykke dypere inn i historie og modellbygging. Gjenskap det ikoniske danske treningsfart\u00f8yet i ditt eget hjem, og la deg imponere av detaljrikdommen og kvaliteten.<\/p>\n<p>Klar for \u00e5 ta sjansen p\u00e5 et nytt modellbyggingsprosjekt? Bestill &#8216;1:75 Danmark Special Edition&#8217; her og start byggeprosessen i dag!<\/p>","protected":false},"excerpt":{"rendered":"<p>1:75 Danmark Special Edition&#8217; er et unikt treskipsmodell-byggesett med autentiske detaljer, inspirert av det historiske danske treningsfart\u00f8yet fra 1933.<\/p>","protected":false},"featured_media":8118,"comment_status":"open","ping_status":"closed","template":"","meta":[],"product_brand":[96],"product_cat":[53],"product_tag":[],"class_list":{"0":"post-8119","1":"product","2":"type-product","3":"status-publish","4":"has-post-thumbnail","6":"product_brand-billing-boats","7":"product_cat-bater-billing-boats","9":"first","10":"instock","11":"taxable","12":"shipping-taxable","13":"purchasable","14":"product-type-simple"},"_links":{"self":[{"href":"https:\/\/bigfunhobby.com\/sv\/wp-json\/wp\/v2\/product\/8119","targetHints":{"allow":["GET"]}}],"collection":[{"href":"https:\/\/bigfunhobby.com\/sv\/wp-json\/wp\/v2\/product"}],"about":[{"href":"https:\/\/bigfunhobby.com\/sv\/wp-json\/wp\/v2\/types\/product"}],"replies":[{"embeddable":true,"href":"https:\/\/bigfunhobby.com\/sv\/wp-json\/wp\/v2\/comments?post=8119"}],"wp:featuredmedia":[{"embeddable":true,"href":"https:\/\/bigfunhobby.com\/sv\/wp-json\/wp\/v2\/media\/8118"}],"wp:attachment":[{"href":"https:\/\/bigfunhobby.com\/sv\/wp-json\/wp\/v2\/media?parent=8119"}],"wp:term":[{"taxonomy":"product_brand","embeddable":true,"href":"https:\/\/bigfunhobby.com\/sv\/wp-json\/wp\/v2\/product_brand?post=8119"},{"taxonomy":"product_cat","embeddable":true,"href":"https:\/\/bigfunhobby.com\/sv\/wp-json\/wp\/v2\/product_cat?post=8119"},{"taxonomy":"product_tag","embeddable":true,"href":"https:\/\/bigfunhobby.com\/sv\/wp-json\/wp\/v2\/product_tag?post=8119"}],"curies":[{"name":"wp","href":"https:\/\/api.w.org\/{rel}","templated":true}]}}