{"id":8121,"date":"2025-03-08T17:14:54","date_gmt":"2025-03-08T17:14:54","guid":{"rendered":"https:\/\/bigfunhobby.com\/butikk\/emilie-robin-search-and-rescue-boat-plastic-hull\/"},"modified":"2025-12-04T10:59:28","modified_gmt":"2025-12-04T08:59:28","slug":"emilie-robin-sok-och-raddningsbat-plastskrov","status":"publish","type":"product","link":"https:\/\/bigfunhobby.com\/sv\/butikk\/emilie-robin-search-and-rescue-boat-plastic-hull\/","title":{"rendered":"EMILIE ROBIN S\u00d6K- OCH R\u00c4DDNINGSB\u00c5T - PLASTSKROV"},"content":{"rendered":"<p>Byggsatsen EMILIE ROBIN SEARCH AND RESCUE BOAT \u00e4r perfekt f\u00f6r b\u00e5de nyb\u00f6rjare och erfarna modellentusiaster. Med ett plastskrov och laserskurna tr\u00e4komponenter blir det en autentisk och detaljerad modell av den ber\u00f6mda r\u00e4ddningsb\u00e5ten.<\/p>\n<ul>\n<li>Skala 1:33 - L\u00e4ngd 60,5 cm<\/li>\n<li>Steg-f\u00f6r-steg-instruktioner, plan och fotohandbok<\/li>\n<li>Extra detaljerade bilder<\/li>\n<\/ul>\n<p>\"Emilie Robin\" levererades fr\u00e5n Nordsj\u00f6varvet i Ringk\u00f8bing i Danmark 1989. Livb\u00e5ten fick sitt namn efter den parisiske k\u00f6pmannen Emile Robin, filantrop, konjaksproducent och vice ordf\u00f6rande i den franska v\u00e4lg\u00f6renhetsorganisationen La Soci\u00e9t\u00e9 Centrale de Sauvetage des Naufrag\u00e9s (Centrala skeppsbrottsr\u00e4ddningss\u00e4llskapet). Emile Robin \u00e4r en av de viktigaste v\u00e4lg\u00f6rarna i den danska livb\u00e5tstj\u00e4nstens 150-\u00e5riga historia. \"Emilie Robin\" \u00e4r permanent stationerad vid livb\u00e5tsstationen i Hvide Sande p\u00e5 Danmarks v\u00e4stkust.<\/p>\n<p>Den h\u00e4r plastmodellen av \"Emilie Robin\" \u00e4r en h\u00f6gkvalitativ skalmodell som ger dig en autentisk byggupplevelse. Perfekt f\u00f6r alla som \u00e4lskar modellbygge och f\u00f6r dem som vill dyka djupare in i skeppsbyggandets fascinerande v\u00e4rld.<\/p>\n<p>V\u00e4nta inte, b\u00f6rja din modellresa med livb\u00e5ten \"Emilie Robin\". K\u00f6p h\u00e4r!<\/p>","protected":false},"excerpt":{"rendered":"<p>'Emilie Robin' livb\u00e5tssats med plastskrov och laserskurna tr\u00e4komponenter. Perfekt f\u00f6r entusiaster som gillar skalamodellering.<\/p>","protected":false},"featured_media":8120,"comment_status":"open","ping_status":"closed","template":"","meta":[],"product_brand":[96],"product_cat":[53],"product_tag":[],"class_list":{"0":"post-8121","1":"product","2":"type-product","3":"status-publish","4":"has-post-thumbnail","6":"product_brand-billing-boats","7":"product_cat-bater-billing-boats","9":"first","10":"instock","11":"taxable","12":"shipping-taxable","13":"purchasable","14":"product-type-simple"},"_links":{"self":[{"href":"https:\/\/bigfunhobby.com\/sv\/wp-json\/wp\/v2\/product\/8121","targetHints":{"allow":["GET"]}}],"collection":[{"href":"https:\/\/bigfunhobby.com\/sv\/wp-json\/wp\/v2\/product"}],"about":[{"href":"https:\/\/bigfunhobby.com\/sv\/wp-json\/wp\/v2\/types\/product"}],"replies":[{"embeddable":true,"href":"https:\/\/bigfunhobby.com\/sv\/wp-json\/wp\/v2\/comments?post=8121"}],"wp:featuredmedia":[{"embeddable":true,"href":"https:\/\/bigfunhobby.com\/sv\/wp-json\/wp\/v2\/media\/8120"}],"wp:attachment":[{"href":"https:\/\/bigfunhobby.com\/sv\/wp-json\/wp\/v2\/media?parent=8121"}],"wp:term":[{"taxonomy":"product_brand","embeddable":true,"href":"https:\/\/bigfunhobby.com\/sv\/wp-json\/wp\/v2\/product_brand?post=8121"},{"taxonomy":"product_cat","embeddable":true,"href":"https:\/\/bigfunhobby.com\/sv\/wp-json\/wp\/v2\/product_cat?post=8121"},{"taxonomy":"product_tag","embeddable":true,"href":"https:\/\/bigfunhobby.com\/sv\/wp-json\/wp\/v2\/product_tag?post=8121"}],"curies":[{"name":"wp","href":"https:\/\/api.w.org\/{rel}","templated":true}]}}