{"id":8131,"date":"2025-03-08T17:14:58","date_gmt":"2025-03-08T17:14:58","guid":{"rendered":"https:\/\/bigfunhobby.com\/butikk\/wwi-planes-paints-set-12-x-20-ml\/"},"modified":"2025-12-04T10:59:28","modified_gmt":"2025-12-04T08:59:28","slug":"wwi-planes-paints-set-12-x-20-ml","status":"publish","type":"product","link":"https:\/\/bigfunhobby.com\/sv\/butikk\/wwi-planes-paints-set-12-x-20-ml\/","title":{"rendered":"WWI PLANES PAINTS SET (12 x 20 ml)"},"content":{"rendered":"<p>Du kan n\u00e5 bringe de historiske krigsflyene fra f\u00f8rste verdenskrig til liv med v\u00e5rt WWI PLANES PAINTS SET. Dette malingsettet er spesielt utformet for modellflybygging, og inneholder 12 n\u00f8ye utvalgte farger p\u00e5 20 ml hver, som vil gi dine plastmodeller en autentisk og realistisk finish.<\/p>\n<p><strong>Specifikationer:<\/strong><\/p>\n<ul>\n<li>Produktnavn: WWI PLANES PAINTS SET<\/li>\n<li>Antall farger: 12<\/li>\n<li>St\u00f8rrelse: 20 ml<\/li>\n<\/ul>\n<p>Dette malingsettet er ideelt for b\u00e5de nybegynnere og erfarne modellbyggere. Fargene er enkle \u00e5 p\u00e5f\u00f8re og gir et profesjonelt resultat. De kan brukes p\u00e5 alle typer modellfly, uavhengig av skala. <\/p>\n<p>\u00c5 bygge og male modellfly er mer enn bare en hobby. Det er en kunstform og en l\u00e6rerik opplevelse. Med WWI PLANES PAINTS SET kan du utforske historien til f\u00f8rste verdenskrig gjennom dine modellfly, og skape ditt eget flyvende museum hjemme.<\/p>\n<p>Ikke g\u00e5 glipp av muligheten til \u00e5 ta din modellbygging til neste niv\u00e5. <strong>Bestill ditt WWI PLANES PAINTS SET n\u00e5<\/strong> og opplev gleden ved \u00e5 skape autentiske og realistiske modellfly.<\/p>","protected":false},"excerpt":{"rendered":"<p>Gj\u00f8r modellflyene dine autentiske med WWI PLANES PAINTS SET. Settet inneholder 12 ulike farger for \u00e5 gi dine modellfly det rette utseendet.<\/p>","protected":false},"featured_media":8130,"comment_status":"open","ping_status":"closed","template":"","meta":[],"product_brand":[97],"product_cat":[70],"product_tag":[],"class_list":{"0":"post-8131","1":"product","2":"type-product","3":"status-publish","4":"has-post-thumbnail","6":"product_brand-artesania","7":"product_cat-artesania-maling","9":"first","10":"instock","11":"taxable","12":"shipping-taxable","13":"purchasable","14":"product-type-simple"},"_links":{"self":[{"href":"https:\/\/bigfunhobby.com\/sv\/wp-json\/wp\/v2\/product\/8131","targetHints":{"allow":["GET"]}}],"collection":[{"href":"https:\/\/bigfunhobby.com\/sv\/wp-json\/wp\/v2\/product"}],"about":[{"href":"https:\/\/bigfunhobby.com\/sv\/wp-json\/wp\/v2\/types\/product"}],"replies":[{"embeddable":true,"href":"https:\/\/bigfunhobby.com\/sv\/wp-json\/wp\/v2\/comments?post=8131"}],"wp:featuredmedia":[{"embeddable":true,"href":"https:\/\/bigfunhobby.com\/sv\/wp-json\/wp\/v2\/media\/8130"}],"wp:attachment":[{"href":"https:\/\/bigfunhobby.com\/sv\/wp-json\/wp\/v2\/media?parent=8131"}],"wp:term":[{"taxonomy":"product_brand","embeddable":true,"href":"https:\/\/bigfunhobby.com\/sv\/wp-json\/wp\/v2\/product_brand?post=8131"},{"taxonomy":"product_cat","embeddable":true,"href":"https:\/\/bigfunhobby.com\/sv\/wp-json\/wp\/v2\/product_cat?post=8131"},{"taxonomy":"product_tag","embeddable":true,"href":"https:\/\/bigfunhobby.com\/sv\/wp-json\/wp\/v2\/product_tag?post=8131"}],"curies":[{"name":"wp","href":"https:\/\/api.w.org\/{rel}","templated":true}]}}