{"id":8139,"date":"2025-03-08T17:15:01","date_gmt":"2025-03-08T17:15:01","guid":{"rendered":"https:\/\/bigfunhobby.com\/butikk\/messerschmitt-bf109g-paints-set-12-x-20-ml\/"},"modified":"2025-12-04T10:59:29","modified_gmt":"2025-12-04T08:59:29","slug":"messerschmitt-bf109g-farger-set-12-x-20-ml","status":"publish","type":"product","link":"https:\/\/bigfunhobby.com\/sv\/butikk\/messerschmitt-bf109g-paints-set-12-x-20-ml\/","title":{"rendered":"MESSERSCHMITT BF109G PAINTS SET (12 x 20 ml)"},"content":{"rendered":"<p>F\u00f6r entusiastiska modellbyggare som vill ta sina projekt till n\u00e4sta niv\u00e5 erbjuder vi m\u00e5lningssatsen MESSERSCHMITT BF109G. Den h\u00e4r satsen \u00e4r perfekt f\u00f6r att ge dina plastmodeller en detaljerad finish och ge dem liv.<\/p>\n<p>Specifikationerna f\u00f6r detta kit \u00e4r imponerande. Med 12 olika f\u00e4rger i 20 ml-flaskor har du alla nyanser du beh\u00f6ver f\u00f6r att slutf\u00f6ra ditt MESSERSCHMITT BF109G-projekt eller andra skalamodeller du arbetar med. F\u00e4rgerna har noggrant valts ut f\u00f6r att matcha originalf\u00e4rgerna p\u00e5 MESSERSCHMITT BF109G-flygplanet, vilket ger dina modeller ett autentiskt och realistiskt utseende.<\/p>\n<p>De h\u00f6gkvalitativa f\u00e4rgerna har utm\u00e4rkt t\u00e4ckf\u00f6rm\u00e5ga och \u00e4r l\u00e4tta att applicera p\u00e5 plastmodeller. De \u00e4r ocks\u00e5 mycket h\u00e5llbara, s\u00e5 dina projekt kommer att se bra ut i m\u00e5nga \u00e5r fram\u00f6ver.<\/p>\n<p>MESSERSCHMITT BF109G \u00e4r k\u00e4nt som ett av de mest ikoniska flygplanen fr\u00e5n andra v\u00e4rldskriget, och m\u00e5nga modellbyggare \u00e4r stolta \u00f6ver att \u00e5terskapa detta flygplan med stor noggrannhet. Med den h\u00e4r m\u00e5lningssatsen kan du verkligen g\u00f6ra ditt projekt r\u00e4ttvisa och visa din passion f\u00f6r modellbygge.<\/p>\n<p>V\u00e4nta inte med att ta din modellering till n\u00e4sta niv\u00e5. Best\u00e4ll din MESSERSCHMITT BF109G-m\u00e5lningssats idag och se hur dina projekt verkligen b\u00f6rjar ta form.<\/p>","protected":false},"excerpt":{"rendered":"<p>M\u00e5lningssatsen MESSERSCHMITT BF109G \u00e4r utformad f\u00f6r passionerade modellbyggare och inneh\u00e5ller 12 olika f\u00e4rger p\u00e5 20 ml vardera f\u00f6r att g\u00f6ra dina plastmodeller mycket detaljerade.<\/p>","protected":false},"featured_media":8138,"comment_status":"open","ping_status":"closed","template":"","meta":[],"product_brand":[97],"product_cat":[70],"product_tag":[],"class_list":{"0":"post-8139","1":"product","2":"type-product","3":"status-publish","4":"has-post-thumbnail","6":"product_brand-artesania","7":"product_cat-artesania-maling","9":"first","10":"instock","11":"taxable","12":"shipping-taxable","13":"purchasable","14":"product-type-simple"},"_links":{"self":[{"href":"https:\/\/bigfunhobby.com\/sv\/wp-json\/wp\/v2\/product\/8139","targetHints":{"allow":["GET"]}}],"collection":[{"href":"https:\/\/bigfunhobby.com\/sv\/wp-json\/wp\/v2\/product"}],"about":[{"href":"https:\/\/bigfunhobby.com\/sv\/wp-json\/wp\/v2\/types\/product"}],"replies":[{"embeddable":true,"href":"https:\/\/bigfunhobby.com\/sv\/wp-json\/wp\/v2\/comments?post=8139"}],"wp:featuredmedia":[{"embeddable":true,"href":"https:\/\/bigfunhobby.com\/sv\/wp-json\/wp\/v2\/media\/8138"}],"wp:attachment":[{"href":"https:\/\/bigfunhobby.com\/sv\/wp-json\/wp\/v2\/media?parent=8139"}],"wp:term":[{"taxonomy":"product_brand","embeddable":true,"href":"https:\/\/bigfunhobby.com\/sv\/wp-json\/wp\/v2\/product_brand?post=8139"},{"taxonomy":"product_cat","embeddable":true,"href":"https:\/\/bigfunhobby.com\/sv\/wp-json\/wp\/v2\/product_cat?post=8139"},{"taxonomy":"product_tag","embeddable":true,"href":"https:\/\/bigfunhobby.com\/sv\/wp-json\/wp\/v2\/product_tag?post=8139"}],"curies":[{"name":"wp","href":"https:\/\/api.w.org\/{rel}","templated":true}]}}