{"id":8145,"date":"2025-03-08T17:15:04","date_gmt":"2025-03-08T17:15:04","guid":{"rendered":"https:\/\/bigfunhobby.com\/butikk\/vasa-paints-set-18-x-20-ml\/"},"modified":"2026-03-09T00:35:52","modified_gmt":"2026-03-08T22:35:52","slug":"vasafarger-set-18-x-20-ml","status":"publish","type":"product","link":"https:\/\/bigfunhobby.com\/sv\/butikk\/vasa-paints-set-18-x-20-ml\/","title":{"rendered":"VASA PAINTS SET (18 x 20 ml)"},"content":{"rendered":"<p>Skuld <strong>F\u00e4rgupps\u00e4ttningen fr\u00e5n Artesania Latina<\/strong> \u00e4r speciellt framtaget f\u00f6r modellfartyget VASA och inneh\u00e5ller 18 akrylf\u00e4rger \u00e0 20 ml som t\u00e4cker alla nyanser som beh\u00f6vs f\u00f6r att ge modellen en autentisk finish. Satsen \u00e4r idealisk f\u00f6r modellbyggare som vill ha historisk noggrannhet och professionella resultat.<\/p>\n<ul>\n<li>Antal f\u00e4rger: 18<\/li>\n<li>Volym per flaska: 20 ml<\/li>\n<li>Typ av f\u00e4rg Akrylf\u00e4rg<\/li>\n<li>Kundanpassad f\u00e4rgskala f\u00f6r VASA tr\u00e4fartygsmodell<\/li>\n<li>Snabb torktid och h\u00f6g opacitet<\/li>\n<\/ul>\n<p>F\u00e4rgen l\u00e4mpar sig v\u00e4l f\u00f6r anv\u00e4ndning p\u00e5 tr\u00e4 och andra ytor och ger en j\u00e4mn och h\u00e5llbar yta. F\u00e4rgerna kan anv\u00e4ndas b\u00e5de med pensel och airbrush (med f\u00f6rtunning). Med detta kit \u00e4r det enkelt att f\u00f6lja Artesania Latina's bygginstruktioner med r\u00e4tt f\u00e4rganv\u00e4ndning.<\/p>\n<p><strong>Komplettera ditt VASA-projekt med r\u00e4tt f\u00e4rger - best\u00e4ll nu och f\u00e5 hela paletten i en praktisk upps\u00e4ttning!<\/strong><\/p>","protected":false},"excerpt":{"rendered":"<p>Komplett set med 18 akrylf\u00e4rger, 20 ml vardera, speciellt framtagna f\u00f6r VASA-modellen fr\u00e5n Artesania. Perfekt t\u00e4ckf\u00f6rm\u00e5ga och autentiska f\u00e4rger f\u00f6r historiskt korrekta resultat.<\/p>","protected":false},"featured_media":8144,"comment_status":"open","ping_status":"closed","template":"","meta":[],"product_brand":[97],"product_cat":[70],"product_tag":[],"class_list":{"0":"post-8145","1":"product","2":"type-product","3":"status-publish","4":"has-post-thumbnail","6":"product_brand-artesania","7":"product_cat-artesania-maling","9":"first","10":"outofstock","11":"taxable","12":"shipping-taxable","13":"purchasable","14":"product-type-simple"},"_links":{"self":[{"href":"https:\/\/bigfunhobby.com\/sv\/wp-json\/wp\/v2\/product\/8145","targetHints":{"allow":["GET"]}}],"collection":[{"href":"https:\/\/bigfunhobby.com\/sv\/wp-json\/wp\/v2\/product"}],"about":[{"href":"https:\/\/bigfunhobby.com\/sv\/wp-json\/wp\/v2\/types\/product"}],"replies":[{"embeddable":true,"href":"https:\/\/bigfunhobby.com\/sv\/wp-json\/wp\/v2\/comments?post=8145"}],"wp:featuredmedia":[{"embeddable":true,"href":"https:\/\/bigfunhobby.com\/sv\/wp-json\/wp\/v2\/media\/8144"}],"wp:attachment":[{"href":"https:\/\/bigfunhobby.com\/sv\/wp-json\/wp\/v2\/media?parent=8145"}],"wp:term":[{"taxonomy":"product_brand","embeddable":true,"href":"https:\/\/bigfunhobby.com\/sv\/wp-json\/wp\/v2\/product_brand?post=8145"},{"taxonomy":"product_cat","embeddable":true,"href":"https:\/\/bigfunhobby.com\/sv\/wp-json\/wp\/v2\/product_cat?post=8145"},{"taxonomy":"product_tag","embeddable":true,"href":"https:\/\/bigfunhobby.com\/sv\/wp-json\/wp\/v2\/product_tag?post=8145"}],"curies":[{"name":"wp","href":"https:\/\/api.w.org\/{rel}","templated":true}]}}