{"id":8155,"date":"2025-03-08T17:15:09","date_gmt":"2025-03-08T17:15:09","guid":{"rendered":"https:\/\/bigfunhobby.com\/butikk\/advanced-figurines-paints-set-12-x-20-ml\/"},"modified":"2025-12-04T10:59:29","modified_gmt":"2025-12-04T08:59:29","slug":"avancerade-figurinfarger-set-12-x-20-ml","status":"publish","type":"product","link":"https:\/\/bigfunhobby.com\/sv\/butikk\/advanced-figurines-paints-set-12-x-20-ml\/","title":{"rendered":"ADVANCED FIGURINES PAINTS SET (12 x 20 ml)"},"content":{"rendered":"<p>F\u00f6rvandla dina modellfigurer till m\u00e4sterverk med ADVANCED FIGURINES PAINTS SET. Detta \u00e4r en upps\u00e4ttning med 12 h\u00f6gkvalitativa f\u00e4rgtuber p\u00e5 20 ml vardera, vilket ger dig ett brett utbud av f\u00e4rger f\u00f6r att m\u00e5la dina figurmodeller. Setet \u00e4r perfekt f\u00f6r b\u00e5de nyb\u00f6rjare och erfarna modellbyggare.<\/p>\n<ul>\n<li><b>Specifikationer:<\/b> Setet inneh\u00e5ller 12 olika f\u00e4rger i 20 ml tuber. Varje f\u00e4rg \u00e4r utformad f\u00f6r att ge en j\u00e4mn, fyllig f\u00e4rg och utm\u00e4rkt t\u00e4ckning.<\/li>\n<li><b>Material:<\/b> F\u00e4rgerna \u00e4r tillverkade av premiumpigment som ger en fantastisk f\u00e4rgintensitet och h\u00e5llbarhet. De \u00e4r ocks\u00e5 vattenbaserade, vilket g\u00f6r dem l\u00e4tta att applicera och reng\u00f6ra.<\/li>\n<\/ul>\n<p>Det finns inget som kan ge liv \u00e5t dina modelleringsfigurer som r\u00e4tt f\u00e4rg. Oavsett om du arbetar med plastmodeller, skeppsmodeller i tr\u00e4, modellj\u00e4rnv\u00e4gar eller fj\u00e4rrstyrda fordon kan det h\u00e4r f\u00e4rgkitet ge dina modeller det professionella utseende de f\u00f6rtj\u00e4nar.<\/p>\n<p>S\u00e5 varf\u00f6r v\u00e4nta? Ta din modellering till n\u00e4sta niv\u00e5 med ADVANCED FIGURINES PAINTS SET. <b>Boka nu!<\/b><\/p>","protected":false},"excerpt":{"rendered":"<p>ADVANCED FIGURINES PAINTS SET \u00e4r ett urval av 12 h\u00f6gkvalitativa f\u00e4rgtuber p\u00e5 20 ml vardera, perfekt f\u00f6r detaljerad och verklighetstrogen m\u00e5lning av figurmodeller.<\/p>","protected":false},"featured_media":8154,"comment_status":"open","ping_status":"closed","template":"","meta":[],"product_brand":[97],"product_cat":[70],"product_tag":[],"class_list":{"0":"post-8155","1":"product","2":"type-product","3":"status-publish","4":"has-post-thumbnail","6":"product_brand-artesania","7":"product_cat-artesania-maling","9":"first","10":"outofstock","11":"taxable","12":"shipping-taxable","13":"purchasable","14":"product-type-simple"},"_links":{"self":[{"href":"https:\/\/bigfunhobby.com\/sv\/wp-json\/wp\/v2\/product\/8155","targetHints":{"allow":["GET"]}}],"collection":[{"href":"https:\/\/bigfunhobby.com\/sv\/wp-json\/wp\/v2\/product"}],"about":[{"href":"https:\/\/bigfunhobby.com\/sv\/wp-json\/wp\/v2\/types\/product"}],"replies":[{"embeddable":true,"href":"https:\/\/bigfunhobby.com\/sv\/wp-json\/wp\/v2\/comments?post=8155"}],"wp:featuredmedia":[{"embeddable":true,"href":"https:\/\/bigfunhobby.com\/sv\/wp-json\/wp\/v2\/media\/8154"}],"wp:attachment":[{"href":"https:\/\/bigfunhobby.com\/sv\/wp-json\/wp\/v2\/media?parent=8155"}],"wp:term":[{"taxonomy":"product_brand","embeddable":true,"href":"https:\/\/bigfunhobby.com\/sv\/wp-json\/wp\/v2\/product_brand?post=8155"},{"taxonomy":"product_cat","embeddable":true,"href":"https:\/\/bigfunhobby.com\/sv\/wp-json\/wp\/v2\/product_cat?post=8155"},{"taxonomy":"product_tag","embeddable":true,"href":"https:\/\/bigfunhobby.com\/sv\/wp-json\/wp\/v2\/product_tag?post=8155"}],"curies":[{"name":"wp","href":"https:\/\/api.w.org\/{rel}","templated":true}]}}