{"id":8157,"date":"2025-03-08T17:15:10","date_gmt":"2025-03-08T17:15:10","guid":{"rendered":"https:\/\/bigfunhobby.com\/butikk\/off-white-paint-20ml\/"},"modified":"2025-12-04T10:59:29","modified_gmt":"2025-12-04T08:59:29","slug":"off-white-farg-20ml","status":"publish","type":"product","link":"https:\/\/bigfunhobby.com\/sv\/butikk\/off-white-paint-20ml\/","title":{"rendered":"OFF WHITE PAINT - 20ml"},"content":{"rendered":"<p>V\u00e5r 20 ml Off White-f\u00e4rg \u00e4r utformad f\u00f6r att ge dina modeller en professionell och realistisk finish. Oavsett om du \u00e4r nyb\u00f6rjare eller en erfaren entusiast \u00e4r den h\u00e4r f\u00e4rgen det perfekta komplementet till din modellbyggsats. Den \u00e4r idealisk f\u00f6r anv\u00e4ndning p\u00e5 fartygsmodeller av b\u00e5de plast och tr\u00e4.<\/p>\n<p><b>Specifikationer:<\/b><\/p>\n<ul>\n<li>F\u00e4rg p\u00e5 lacken: Off White<\/li>\n<li>Volym: 20 ml<\/li>\n<\/ul>\n<p>F\u00e4rgen \u00e4r tillverkad av h\u00f6gkvalitativa ingredienser som garanterar j\u00e4mn applicering och l\u00e5ng h\u00e5llbarhet. Oavsett om du arbetar med ett kit f\u00f6r vuxna eller ett projekt f\u00f6r nyb\u00f6rjare kommer den h\u00e4r f\u00e4rgen att f\u00f6rb\u00e4ttra utseendet p\u00e5 din modell.<\/p>\n<p>Modellbyggandet har en l\u00e5ng och rik historia, fr\u00e5n de f\u00f6rsta skeppsmodellerna i tr\u00e4 till dagens detaljerade plastmodeller och modellj\u00e4rnv\u00e4gar. Genom att l\u00e4gga till den h\u00e4r f\u00e4rgen i din verktygsl\u00e5da blir du en del av den h\u00e4r traditionen och tar dina modellf\u00e4rdigheter till n\u00e4sta niv\u00e5.<\/p>\n<p>Genom att v\u00e4lja 20 ml Off White-f\u00e4rg investerar du i kvalitet och realism f\u00f6r dina modeller. V\u00e4nta inte l\u00e4ngre, f\u00f6rb\u00e4ttra din modelleringsupplevelse nu! Se urvalet och best\u00e4ll nu.<\/p>","protected":false},"excerpt":{"rendered":"<p>Ge dina modeller den perfekta finishen med v\u00e5r 20 ml Off White-f\u00e4rg. Perfekt f\u00f6r b\u00e5de nyb\u00f6rjare och erfarna modellentusiaster.<\/p>","protected":false},"featured_media":8156,"comment_status":"open","ping_status":"closed","template":"","meta":[],"product_brand":[97],"product_cat":[70],"product_tag":[],"class_list":{"0":"post-8157","1":"product","2":"type-product","3":"status-publish","4":"has-post-thumbnail","6":"product_brand-artesania","7":"product_cat-artesania-maling","9":"first","10":"outofstock","11":"taxable","12":"shipping-taxable","13":"purchasable","14":"product-type-simple"},"_links":{"self":[{"href":"https:\/\/bigfunhobby.com\/sv\/wp-json\/wp\/v2\/product\/8157","targetHints":{"allow":["GET"]}}],"collection":[{"href":"https:\/\/bigfunhobby.com\/sv\/wp-json\/wp\/v2\/product"}],"about":[{"href":"https:\/\/bigfunhobby.com\/sv\/wp-json\/wp\/v2\/types\/product"}],"replies":[{"embeddable":true,"href":"https:\/\/bigfunhobby.com\/sv\/wp-json\/wp\/v2\/comments?post=8157"}],"wp:featuredmedia":[{"embeddable":true,"href":"https:\/\/bigfunhobby.com\/sv\/wp-json\/wp\/v2\/media\/8156"}],"wp:attachment":[{"href":"https:\/\/bigfunhobby.com\/sv\/wp-json\/wp\/v2\/media?parent=8157"}],"wp:term":[{"taxonomy":"product_brand","embeddable":true,"href":"https:\/\/bigfunhobby.com\/sv\/wp-json\/wp\/v2\/product_brand?post=8157"},{"taxonomy":"product_cat","embeddable":true,"href":"https:\/\/bigfunhobby.com\/sv\/wp-json\/wp\/v2\/product_cat?post=8157"},{"taxonomy":"product_tag","embeddable":true,"href":"https:\/\/bigfunhobby.com\/sv\/wp-json\/wp\/v2\/product_tag?post=8157"}],"curies":[{"name":"wp","href":"https:\/\/api.w.org\/{rel}","templated":true}]}}