{"id":8221,"date":"2025-03-08T17:15:42","date_gmt":"2025-03-08T17:15:42","guid":{"rendered":"https:\/\/bigfunhobby.com\/butikk\/sunny-skin-tone-paint-20-ml\/"},"modified":"2025-12-04T10:59:36","modified_gmt":"2025-12-04T08:59:36","slug":"solig-hudtonfarg-20-ml","status":"publish","type":"product","link":"https:\/\/bigfunhobby.com\/sv\/butikk\/sunny-skin-tone-paint-20-ml\/","title":{"rendered":"SUNNY SKIN TONE PAINT - 20 ml"},"content":{"rendered":"<p>Vill du ge dina modeller en realistisk hudf\u00e4rg? D\u00e5 \u00e4r v\u00e5r SUNNY SKIN TONE PAINT - 20 ml det perfekta valet f\u00f6r dig. F\u00e4rgen l\u00e4mpar sig f\u00f6r alla typer av modellering, t.ex. plastmodeller, tr\u00e4skepp, modellj\u00e4rnv\u00e4gar och fj\u00e4rrstyrda fordon.<\/p>\n<p>Produktspecifikationer:<\/p>\n<ul>\n<li>Typ av f\u00e4rg: Hudf\u00e4rgad f\u00e4rg<\/li>\n<li>Kapacitet: 20 ml<\/li>\n<li>L\u00e4mplig f\u00f6r alla typer av modellering<\/li>\n<\/ul>\n<p>V\u00e5r SUNNY SKIN TONE PAINT - 20 ml \u00e4r l\u00e4tt att applicera, ger en j\u00e4mn f\u00e4rg och torkar snabbt. Den \u00e4r perfekt f\u00f6r b\u00e5de nyb\u00f6rjare som tar sina f\u00f6rsta steg i modellbyggandet och erfarna entusiaster som vill l\u00e4gga till realistiska detaljer i sina skalmodeller.<\/p>\n<p>Oavsett om du bygger en skeppsmodell i tr\u00e4, en plastmodell eller en modellj\u00e4rnv\u00e4g, kommer v\u00e5r SUNNY SKIN TONE PAINT - 20 ml att ge dina modeller det naturliga utseende du s\u00f6ker. Denna f\u00e4rg kommer utan tvekan att h\u00f6ja standarden p\u00e5 din modellering och l\u00e5ta dig visa upp dina f\u00e4rdigheter och din kreativitet.<\/p>\n<p>V\u00e4nta inte l\u00e4ngre, f\u00f6rb\u00e4ttra dina modeller med v\u00e5r SUNNY SKIN TONE PAINT - 20ml. K\u00f6p nu och upplev skillnaden sj\u00e4lv!<\/p>","protected":false},"excerpt":{"rendered":"<p>Healthy skin tone paint - 20 ml \u00e4r perfekt f\u00f6r att ge dina modeller en realistisk hudf\u00e4rg. L\u00e4mplig f\u00f6r b\u00e5de nyb\u00f6rjare och erfarna modellbyggare.<\/p>","protected":false},"featured_media":8220,"comment_status":"open","ping_status":"closed","template":"","meta":[],"product_brand":[97],"product_cat":[70],"product_tag":[],"class_list":{"0":"post-8221","1":"product","2":"type-product","3":"status-publish","4":"has-post-thumbnail","6":"product_brand-artesania","7":"product_cat-artesania-maling","9":"first","10":"instock","11":"taxable","12":"shipping-taxable","13":"purchasable","14":"product-type-simple"},"_links":{"self":[{"href":"https:\/\/bigfunhobby.com\/sv\/wp-json\/wp\/v2\/product\/8221","targetHints":{"allow":["GET"]}}],"collection":[{"href":"https:\/\/bigfunhobby.com\/sv\/wp-json\/wp\/v2\/product"}],"about":[{"href":"https:\/\/bigfunhobby.com\/sv\/wp-json\/wp\/v2\/types\/product"}],"replies":[{"embeddable":true,"href":"https:\/\/bigfunhobby.com\/sv\/wp-json\/wp\/v2\/comments?post=8221"}],"wp:featuredmedia":[{"embeddable":true,"href":"https:\/\/bigfunhobby.com\/sv\/wp-json\/wp\/v2\/media\/8220"}],"wp:attachment":[{"href":"https:\/\/bigfunhobby.com\/sv\/wp-json\/wp\/v2\/media?parent=8221"}],"wp:term":[{"taxonomy":"product_brand","embeddable":true,"href":"https:\/\/bigfunhobby.com\/sv\/wp-json\/wp\/v2\/product_brand?post=8221"},{"taxonomy":"product_cat","embeddable":true,"href":"https:\/\/bigfunhobby.com\/sv\/wp-json\/wp\/v2\/product_cat?post=8221"},{"taxonomy":"product_tag","embeddable":true,"href":"https:\/\/bigfunhobby.com\/sv\/wp-json\/wp\/v2\/product_tag?post=8221"}],"curies":[{"name":"wp","href":"https:\/\/api.w.org\/{rel}","templated":true}]}}