{"id":8223,"date":"2025-03-08T17:15:43","date_gmt":"2025-03-08T17:15:43","guid":{"rendered":"https:\/\/bigfunhobby.com\/butikk\/electric-soldering-iron-30w-220-volts\/"},"modified":"2025-12-04T10:59:36","modified_gmt":"2025-12-04T08:59:36","slug":"electric-soldering-iron-30w-220-volts","status":"publish","type":"product","link":"https:\/\/bigfunhobby.com\/sv\/butikk\/electric-soldering-iron-30w-220-volts\/","title":{"rendered":"Elektrisk l\u00f6dkolv 30W \/ 220 volt"},"content":{"rendered":"<p>Elektrisk Loddebolt 30W\/220V er et uunnv\u00e6rlig verkt\u00f8y for alle som holder p\u00e5 med byggesett og modellhobbyer. Dette er et kraftig og presist verkt\u00f8y, ideelt for oppgaver relatert til metallarbeid, som fotoetsing og messingarbeid. Perfekt for konstruksjon og elektrifisering av skalamodeller.<\/p>\n<p><strong>Specifikationer:<\/strong><\/p>\n<ul>\n<li>Str\u00f8m: 30 watt<\/li>\n<li>Elektrisk spenning: 220 volt<\/li>\n<li>Type: Blyant-type loddebolt<\/li>\n<\/ul>\n<p>Denne loddebolten er laget for presisjonsloddning med tinn, noe som gj\u00f8r den til et n\u00f8kkelverkt\u00f8y for alle modellbyggere. Enten du arbeider med treskipsmodeller, plastmodeller, modelljernbane eller fjernstyrte kj\u00f8ret\u00f8y, vil denne loddebolten hjelpe deg med \u00e5 oppn\u00e5 profesjonelle resultater.<\/p>\n<p>Uansett om du er en erfaren entusiast innen modellbygging, eller en nybegynner som er ivrig etter \u00e5 l\u00e6re, er denne loddebolten et verdifullt tillegg til verkstedet ditt. Den lar deg ta p\u00e5 deg mer komplekse prosjekter og forbedre ferdighetene dine innen modellbygging.<\/p>\n<p>Ikke g\u00e5 glipp av muligheten til \u00e5 ta modellbyggingsprosjektene dine til neste niv\u00e5. <strong>Kj\u00f8p Elektrisk Loddebolt 30W\/220V n\u00e5 og oppdag nye muligheter innen modellbygging.<\/strong><\/p>","protected":false},"excerpt":{"rendered":"<p>Elektrisk Loddebolt 30W\/220V er et essensielt verkt\u00f8y for presisjonsloddning i metallarbeid, ideelt for b\u00e5de byggesett og modellhobbyer.<\/p>","protected":false},"featured_media":8222,"comment_status":"open","ping_status":"closed","template":"","meta":[],"product_brand":[97],"product_cat":[58],"product_tag":[],"class_list":{"0":"post-8223","1":"product","2":"type-product","3":"status-publish","4":"has-post-thumbnail","6":"product_brand-artesania","7":"product_cat-verktoy","9":"first","10":"instock","11":"taxable","12":"shipping-taxable","13":"purchasable","14":"product-type-simple"},"_links":{"self":[{"href":"https:\/\/bigfunhobby.com\/sv\/wp-json\/wp\/v2\/product\/8223","targetHints":{"allow":["GET"]}}],"collection":[{"href":"https:\/\/bigfunhobby.com\/sv\/wp-json\/wp\/v2\/product"}],"about":[{"href":"https:\/\/bigfunhobby.com\/sv\/wp-json\/wp\/v2\/types\/product"}],"replies":[{"embeddable":true,"href":"https:\/\/bigfunhobby.com\/sv\/wp-json\/wp\/v2\/comments?post=8223"}],"wp:featuredmedia":[{"embeddable":true,"href":"https:\/\/bigfunhobby.com\/sv\/wp-json\/wp\/v2\/media\/8222"}],"wp:attachment":[{"href":"https:\/\/bigfunhobby.com\/sv\/wp-json\/wp\/v2\/media?parent=8223"}],"wp:term":[{"taxonomy":"product_brand","embeddable":true,"href":"https:\/\/bigfunhobby.com\/sv\/wp-json\/wp\/v2\/product_brand?post=8223"},{"taxonomy":"product_cat","embeddable":true,"href":"https:\/\/bigfunhobby.com\/sv\/wp-json\/wp\/v2\/product_cat?post=8223"},{"taxonomy":"product_tag","embeddable":true,"href":"https:\/\/bigfunhobby.com\/sv\/wp-json\/wp\/v2\/product_tag?post=8223"}],"curies":[{"name":"wp","href":"https:\/\/api.w.org\/{rel}","templated":true}]}}