{"id":8225,"date":"2025-03-08T17:15:44","date_gmt":"2025-03-08T17:15:44","guid":{"rendered":"https:\/\/bigfunhobby.com\/butikk\/electric-plank-bender-for-wood-modeling\/"},"modified":"2025-12-04T10:59:47","modified_gmt":"2025-12-04T08:59:47","slug":"elektrisk-plankbockare-for-tramodellering","status":"publish","type":"product","link":"https:\/\/bigfunhobby.com\/sv\/butikk\/electric-plank-bender-for-wood-modeling\/","title":{"rendered":"Elektrisk plankbockare f\u00f6r tr\u00e4modellering"},"content":{"rendered":"<p>Den h\u00e4r elektriska plankbockaren f\u00f6r modellering \u00e4r ett ov\u00e4rderligt verktyg f\u00f6r alla som arbetar med tr\u00e4byggsatser, s\u00e4rskilt f\u00f6r dem som bygger skeppsmodeller i tr\u00e4. Med hj\u00e4lp av det h\u00e4r verktyget kan du b\u00f6ja och forma tr\u00e4\u00e4mnen som \u00e4r upp till 3 mm tjocka och ge dem den kr\u00f6kning de beh\u00f6ver.<\/p>\n<h2>ELEKTRISK PLANKBOCKARE F\u00d6R FORMNING AV TR\u00c4\u00c4MNEN<\/h2>\n<p>Den elektriska plankbockaren \u00e4r ett viktigt verktyg f\u00f6r att framg\u00e5ngsrikt bocka alla tr\u00e4arbetsstycken upp till 3 mm. I satsen ing\u00e5r f\u00f6ljande delar: en elektrisk svetsare, en m\u00e4ssingsspets f\u00f6r b\u00f6jning av tr\u00e4, ett metallst\u00f6d f\u00f6r att f\u00f6rhindra att svetsaren br\u00e4nner arbetsytan, en skruvmejsel f\u00f6r att dra \u00e5t spetsen till enheten, en tr\u00e4mall med sammansatta kurvor och, som en extra bonus, en burk vitt lim f\u00f6r modellbyggare.<\/p>\n<p>Med detta elektriska plankbockningsset har du allt du beh\u00f6ver f\u00f6r att forma tr\u00e4\u00e4mnena till dina modeller. Du kommer att uppn\u00e5 extraordin\u00e4ra resultat, det garanterar vi.<\/p>\n<p><b>OBS!<\/b> F\u00f6r b\u00e4sta resultat rekommenderar vi att du fuktar tr\u00e4et i f\u00f6rv\u00e4g.<\/p>\n<p>Oavsett om du \u00e4r nyb\u00f6rjare eller en erfaren modellentusiast kommer den h\u00e4r elektriska plankbockaren att bli ett ov\u00e4rderligt tillskott till din verktygsl\u00e5da. Missa inte chansen att ta din modellering till n\u00e4sta niv\u00e5. Se v\u00e5rt urval och best\u00e4ll din elektriska plankbockare idag!<\/p>","protected":false},"excerpt":{"rendered":"<p>Den elektriska plankbockaren f\u00f6r modellering \u00e4r ett unikt verktyg f\u00f6r att forma tr\u00e4\u00e4mnen med en tjocklek p\u00e5 upp till 3 mm, perfekt f\u00f6r tr\u00e4byggsatser som t.ex. skeppsmodeller i tr\u00e4.<\/p>","protected":false},"featured_media":8224,"comment_status":"open","ping_status":"closed","template":"","meta":[],"product_brand":[97],"product_cat":[58],"product_tag":[],"class_list":{"0":"post-8225","1":"product","2":"type-product","3":"status-publish","4":"has-post-thumbnail","6":"product_brand-artesania","7":"product_cat-verktoy","9":"first","10":"outofstock","11":"taxable","12":"shipping-taxable","13":"purchasable","14":"product-type-simple"},"_links":{"self":[{"href":"https:\/\/bigfunhobby.com\/sv\/wp-json\/wp\/v2\/product\/8225","targetHints":{"allow":["GET"]}}],"collection":[{"href":"https:\/\/bigfunhobby.com\/sv\/wp-json\/wp\/v2\/product"}],"about":[{"href":"https:\/\/bigfunhobby.com\/sv\/wp-json\/wp\/v2\/types\/product"}],"replies":[{"embeddable":true,"href":"https:\/\/bigfunhobby.com\/sv\/wp-json\/wp\/v2\/comments?post=8225"}],"wp:featuredmedia":[{"embeddable":true,"href":"https:\/\/bigfunhobby.com\/sv\/wp-json\/wp\/v2\/media\/8224"}],"wp:attachment":[{"href":"https:\/\/bigfunhobby.com\/sv\/wp-json\/wp\/v2\/media?parent=8225"}],"wp:term":[{"taxonomy":"product_brand","embeddable":true,"href":"https:\/\/bigfunhobby.com\/sv\/wp-json\/wp\/v2\/product_brand?post=8225"},{"taxonomy":"product_cat","embeddable":true,"href":"https:\/\/bigfunhobby.com\/sv\/wp-json\/wp\/v2\/product_cat?post=8225"},{"taxonomy":"product_tag","embeddable":true,"href":"https:\/\/bigfunhobby.com\/sv\/wp-json\/wp\/v2\/product_tag?post=8225"}],"curies":[{"name":"wp","href":"https:\/\/api.w.org\/{rel}","templated":true}]}}