{"id":8227,"date":"2025-03-08T17:15:44","date_gmt":"2025-03-08T17:15:44","guid":{"rendered":"https:\/\/bigfunhobby.com\/butikk\/150-mercantic-wooden-hull\/"},"modified":"2025-12-04T10:59:47","modified_gmt":"2025-12-04T08:59:47","slug":"150-mercantic-wooden-hull","status":"publish","type":"product","link":"https:\/\/bigfunhobby.com\/sv\/butikk\/150-mercantic-wooden-hull\/","title":{"rendered":"1:50 Mercantic - Tr\u00e4skrov"},"content":{"rendered":"<p>Dette er et byggesett for en 1:50 Mercantic med et detaljert trehull. Det gir deg muligheten til \u00e5 bygge en n\u00f8yaktig skalamodell av M\/S Mercantic, et tradisjonelt frakteskip som var sv\u00e6rt vanlig fra 1960-tallet til 1990-tallet. Dette er et ideelt byggesett for b\u00e5de nybegynnere og erfarne modellbyggere.<\/p>\n<p><strong>Specifikationer:<\/strong><\/p>\n<ul>\n<li>Skala: 1:50<\/li>\n<li>H\u00f8yde: 36 cm<\/li>\n<li>Lengde: 96 cm<\/li>\n<li>Bredde: 18 cm<\/li>\n<\/ul>\n<p><strong>Material:<\/strong><\/p>\n<p>Dette byggesettet kommer med et solid trehull, noe som gir en autentisk f\u00f8lelse og utseende til modellen.<\/p>\n<p><strong>Historia:<\/strong><\/p>\n<p>M\/S Mercantic ble bygget i 1964 av H. C. Christensens Staalskibsv\u00e6rft, Marstal, Danmark. Skipet ble bestilt av Per Henriksen og var det f\u00f8rste skipet til Mercandia shipping lines. M\/S Mercantic ble solgt og omd\u00f8pt flere ganger, og i 2004 ble det solgt til Wade Group, Portsmouth, Den dominikanske republikk og omd\u00f8pt til &#8216;Love Divine&#8217;. Skipet gikk p\u00e5 grunn den 22. august 2012 i Vestindia.<\/p>\n<p>Med dette byggesettet kan du gjenoppleve en del av sj\u00f8fartshistorien og skape din egen modell av dette ikoniske skipet. Uansett om du er en entusiast for modellbygging eller bare ute etter en ny hobby, vil dette treskipsmodellbyggesettet gi deg mange timer med kreativ moro.<\/p>\n<p><strong>Boka nu<\/strong> og start ditt neste modellbyggingsprosjekt med 1:50 Mercantic med trehull.<\/p>","protected":false},"excerpt":{"rendered":"<p>Byggesett for 1:50 Mercantic med trehull, en detaljert skalamodell av det tradisjonelle frakteskipet fra 1960-tallet. Perfekt for b\u00e5de nybegynnere og erfarne modellbyggere.<\/p>","protected":false},"featured_media":8226,"comment_status":"open","ping_status":"closed","template":"","meta":[],"product_brand":[96],"product_cat":[53],"product_tag":[],"class_list":{"0":"post-8227","1":"product","2":"type-product","3":"status-publish","4":"has-post-thumbnail","6":"product_brand-billing-boats","7":"product_cat-bater-billing-boats","9":"first","10":"instock","11":"taxable","12":"shipping-taxable","13":"purchasable","14":"product-type-simple"},"_links":{"self":[{"href":"https:\/\/bigfunhobby.com\/sv\/wp-json\/wp\/v2\/product\/8227","targetHints":{"allow":["GET"]}}],"collection":[{"href":"https:\/\/bigfunhobby.com\/sv\/wp-json\/wp\/v2\/product"}],"about":[{"href":"https:\/\/bigfunhobby.com\/sv\/wp-json\/wp\/v2\/types\/product"}],"replies":[{"embeddable":true,"href":"https:\/\/bigfunhobby.com\/sv\/wp-json\/wp\/v2\/comments?post=8227"}],"wp:featuredmedia":[{"embeddable":true,"href":"https:\/\/bigfunhobby.com\/sv\/wp-json\/wp\/v2\/media\/8226"}],"wp:attachment":[{"href":"https:\/\/bigfunhobby.com\/sv\/wp-json\/wp\/v2\/media?parent=8227"}],"wp:term":[{"taxonomy":"product_brand","embeddable":true,"href":"https:\/\/bigfunhobby.com\/sv\/wp-json\/wp\/v2\/product_brand?post=8227"},{"taxonomy":"product_cat","embeddable":true,"href":"https:\/\/bigfunhobby.com\/sv\/wp-json\/wp\/v2\/product_cat?post=8227"},{"taxonomy":"product_tag","embeddable":true,"href":"https:\/\/bigfunhobby.com\/sv\/wp-json\/wp\/v2\/product_tag?post=8227"}],"curies":[{"name":"wp","href":"https:\/\/api.w.org\/{rel}","templated":true}]}}