{"id":8233,"date":"2025-03-08T17:15:46","date_gmt":"2025-03-08T17:15:46","guid":{"rendered":"https:\/\/bigfunhobby.com\/butikk\/occre-workshop-cabinet\/"},"modified":"2026-03-03T12:26:14","modified_gmt":"2026-03-03T10:26:14","slug":"occre-workshop-cabinet","status":"publish","type":"product","link":"https:\/\/bigfunhobby.com\/sv\/butikk\/occre-workshop-cabinet\/","title":{"rendered":"OcCre - Verkstadssk\u00e5p"},"content":{"rendered":"<p>For alle entusiaster av modellbygging, presenterer vi OcCre &#8211; Workshop Cabinet. Dette er et uunnv\u00e6rlig element i prosessen med \u00e5 montere og utstyre en modell, uavhengig av om du bygger en treskipsmodell, plastmodell, modelljernbane, eller en fjernstyrt bil. <\/p>\n<p>Workshop Cabinet gir deg muligheten til \u00e5 holde alle verkt\u00f8yene dine sammen med modellen p\u00e5 en ryddig og kompakt plass. Dette er ideelt for \u00e5 holde arbeidsomr\u00e5det ditt organisert og effektivt. <\/p>\n<p>I v\u00e5rt byggesett finner du alle trekomponentene forh\u00e5ndskutt og klare for montering av ditt eget verksted. Byggesettet inkluderer ogs\u00e5 kompartmentaliserte plastskuffer for \u00e5 organisere og oppbevare delene av modellen.<\/p>\n<ul>\n<li>Alle komponentene kommer uferdige, klar for din egen tilpassing.<\/li>\n<li>Byggesettet inkluderer ikke verkt\u00f8y eller maling.<\/li>\n<li>Sv\u00e6rt velegnet for alle typer modellbygging, fra jernbane og sj\u00f8fart til trikk og flymodeller.<\/li>\n<\/ul>\n<p>\u00c5 bygge din egen Workshop Cabinet kan v\u00e6re like givende som \u00e5 bygge modellene selv. Det gir deg en praktisk og personlig plass til \u00e5 jobbe og lagre verkt\u00f8y, skalamodeller og tilbeh\u00f8r. <\/p>\n<p>N\u00e5 er det p\u00e5 tide \u00e5 ta modellbyggingen til et nytt niv\u00e5 med et organisert arbeidsomr\u00e5de. Bestill ditt Workshop Cabinet byggesett i dag, og opplev forskjellen det gj\u00f8r for din modellbyggingshobby.<\/p>","protected":false},"excerpt":{"rendered":"<p>OcCre &#8211; Workshop Cabinet er et n\u00f8dvendig verkt\u00f8y for modellbyggere, som gir en organisert og kompakt plass til oppbevaring av verkt\u00f8y og modellkomponenter.<\/p>","protected":false},"featured_media":8232,"comment_status":"open","ping_status":"closed","template":"","meta":[],"product_brand":[95],"product_cat":[58],"product_tag":[],"class_list":{"0":"post-8233","1":"product","2":"type-product","3":"status-publish","4":"has-post-thumbnail","6":"product_brand-occre","7":"product_cat-verktoy","9":"first","10":"instock","11":"taxable","12":"shipping-taxable","13":"purchasable","14":"product-type-simple"},"_links":{"self":[{"href":"https:\/\/bigfunhobby.com\/sv\/wp-json\/wp\/v2\/product\/8233","targetHints":{"allow":["GET"]}}],"collection":[{"href":"https:\/\/bigfunhobby.com\/sv\/wp-json\/wp\/v2\/product"}],"about":[{"href":"https:\/\/bigfunhobby.com\/sv\/wp-json\/wp\/v2\/types\/product"}],"replies":[{"embeddable":true,"href":"https:\/\/bigfunhobby.com\/sv\/wp-json\/wp\/v2\/comments?post=8233"}],"wp:featuredmedia":[{"embeddable":true,"href":"https:\/\/bigfunhobby.com\/sv\/wp-json\/wp\/v2\/media\/8232"}],"wp:attachment":[{"href":"https:\/\/bigfunhobby.com\/sv\/wp-json\/wp\/v2\/media?parent=8233"}],"wp:term":[{"taxonomy":"product_brand","embeddable":true,"href":"https:\/\/bigfunhobby.com\/sv\/wp-json\/wp\/v2\/product_brand?post=8233"},{"taxonomy":"product_cat","embeddable":true,"href":"https:\/\/bigfunhobby.com\/sv\/wp-json\/wp\/v2\/product_cat?post=8233"},{"taxonomy":"product_tag","embeddable":true,"href":"https:\/\/bigfunhobby.com\/sv\/wp-json\/wp\/v2\/product_tag?post=8233"}],"curies":[{"name":"wp","href":"https:\/\/api.w.org\/{rel}","templated":true}]}}