{"id":8241,"date":"2025-03-08T17:15:48","date_gmt":"2025-03-08T17:15:48","guid":{"rendered":"https:\/\/bigfunhobby.com\/butikk\/hms-victory\/"},"modified":"2025-12-04T10:59:47","modified_gmt":"2025-12-04T08:59:47","slug":"hms-seger","status":"publish","type":"product","link":"https:\/\/bigfunhobby.com\/sv\/butikk\/hms-victory\/","title":{"rendered":"PR001 - HMS Seger"},"content":{"rendered":"<p>Vi har n\u00f6jet att presentera HMS Victory, en unik modellbyggsats f\u00f6r tr\u00e4fartyg fr\u00e5n OcCre. Detta \u00e4r en begr\u00e4nsad upplaga, med endast 999 enheter producerade globalt. Varje enhet \u00e4r numrerad, vilket garanterar ett unikt tillskott till din samling. Det h\u00e4r \u00e4r en hyllning till historien som bara ett f\u00e5tal kommer att \u00e4ga.<\/p>\n<p>HMS Victory \u00e4r resultatet av mer \u00e4n tv\u00e5 \u00e5rs utvecklingsarbete av OcCres skickliga hantverkare. Denna modell levereras med officiell certifiering fr\u00e5n <a href=\"https:\/\/www.nmrn.org.uk\/visit-us\/portsmouth-historic-dockyard\/hms-victory\" target=\"_blank\" rel=\"noopener\"><span>National Museum of the Royal Navy<\/span><\/a>.<\/p>\n<h2>Specifikationer<\/h2>\n<p>Skala: 1\/87, Bredd: 406 mm, H\u00f6jd: 785mm, L\u00e4ngd: 1172mm<\/p>\n<h2>Material<\/h2>\n<ul>\n<li>Massiv ek<\/li>\n<li>Mahogny<\/li>\n<li>Bomull till seglen<\/li>\n<li>Detaljer i gjutgods och m\u00e4ssing<\/li>\n<\/ul>\n<h2>V\u00e5r historia<\/h2>\n<p>HMS Victory \u00e4r ett brittiskt linjeskepp, k\u00e4nt f\u00f6r sitt deltagande i slaget vid Trafalgar 1805 som amiral Horatio Nelsons flaggskepp. Vid den tiden var det det st\u00f6rsta fartyget i den brittiska Royal Navy. Idag \u00e4r Victory fortfarande flaggskepp f\u00f6r den brittiska marinens Second Sea Lord, en hedersbetygelse inom den brittiska Royal Navy.<\/p>\n<p>F\u00f6r mer detaljerad information, videor etc, bes\u00f6k <a href=\"https:\/\/occre.com\/en\/products\/hms-victory-premium\" target=\"_blank\" rel=\"noopener\">OCCRE:s sidor f\u00f6r HMS Victory<\/a><\/p>\n<p>L\u00e4gg till denna exklusiva och historiska tr\u00e4fartygsmodell i din samling. K\u00f6p HMS Victory nu!<\/p>","protected":false},"excerpt":{"rendered":"<p>HMS Victory \u00e4r en exklusiv byggsats i tr\u00e4, en trogen kopia av det historiska brittiska fartyget. Det \u00e4r en begr\u00e4nsad upplaga med endast 999 enheter producerade globalt.<\/p>","protected":false},"featured_media":8240,"comment_status":"open","ping_status":"closed","template":"","meta":[],"product_brand":[95],"product_cat":[67],"product_tag":[],"class_list":{"0":"post-8241","1":"product","2":"type-product","3":"status-publish","4":"has-post-thumbnail","6":"product_brand-occre","7":"product_cat-bater-occre","9":"first","10":"outofstock","11":"taxable","12":"shipping-taxable","13":"purchasable","14":"product-type-simple"},"_links":{"self":[{"href":"https:\/\/bigfunhobby.com\/sv\/wp-json\/wp\/v2\/product\/8241","targetHints":{"allow":["GET"]}}],"collection":[{"href":"https:\/\/bigfunhobby.com\/sv\/wp-json\/wp\/v2\/product"}],"about":[{"href":"https:\/\/bigfunhobby.com\/sv\/wp-json\/wp\/v2\/types\/product"}],"replies":[{"embeddable":true,"href":"https:\/\/bigfunhobby.com\/sv\/wp-json\/wp\/v2\/comments?post=8241"}],"wp:featuredmedia":[{"embeddable":true,"href":"https:\/\/bigfunhobby.com\/sv\/wp-json\/wp\/v2\/media\/8240"}],"wp:attachment":[{"href":"https:\/\/bigfunhobby.com\/sv\/wp-json\/wp\/v2\/media?parent=8241"}],"wp:term":[{"taxonomy":"product_brand","embeddable":true,"href":"https:\/\/bigfunhobby.com\/sv\/wp-json\/wp\/v2\/product_brand?post=8241"},{"taxonomy":"product_cat","embeddable":true,"href":"https:\/\/bigfunhobby.com\/sv\/wp-json\/wp\/v2\/product_cat?post=8241"},{"taxonomy":"product_tag","embeddable":true,"href":"https:\/\/bigfunhobby.com\/sv\/wp-json\/wp\/v2\/product_tag?post=8241"}],"curies":[{"name":"wp","href":"https:\/\/api.w.org\/{rel}","templated":true}]}}