{"id":8245,"date":"2025-03-08T17:15:49","date_gmt":"2025-03-08T17:15:49","guid":{"rendered":"https:\/\/bigfunhobby.com\/butikk\/uhu-uhu-super-glue-3-gr-pipette-tyntflytende\/"},"modified":"2025-12-04T10:59:47","modified_gmt":"2025-12-04T08:59:47","slug":"uhu-uhu-superlim-3-gr-pipett-tunn-vatska","status":"publish","type":"product","link":"https:\/\/bigfunhobby.com\/sv\/butikk\/uhu-uhu-super-glue-3-gr-pipette-tyntflytende\/","title":{"rendered":"UHU Uhu superlim 3 gr pipett tunn v\u00e4tska"},"content":{"rendered":"<p>\nUHU Superglue i 3 grams pipett \u00e4r ett speciallim f\u00f6r dig som beh\u00f6ver extra precision n\u00e4r du monterar dina modellbyggsatser. Det \u00e4r ett tunnflytande lim som \u00e4r l\u00e4tt att applicera och torkar snabbt, vilket g\u00f6r det perfekt f\u00f6r b\u00e5de plastmodellbygge, tr\u00e4fartygsmodeller och modellj\u00e4rnv\u00e4gsbygge.\n<\/p>\n<p>\n<strong>Specifikationer:<\/strong><\/p>\n<ul>\n<li>Typ av produkt Superlim<\/li>\n<li>Kapacitet: 3 gram<\/li>\n<li>Appliceringsmetod: Pipett<\/li>\n<li>L\u00e4mplig f\u00f6r: Plast, tr\u00e4, metall m.m.<\/li>\n<\/ul>\n<p>\n\u00c4nda sedan UHU grundades 1905 har de \u00e4gnat sig \u00e5t att producera h\u00f6gkvalitativa limprodukter f\u00f6r alla typer av byggprojekt. UHU Superglue \u00e4r resultatet av detta engagemang och erbjuder en l\u00f6sning som \u00e4r b\u00e5de stark och p\u00e5litlig.\n<\/p>\n<p>\nOavsett om du \u00e4r en erfaren modellbyggare eller en nyb\u00f6rjare som vill b\u00f6rja med din f\u00f6rsta byggsats kommer du att uppskatta den exakta appliceringen och den snabba torktiden som UHU Superglue erbjuder.\n<\/p>\n<p>\nV\u00e4nta inte l\u00e4ngre med att slutf\u00f6ra ditt n\u00e4sta byggprojekt. Best\u00e4ll UHU Superglue i en 3 grams pipett idag och upplev vilken skillnad det kan g\u00f6ra f\u00f6r din modellering.<\/p>","protected":false},"excerpt":{"rendered":"<p>UHU Superglue i 3 grams pipett \u00e4r ett tunnflytande lim som \u00e4r perfekt f\u00f6r exakt applicering vid modellbygge.<\/p>","protected":false},"featured_media":8244,"comment_status":"open","ping_status":"closed","template":"","meta":[],"product_brand":[],"product_cat":[58],"product_tag":[],"class_list":{"0":"post-8245","1":"product","2":"type-product","3":"status-publish","4":"has-post-thumbnail","6":"product_cat-verktoy","8":"first","9":"instock","10":"taxable","11":"shipping-taxable","12":"purchasable","13":"product-type-simple"},"_links":{"self":[{"href":"https:\/\/bigfunhobby.com\/sv\/wp-json\/wp\/v2\/product\/8245","targetHints":{"allow":["GET"]}}],"collection":[{"href":"https:\/\/bigfunhobby.com\/sv\/wp-json\/wp\/v2\/product"}],"about":[{"href":"https:\/\/bigfunhobby.com\/sv\/wp-json\/wp\/v2\/types\/product"}],"replies":[{"embeddable":true,"href":"https:\/\/bigfunhobby.com\/sv\/wp-json\/wp\/v2\/comments?post=8245"}],"wp:featuredmedia":[{"embeddable":true,"href":"https:\/\/bigfunhobby.com\/sv\/wp-json\/wp\/v2\/media\/8244"}],"wp:attachment":[{"href":"https:\/\/bigfunhobby.com\/sv\/wp-json\/wp\/v2\/media?parent=8245"}],"wp:term":[{"taxonomy":"product_brand","embeddable":true,"href":"https:\/\/bigfunhobby.com\/sv\/wp-json\/wp\/v2\/product_brand?post=8245"},{"taxonomy":"product_cat","embeddable":true,"href":"https:\/\/bigfunhobby.com\/sv\/wp-json\/wp\/v2\/product_cat?post=8245"},{"taxonomy":"product_tag","embeddable":true,"href":"https:\/\/bigfunhobby.com\/sv\/wp-json\/wp\/v2\/product_tag?post=8245"}],"curies":[{"name":"wp","href":"https:\/\/api.w.org\/{rel}","templated":true}]}}