{"id":8247,"date":"2025-03-08T17:15:49","date_gmt":"2025-03-08T17:15:49","guid":{"rendered":"https:\/\/bigfunhobby.com\/butikk\/uhu-uhu-universal-lim-35ml\/"},"modified":"2025-12-04T10:59:47","modified_gmt":"2025-12-04T08:59:47","slug":"uhu-uhu-universal-lim-35ml","status":"publish","type":"product","link":"https:\/\/bigfunhobby.com\/sv\/butikk\/uhu-uhu-universal-lim-35ml\/","title":{"rendered":"UHU Uhu universal-lim 35ml"},"content":{"rendered":"<p>UHU universallim er et h\u00f8ykvalitets produkt som er essensielt for enhver modellbygger, uavhengig av erfaring. Dette universallimet kan brukes p\u00e5 en rekke forskjellige materialer, noe som gj\u00f8r det til et utmerket valg for alle dine modellbyggingsbehov. <\/p>\n<ul>\n<li><strong>Effektivitet:<\/strong> UHU universallim har en kraftig limende effekt som s\u00f8rger for at delene dine sitter godt sammen.<\/li>\n<li><strong>Allsidighet:<\/strong> Dette produktet kan brukes p\u00e5 en rekke forskjellige materialer, inkludert tre for treskipsmodeller, plast for plastmodeller og mye mer.<\/li>\n<li><strong>Praktisk:<\/strong> Med en st\u00f8rrelse p\u00e5 35 ml, er dette limet lett \u00e5 h\u00e5ndtere og gir deg nok produkt til flere prosjekter.<\/li>\n<\/ul>\n<p>UHU er et veletablert merke kjent for \u00e5 lage lim av h\u00f8y kvalitet. Dette universallimet fortsetter denne tradisjonen ved \u00e5 tilby et p\u00e5litelig og effektivt produkt som passer for alle typer modellbygging, enten det er treskipsmodeller, plastmodeller eller modelljernbane. <\/p>\n<p>Du har n\u00e5 muligheten til \u00e5 l\u00f8fte modellbyggingen din til et nytt niv\u00e5 med UHU universallim. Ikke vent, gj\u00f8r modellbyggingen enklere og mer effektiv ved \u00e5 <a href='#'>bestille UHU universallim n\u00e5<\/a>.<\/p>","protected":false},"excerpt":{"rendered":"<p>UHU universallim er et effektivt lim som kan brukes p\u00e5 et bredt spekter av materialer, perfekt for b\u00e5de nybegynnere og erfarne modellbyggere.<\/p>","protected":false},"featured_media":8246,"comment_status":"open","ping_status":"closed","template":"","meta":[],"product_brand":[],"product_cat":[58],"product_tag":[],"class_list":{"0":"post-8247","1":"product","2":"type-product","3":"status-publish","4":"has-post-thumbnail","6":"product_cat-verktoy","8":"first","9":"instock","10":"taxable","11":"shipping-taxable","12":"purchasable","13":"product-type-simple"},"_links":{"self":[{"href":"https:\/\/bigfunhobby.com\/sv\/wp-json\/wp\/v2\/product\/8247","targetHints":{"allow":["GET"]}}],"collection":[{"href":"https:\/\/bigfunhobby.com\/sv\/wp-json\/wp\/v2\/product"}],"about":[{"href":"https:\/\/bigfunhobby.com\/sv\/wp-json\/wp\/v2\/types\/product"}],"replies":[{"embeddable":true,"href":"https:\/\/bigfunhobby.com\/sv\/wp-json\/wp\/v2\/comments?post=8247"}],"wp:featuredmedia":[{"embeddable":true,"href":"https:\/\/bigfunhobby.com\/sv\/wp-json\/wp\/v2\/media\/8246"}],"wp:attachment":[{"href":"https:\/\/bigfunhobby.com\/sv\/wp-json\/wp\/v2\/media?parent=8247"}],"wp:term":[{"taxonomy":"product_brand","embeddable":true,"href":"https:\/\/bigfunhobby.com\/sv\/wp-json\/wp\/v2\/product_brand?post=8247"},{"taxonomy":"product_cat","embeddable":true,"href":"https:\/\/bigfunhobby.com\/sv\/wp-json\/wp\/v2\/product_cat?post=8247"},{"taxonomy":"product_tag","embeddable":true,"href":"https:\/\/bigfunhobby.com\/sv\/wp-json\/wp\/v2\/product_tag?post=8247"}],"curies":[{"name":"wp","href":"https:\/\/api.w.org\/{rel}","templated":true}]}}