{"id":8257,"date":"2025-03-08T17:15:51","date_gmt":"2025-03-08T17:15:51","guid":{"rendered":"https:\/\/bigfunhobby.com\/butikk\/gauge-h0-branch-line-with-a-class-24-digital-starter-set-article-no-29244\/"},"modified":"2025-12-04T10:59:48","modified_gmt":"2025-12-04T08:59:48","slug":"gauge-h0-branch-line-with-a-class-24-digital-starter-set-article-no-29244","status":"publish","type":"product","link":"https:\/\/bigfunhobby.com\/sv\/butikk\/gauge-h0-branch-line-with-a-class-24-digital-starter-set-article-no-29244\/","title":{"rendered":"Gauge H0 -&laquo;Branch Line with a Class 24&raquo; Digital Starter Set Article No. 29244"},"content":{"rendered":"<p>Dette digitale startsettet for modelljernbane, &#8216;Branch Line with a Class 24&#8217;, er en autentisk skalamodell av en tysk grenlinje. Settet er perfekt for b\u00e5de nybegynnere og erfarne modelljernbane-entusiaster, og er en ideell introduksjon til den digitale verden av M&auml;rklin H0.<\/p>\n<p><strong>Specifikationer:<\/strong><\/p>\n<p>Damplokomotivet i klasse 24 kommer med en tender, og inkluderer Wagner r\u00f8ykavb\u00f8yer. Toget best\u00e5r av et type ABiwe standarddesign &#8216;Donnerb&uuml;chse&#8217; \/ &#8216;Thunder Box&#8217; vogn, 1. \/ 2. klasse, og to type Bie standarddesign &#8216;Donnerb&uuml;chse&#8217; \/ &#8216;Thunder Box&#8217; vogner, 2. klasse. L\u00f8pe- og kj\u00f8reverk er laget av metall, og det er installert en r\u00f8ykenhet (72270) p\u00e5 fabrikken. Det er ogs\u00e5 en spesiell motor montert i kjelen. Tre aksler er drevet og har friksjonsdekk. Togets lengde er 67,4 cm \/ 26-1\/2&#8242;.<\/p>\n<p><strong>Funktioner:<\/strong><\/p>\n<p>Lokomotivet har en mfx digital dekoder og omfattende lydfunksjoner. De tredoble frontlysene skifter med kj\u00f8reretningen og kan styres digitalt. Lysene er varmhvite LED-lys. Det er ogs\u00e5 en n\u00e6rkobling med en styringsmekanisme mellom lokomotivet og tenderen.<\/p>\n<p><strong>C Track layout:<\/strong><\/p>\n<p>Settet inkluderer 12 nr. 24130 buede spor, 4 nr. 24172 rette spor, og 4 nr. 24188 rette spor. I tillegg f\u00f8lger det med en sporforbindelsesboks, en 230 volt \/ 36 VA str\u00f8mforsyning og en Mobile Station. En illustrert instruksjonsbok med mange tips og ideer er ogs\u00e5 inkludert i settet. Dette settet kan utvides med C Track-utvidelsessettene og med hele C Track-programmet.<\/p>\n<p><strong>Historia:<\/strong><\/p>\n<p>Dette toget er en typisk grenlinjebane fra Era III.<\/p>\n<p>Utforsk spennende verden av modelljernbane med dette omfattende startsettet. Perfekt for entusiastiske byggere som \u00f8nsker \u00e5 utvide deres samling eller for nybegynnere som leter etter et ideelt startpunkt. <strong>Bestill ditt &#8216;Branch Line with a Class 24&#8217; startsett n\u00e5<\/strong>.<\/p>","protected":false},"excerpt":{"rendered":"<p>Digitalt startsett for modelljernbane &#8211; &#8216;Branch Line with a Class 24&#8217;. En autentisk skalamodell av en tysk grenlinje med damplokomotiv, komplett med innebygd r\u00f8ykenhet og omfattende lydfunksjoner.<\/p>","protected":false},"featured_media":8256,"comment_status":"open","ping_status":"closed","template":"","meta":[],"product_brand":[107],"product_cat":[72,113],"product_tag":[],"class_list":{"0":"post-8257","1":"product","2":"type-product","3":"status-publish","4":"has-post-thumbnail","6":"product_brand-marklin","7":"product_cat-marklin-h0-originalen","8":"product_cat-startersets","10":"first","11":"instock","12":"taxable","13":"shipping-taxable","14":"purchasable","15":"product-type-simple"},"_links":{"self":[{"href":"https:\/\/bigfunhobby.com\/sv\/wp-json\/wp\/v2\/product\/8257","targetHints":{"allow":["GET"]}}],"collection":[{"href":"https:\/\/bigfunhobby.com\/sv\/wp-json\/wp\/v2\/product"}],"about":[{"href":"https:\/\/bigfunhobby.com\/sv\/wp-json\/wp\/v2\/types\/product"}],"replies":[{"embeddable":true,"href":"https:\/\/bigfunhobby.com\/sv\/wp-json\/wp\/v2\/comments?post=8257"}],"wp:featuredmedia":[{"embeddable":true,"href":"https:\/\/bigfunhobby.com\/sv\/wp-json\/wp\/v2\/media\/8256"}],"wp:attachment":[{"href":"https:\/\/bigfunhobby.com\/sv\/wp-json\/wp\/v2\/media?parent=8257"}],"wp:term":[{"taxonomy":"product_brand","embeddable":true,"href":"https:\/\/bigfunhobby.com\/sv\/wp-json\/wp\/v2\/product_brand?post=8257"},{"taxonomy":"product_cat","embeddable":true,"href":"https:\/\/bigfunhobby.com\/sv\/wp-json\/wp\/v2\/product_cat?post=8257"},{"taxonomy":"product_tag","embeddable":true,"href":"https:\/\/bigfunhobby.com\/sv\/wp-json\/wp\/v2\/product_tag?post=8257"}],"curies":[{"name":"wp","href":"https:\/\/api.w.org\/{rel}","templated":true}]}}