{"id":8259,"date":"2025-03-08T17:15:52","date_gmt":"2025-03-08T17:15:52","guid":{"rendered":"https:\/\/bigfunhobby.com\/butikk\/gauge-h0-article-no-29464-belgian-freight-train-with-a-class-8000-digital-starter-set\/"},"modified":"2025-12-04T10:59:48","modified_gmt":"2025-12-04T08:59:48","slug":"gauge-h0-article-no-29464-belgian-freight-train-with-a-class-8000-digital-starter-set","status":"publish","type":"product","link":"https:\/\/bigfunhobby.com\/sv\/butikk\/gauge-h0-article-no-29464-belgian-freight-train-with-a-class-8000-digital-starter-set\/","title":{"rendered":"Gauge H0 Article NO: 29464 Belgian Freight Train with a Class 8000&#8243; Digital Starter Set"},"content":{"rendered":"<p>Dette er et komplett startsett for modelljernbane som tar deg med til Belgia i overgangsperioden mellom epoke III og IV. Settet inneholder en DHG 700 diesel lokomotiv fra Belgian State Railways (SNCB\/NMBS), ogs\u00e5 kjent som en Class 8000, sammen med en stakevogn, en tankvogn, og en boks vogn. Settet er i H0-skala (1:87), noe som gir en autentisk og realistisk opplevelse av modelljernbanebygging.<\/p>\n<p><strong>Specifikationer<\/strong><\/p>\n<ul>\n<li>Lokomotivet er utstyrt med en innebygd mfx digital decoder og en rekke lydfunksjoner for en mer realistisk opplevelse.<\/li>\n<li>Lokomotivet har tre frontlys som skifter med kj\u00f8reretningen, og kan styres b\u00e5de manuelt og digitalt.<\/li>\n<li>Et blinkende lys p\u00e5 f\u00f8rerhuset kan ogs\u00e5 kontrolleres digitalt.<\/li>\n<li>Lokomotivet har krokfester for enkel tilkobling av vognene.<\/li>\n<li>Togsettets totale lengde er omtrent 49,9 cm.<\/li>\n<\/ul>\n<p>Settet inkluderer ogs\u00e5 12 stk 24130 buede skinner, 4 stk 24172 rette skinner, og 4 stk 24188 rette skinner, samt en skinnekontaktboks, en str\u00f8mforsyning p\u00e5 230 volt \/ 36 VA, og en Mobile Station. Dette gir deg alt du trenger for \u00e5 komme i gang med modelljernbanebyggingen.<\/p>\n<p><strong>K\u00f6p nu<\/strong><\/p>\n<p>Uansett om du er nybegynner eller erfaren entusiast, er dette settet den ideelle m\u00e5ten \u00e5 begynne p\u00e5 i den digitale verdenen av modelljernbane. Med dette settet kan du enkelt utvide C-skinneutvalget og hele C-skinneprogrammet. Kj\u00f8p startsettet ditt her, og begynn modelljernbanebyggingen i dag!<\/p>","protected":false},"excerpt":{"rendered":"<p>Startsett for modelljernbane med belgisk fraktlok Class 8000 og tilh\u00f8rende vogner i H0-skala, komplett med digitale funksjoner for lys og lyd. Perfekt for b\u00e5de nybegynnere og erfarne entusiaster.<\/p>","protected":false},"featured_media":8258,"comment_status":"open","ping_status":"closed","template":"","meta":[],"product_brand":[107],"product_cat":[72,113],"product_tag":[],"class_list":{"0":"post-8259","1":"product","2":"type-product","3":"status-publish","4":"has-post-thumbnail","6":"product_brand-marklin","7":"product_cat-marklin-h0-originalen","8":"product_cat-startersets","10":"first","11":"instock","12":"taxable","13":"shipping-taxable","14":"purchasable","15":"product-type-simple"},"_links":{"self":[{"href":"https:\/\/bigfunhobby.com\/sv\/wp-json\/wp\/v2\/product\/8259","targetHints":{"allow":["GET"]}}],"collection":[{"href":"https:\/\/bigfunhobby.com\/sv\/wp-json\/wp\/v2\/product"}],"about":[{"href":"https:\/\/bigfunhobby.com\/sv\/wp-json\/wp\/v2\/types\/product"}],"replies":[{"embeddable":true,"href":"https:\/\/bigfunhobby.com\/sv\/wp-json\/wp\/v2\/comments?post=8259"}],"wp:featuredmedia":[{"embeddable":true,"href":"https:\/\/bigfunhobby.com\/sv\/wp-json\/wp\/v2\/media\/8258"}],"wp:attachment":[{"href":"https:\/\/bigfunhobby.com\/sv\/wp-json\/wp\/v2\/media?parent=8259"}],"wp:term":[{"taxonomy":"product_brand","embeddable":true,"href":"https:\/\/bigfunhobby.com\/sv\/wp-json\/wp\/v2\/product_brand?post=8259"},{"taxonomy":"product_cat","embeddable":true,"href":"https:\/\/bigfunhobby.com\/sv\/wp-json\/wp\/v2\/product_cat?post=8259"},{"taxonomy":"product_tag","embeddable":true,"href":"https:\/\/bigfunhobby.com\/sv\/wp-json\/wp\/v2\/product_tag?post=8259"}],"curies":[{"name":"wp","href":"https:\/\/api.w.org\/{rel}","templated":true}]}}