{"id":8263,"date":"2025-03-08T17:15:53","date_gmt":"2025-03-08T17:15:53","guid":{"rendered":"https:\/\/bigfunhobby.com\/butikk\/revell-compressor-starter-class\/"},"modified":"2025-12-04T10:59:48","modified_gmt":"2025-12-04T08:59:48","slug":"startklass-for-revellkompressor","status":"publish","type":"product","link":"https:\/\/bigfunhobby.com\/sv\/butikk\/revell-compressor-starter-class\/","title":{"rendered":"REVELL Kompressor \"Starter Class\""},"content":{"rendered":"<p>\nB\u00f6rja din modellbyggarresa med REVELL Compressor \"Starter Class\". Denna kompressor \u00e4r speciellt utformad f\u00f6r nyb\u00f6rjare inom modellbygge, men \u00e4r ocks\u00e5 ett gediget verktyg f\u00f6r erfarna entusiaster. Med sin kompakta storlek och b\u00e4rhandtag \u00e4r den l\u00e4tt att transportera och f\u00f6rvara.\n<\/p>\n<p>\nREVELL Compressor \"Starter Class\" \u00e4r en oljefri kolvkompressor, vilket inneb\u00e4r att den \u00e4r underh\u00e5llsfri och s\u00e4kerst\u00e4ller ren luft f\u00f6r dina projekt. Den fungerar b\u00e4st med sprutpistolen \"Starter Class\", vilket g\u00f6r den idealisk f\u00f6r b\u00e5de plastmodellering och byggande av skeppsmodeller i tr\u00e4.\n<\/p>\n<ul>\n<li>Typ av kompressor Oljefri kolvkompressor (220-240 V\/50 Hz\/90 W)<\/li>\n<li>Maximalt tryck: ca 3 bar<\/li>\n<li>Utmatning i liter luft: ca 11,5 l\/min.<\/li>\n<li>Bullerniv\u00e5: ca 57 db<\/li>\n<li>Tillbeh\u00f6r: Tryckregulator, b\u00e4rhandtag<\/li>\n<li>Anslutningar: Standardutrustad med anslutning till slangen (38230) p\u00e5 sprutpistolen i \"startklassen\". Obs: Slangen ing\u00e5r inte i satsen.<\/li>\n<\/ul>\n<p>\nOavsett om du \u00e4r ny i modellv\u00e4rlden eller en erfaren entusiast kommer REVELL Compressor \"Starter Class\" att hj\u00e4lpa dig att ta din hobby till nya h\u00f6jder. Det \u00e4r ett m\u00e5ste i varje modellverkstad.\n<\/p>\n<p>\nV\u00e4nta inte med att ta steget in i modelleringens v\u00e4rld. Best\u00e4ll din REVELL Compressor \"Starter Class\" idag och uppt\u00e4ck en ny dimension av kreativitet och precision.<\/p>","protected":false},"excerpt":{"rendered":"<p>Uppt\u00e4ck REVELL Compressor \"Starter Class\", en liten, b\u00e4rbar och oljefri kolvkompressor som \u00e4r idealisk f\u00f6r modellbyggare och nyb\u00f6rjare.<\/p>","protected":false},"featured_media":8262,"comment_status":"open","ping_status":"closed","template":"","meta":[],"product_brand":[104],"product_cat":[61],"product_tag":[],"class_list":{"0":"post-8263","1":"product","2":"type-product","3":"status-publish","4":"has-post-thumbnail","6":"product_brand-revell","7":"product_cat-malingsproyter-og-utstyr","9":"first","10":"instock","11":"taxable","12":"shipping-taxable","13":"purchasable","14":"product-type-simple"},"_links":{"self":[{"href":"https:\/\/bigfunhobby.com\/sv\/wp-json\/wp\/v2\/product\/8263","targetHints":{"allow":["GET"]}}],"collection":[{"href":"https:\/\/bigfunhobby.com\/sv\/wp-json\/wp\/v2\/product"}],"about":[{"href":"https:\/\/bigfunhobby.com\/sv\/wp-json\/wp\/v2\/types\/product"}],"replies":[{"embeddable":true,"href":"https:\/\/bigfunhobby.com\/sv\/wp-json\/wp\/v2\/comments?post=8263"}],"wp:featuredmedia":[{"embeddable":true,"href":"https:\/\/bigfunhobby.com\/sv\/wp-json\/wp\/v2\/media\/8262"}],"wp:attachment":[{"href":"https:\/\/bigfunhobby.com\/sv\/wp-json\/wp\/v2\/media?parent=8263"}],"wp:term":[{"taxonomy":"product_brand","embeddable":true,"href":"https:\/\/bigfunhobby.com\/sv\/wp-json\/wp\/v2\/product_brand?post=8263"},{"taxonomy":"product_cat","embeddable":true,"href":"https:\/\/bigfunhobby.com\/sv\/wp-json\/wp\/v2\/product_cat?post=8263"},{"taxonomy":"product_tag","embeddable":true,"href":"https:\/\/bigfunhobby.com\/sv\/wp-json\/wp\/v2\/product_tag?post=8263"}],"curies":[{"name":"wp","href":"https:\/\/api.w.org\/{rel}","templated":true}]}}