{"id":8265,"date":"2025-03-08T17:15:54","date_gmt":"2025-03-08T17:15:54","guid":{"rendered":"https:\/\/bigfunhobby.com\/butikk\/revell-new-basic-set-with-compressor\/"},"modified":"2025-12-04T10:59:48","modified_gmt":"2025-12-04T08:59:48","slug":"revell-nytt-baspaket-med-kompressor","status":"publish","type":"product","link":"https:\/\/bigfunhobby.com\/sv\/butikk\/revell-new-basic-set-with-compressor\/","title":{"rendered":"REVELL NEW Basic Set med kompressor"},"content":{"rendered":"<p>Oavsett om du \u00e4r en erfaren modell\u00f6r eller nyb\u00f6rjare kommer REVELL NEW Basic Set med kompressor att revolutionera ditt s\u00e4tt att arbeta. Detta set ger dig allt du beh\u00f6ver f\u00f6r att dyka in i airbrushtekniken, s\u00e5 att du kan ge dina modeller en autentisk och professionell look.<\/p>\n<p>Satsen inneh\u00e5ller en modern minikompressor i snygg Revell-design samt en h\u00f6gkvalitativ sprutpistol i metall. Dessa verktyg s\u00e4kerst\u00e4ller ett konstant lufttryck, vilket ger dig fullst\u00e4ndig kontroll \u00f6ver luftfl\u00f6det och f\u00e4rgen. Detta \u00e4r en viktig funktion f\u00f6r alla modellbyggare, oavsett om du arbetar med plastmodeller, fartygsmodeller i tr\u00e4 eller modellj\u00e4rnv\u00e4gar.<\/p>\n<p>Airbrush-tekniken \u00e4r idealisk f\u00f6r att ge dina modeller ett realistiskt utseende. Genom att kontrollera m\u00e4ngden f\u00e4rg som rinner ut ur munstycket kan du skapa en j\u00e4mn och fin yta p\u00e5 dina modeller. Detta \u00e4r s\u00e4rskilt anv\u00e4ndbart f\u00f6r nyb\u00f6rjare, eftersom systemet \u00e4r l\u00e4tt att anv\u00e4nda och kr\u00e4ver minimal inst\u00e4llning. Principen om enkelhet inneb\u00e4r att du bara beh\u00f6ver fokusera p\u00e5 att kontrollera f\u00e4rgm\u00e4ngden.<\/p>\n<p>REVELL NEW Basic Set med kompressor ger dig m\u00f6jlighet att uppn\u00e5 enast\u00e5ende resultat i ditt modellbygge. Oavsett om du arbetar med byggsatser f\u00f6r vuxna, skalmodeller eller fj\u00e4rrstyrda fordon, kommer denna upps\u00e4ttning att ge dig den professionella finish du letar efter.<\/p>\n<p>S\u00e5 varf\u00f6r v\u00e4nta? Ta din modellering till en helt ny niv\u00e5 med REVELL NEW Basic Set med kompressor. Best\u00e4ll ditt set idag och upplev skillnaden sj\u00e4lv!<\/p>","protected":false},"excerpt":{"rendered":"<p>Ta ditt modellbygge till n\u00e4sta niv\u00e5 med REVELL NEW Basic Set med kompressor. Perfekt f\u00f6r b\u00e5de nyb\u00f6rjare och erfarna entusiaster som vill ha en \u00e4rlig reproduktion av sina modeller.<\/p>","protected":false},"featured_media":8264,"comment_status":"open","ping_status":"closed","template":"","meta":[],"product_brand":[104],"product_cat":[61],"product_tag":[],"class_list":{"0":"post-8265","1":"product","2":"type-product","3":"status-publish","4":"has-post-thumbnail","6":"product_brand-revell","7":"product_cat-malingsproyter-og-utstyr","9":"first","10":"outofstock","11":"taxable","12":"shipping-taxable","13":"purchasable","14":"product-type-simple"},"_links":{"self":[{"href":"https:\/\/bigfunhobby.com\/sv\/wp-json\/wp\/v2\/product\/8265","targetHints":{"allow":["GET"]}}],"collection":[{"href":"https:\/\/bigfunhobby.com\/sv\/wp-json\/wp\/v2\/product"}],"about":[{"href":"https:\/\/bigfunhobby.com\/sv\/wp-json\/wp\/v2\/types\/product"}],"replies":[{"embeddable":true,"href":"https:\/\/bigfunhobby.com\/sv\/wp-json\/wp\/v2\/comments?post=8265"}],"wp:featuredmedia":[{"embeddable":true,"href":"https:\/\/bigfunhobby.com\/sv\/wp-json\/wp\/v2\/media\/8264"}],"wp:attachment":[{"href":"https:\/\/bigfunhobby.com\/sv\/wp-json\/wp\/v2\/media?parent=8265"}],"wp:term":[{"taxonomy":"product_brand","embeddable":true,"href":"https:\/\/bigfunhobby.com\/sv\/wp-json\/wp\/v2\/product_brand?post=8265"},{"taxonomy":"product_cat","embeddable":true,"href":"https:\/\/bigfunhobby.com\/sv\/wp-json\/wp\/v2\/product_cat?post=8265"},{"taxonomy":"product_tag","embeddable":true,"href":"https:\/\/bigfunhobby.com\/sv\/wp-json\/wp\/v2\/product_tag?post=8265"}],"curies":[{"name":"wp","href":"https:\/\/api.w.org\/{rel}","templated":true}]}}