{"id":8271,"date":"2025-03-08T17:15:55","date_gmt":"2025-03-08T17:15:55","guid":{"rendered":"https:\/\/bigfunhobby.com\/butikk\/revell-spray-gun-starter-class\/"},"modified":"2025-12-04T10:59:48","modified_gmt":"2025-12-04T08:59:48","slug":"revell-sprutpistol-startklass","status":"publish","type":"product","link":"https:\/\/bigfunhobby.com\/sv\/butikk\/revell-spray-gun-starter-class\/","title":{"rendered":"REVELL Spray Gun \"startklass\""},"content":{"rendered":"<p>\u00c4r du fascinerad av modellering och vill ta din hobby till n\u00e4sta niv\u00e5? D\u00e5 \u00e4r REVELL Spray Gun \"Starter Class\" det perfekta verktyget f\u00f6r dig. Med den h\u00e4r airbrushpistolen kan du uppn\u00e5 professionella resultat, \u00e4ven som nyb\u00f6rjare.<\/p>\n<p>Med airbrushing kan du applicera f\u00e4rg p\u00e5 ytan av din modell p\u00e5 ett sofistikerat s\u00e4tt. Resultatet blir perfekt f\u00e4rgblandning och unika effekter, vilket \u00e4r s\u00e4rskilt anv\u00e4ndbart n\u00e4r du arbetar med detaljerade byggsatser som t.ex. skeppsmodeller i tr\u00e4, plastmodeller och modellj\u00e4rnv\u00e4gar.<\/p>\n<p>REVELL Spray Gun \"starter class\" \u00e4r utformad med enkelhet i \u00e5tanke. Den \u00e4r utrustad med ett \"Easy Click\"-system som g\u00f6r det enkelt att separera f\u00e4rgbeh\u00e5llaren fr\u00e5n handtaget. Detta f\u00f6rb\u00e4ttrar hanteringen avsev\u00e4rt och g\u00f6r den enklare att arbeta med. Pistolen har ocks\u00e5 en ergonomisk design som g\u00f6r att den ligger bekv\u00e4mt i handen.<\/p>\n<ul>\n<li>Perfekt f\u00f6r nyb\u00f6rjare<\/li>\n<li>Okomplicerad och prisv\u00e4rd<\/li>\n<li>\"Easy Click\"-system f\u00f6r enkel hantering<\/li>\n<li>Ergonomisk design<\/li>\n<li>Inklusive luftslang och drivmedelsregulator<\/li>\n<\/ul>\n<p>Detta airbrushkit fungerar enligt principen f\u00f6r extern blandning. Det g\u00f6r det m\u00f6jligt att hantera tjockare medier \u00e4n med airbrushkit som blandar f\u00e4rgerna internt. Det ger ett felfritt resultat, vilket \u00e4r viktigt n\u00e4r man arbetar med modellering.<\/p>\n<p>Oavsett om du arbetar med en skeppsmodell i tr\u00e4, en plastmodell, en modellj\u00e4rnv\u00e4g eller n\u00e5gon annan typ av byggsats kommer du att uppt\u00e4cka att REVELL Spray Gun \"starter class\" \u00f6ppnar upp en helt ny v\u00e4rld av m\u00f6jligheter f\u00f6r dig. G\u00f6r ditt modellbygge mer engagerande och sp\u00e4nnande med det h\u00e4r verktyget.<\/p>\n<p>\u00c4r du redo att ta din modellering till nya h\u00f6jder? Best\u00e4ll REVELL Spray Gun \"starter class\" idag och uppt\u00e4ck hur enkelt och givande det kan vara att uppn\u00e5 professionella resultat.<\/p>","protected":false},"excerpt":{"rendered":"<p>Utforska modelleringens v\u00e4rld med REVELL Spray Gun \"starter class\". Enkel att anv\u00e4nda och perfekt f\u00f6r nyb\u00f6rjare som vill uppn\u00e5 professionella resultat.<\/p>","protected":false},"featured_media":8270,"comment_status":"open","ping_status":"closed","template":"","meta":[],"product_brand":[104],"product_cat":[61],"product_tag":[],"class_list":{"0":"post-8271","1":"product","2":"type-product","3":"status-publish","4":"has-post-thumbnail","6":"product_brand-revell","7":"product_cat-malingsproyter-og-utstyr","9":"first","10":"instock","11":"taxable","12":"shipping-taxable","13":"purchasable","14":"product-type-simple"},"_links":{"self":[{"href":"https:\/\/bigfunhobby.com\/sv\/wp-json\/wp\/v2\/product\/8271","targetHints":{"allow":["GET"]}}],"collection":[{"href":"https:\/\/bigfunhobby.com\/sv\/wp-json\/wp\/v2\/product"}],"about":[{"href":"https:\/\/bigfunhobby.com\/sv\/wp-json\/wp\/v2\/types\/product"}],"replies":[{"embeddable":true,"href":"https:\/\/bigfunhobby.com\/sv\/wp-json\/wp\/v2\/comments?post=8271"}],"wp:featuredmedia":[{"embeddable":true,"href":"https:\/\/bigfunhobby.com\/sv\/wp-json\/wp\/v2\/media\/8270"}],"wp:attachment":[{"href":"https:\/\/bigfunhobby.com\/sv\/wp-json\/wp\/v2\/media?parent=8271"}],"wp:term":[{"taxonomy":"product_brand","embeddable":true,"href":"https:\/\/bigfunhobby.com\/sv\/wp-json\/wp\/v2\/product_brand?post=8271"},{"taxonomy":"product_cat","embeddable":true,"href":"https:\/\/bigfunhobby.com\/sv\/wp-json\/wp\/v2\/product_cat?post=8271"},{"taxonomy":"product_tag","embeddable":true,"href":"https:\/\/bigfunhobby.com\/sv\/wp-json\/wp\/v2\/product_tag?post=8271"}],"curies":[{"name":"wp","href":"https:\/\/api.w.org\/{rel}","templated":true}]}}