{"id":8275,"date":"2025-03-08T17:15:56","date_gmt":"2025-03-08T17:15:56","guid":{"rendered":"https:\/\/bigfunhobby.com\/butikk\/revell-starter-class-set\/"},"modified":"2025-12-04T10:59:48","modified_gmt":"2025-12-04T08:59:48","slug":"revell-startklass-set","status":"publish","type":"product","link":"https:\/\/bigfunhobby.com\/sv\/butikk\/revell-starter-class-set\/","title":{"rendered":"REVELL Starter Class Set"},"content":{"rendered":"<p>REVELL Starter Class Set \u00e4r det perfekta steget in i modellv\u00e4rlden f\u00f6r den som vill ta sina m\u00e5lningskunskaper till n\u00e4sta niv\u00e5. Detta airbrush-startkit \u00e4r utformat f\u00f6r att g\u00f6ra det enklare och mer exakt att m\u00e5la stora ytor p\u00e5 modeller \u00e4n med en vanlig pensel.<\/p>\n<p>Med sin f\u00f6rb\u00e4ttrade design och \"Easy Click\"-systemet kan f\u00e4rgbeh\u00e5llaren enkelt separeras fr\u00e5n handtaget, vilket avsev\u00e4rt f\u00f6rb\u00e4ttrar hanteringen av airbrush. Den nya ergonomiska designen ger en bekv\u00e4m och stabil hantering.<\/p>\n<p>F\u00f6rutom grundl\u00e4ggande utrustning f\u00f6r att b\u00f6rja airbrusha inneh\u00e5ller satsen \u00e4ven instruktioner och material f\u00f6r perfekt blandning med de popul\u00e4ra airbrushf\u00e4rgerna \"Aqua Colour\". Dessa akrylf\u00e4rger \u00e4r idealiska f\u00f6r nyb\u00f6rjare eftersom de har en mild lukt, kan sp\u00e4das ut med vatten och enkelt reng\u00f6ras med vatten efter anv\u00e4ndning.<\/p>\n<p>Upps\u00e4ttningen inneh\u00e5ller:<\/p>\n<ul>\n<li>Startklass Airbrush<\/li>\n<li>Regulator f\u00f6r drivmedel<\/li>\n<li>Jumbo gasdispenser<\/li>\n<li>2 x 18 ml Aqua Colour<\/li>\n<li>2 blandningsglas<\/li>\n<li>25 ml Aqua Colour Clean<\/li>\n<li>25 ml Aqua f\u00e4rgblandning<\/li>\n<li>2 pipetter<\/li>\n<li>Instruktionsbok<\/li>\n<\/ul>\n<p>Oavsett om du \u00e4r en entusiastisk nyb\u00f6rjare eller en erfaren modellbyggare som vill f\u00f6rb\u00e4ttra dina m\u00e5lningskunskaper \u00e4r REVELL Starter Class Set det r\u00e4tta valet f\u00f6r dig. Ta din modellering till nya h\u00f6jder med detta prisv\u00e4rda startset.<\/p>\n<p>B\u00f6rja din modelleringsresa idag. Best\u00e4ll ditt REVELL Starter Class Set nu!<\/p>","protected":false},"excerpt":{"rendered":"<p>REVELL Starter Class Set \u00e4r det perfekta startpaketet f\u00f6r nyb\u00f6rjare inom modellbygge som vill f\u00f6rb\u00e4ttra sina f\u00e4rdigheter inom airbrushm\u00e5lning.<\/p>","protected":false},"featured_media":8274,"comment_status":"open","ping_status":"closed","template":"","meta":[],"product_brand":[104],"product_cat":[61],"product_tag":[],"class_list":{"0":"post-8275","1":"product","2":"type-product","3":"status-publish","4":"has-post-thumbnail","6":"product_brand-revell","7":"product_cat-malingsproyter-og-utstyr","9":"first","10":"instock","11":"taxable","12":"shipping-taxable","13":"purchasable","14":"product-type-simple"},"_links":{"self":[{"href":"https:\/\/bigfunhobby.com\/sv\/wp-json\/wp\/v2\/product\/8275","targetHints":{"allow":["GET"]}}],"collection":[{"href":"https:\/\/bigfunhobby.com\/sv\/wp-json\/wp\/v2\/product"}],"about":[{"href":"https:\/\/bigfunhobby.com\/sv\/wp-json\/wp\/v2\/types\/product"}],"replies":[{"embeddable":true,"href":"https:\/\/bigfunhobby.com\/sv\/wp-json\/wp\/v2\/comments?post=8275"}],"wp:featuredmedia":[{"embeddable":true,"href":"https:\/\/bigfunhobby.com\/sv\/wp-json\/wp\/v2\/media\/8274"}],"wp:attachment":[{"href":"https:\/\/bigfunhobby.com\/sv\/wp-json\/wp\/v2\/media?parent=8275"}],"wp:term":[{"taxonomy":"product_brand","embeddable":true,"href":"https:\/\/bigfunhobby.com\/sv\/wp-json\/wp\/v2\/product_brand?post=8275"},{"taxonomy":"product_cat","embeddable":true,"href":"https:\/\/bigfunhobby.com\/sv\/wp-json\/wp\/v2\/product_cat?post=8275"},{"taxonomy":"product_tag","embeddable":true,"href":"https:\/\/bigfunhobby.com\/sv\/wp-json\/wp\/v2\/product_tag?post=8275"}],"curies":[{"name":"wp","href":"https:\/\/api.w.org\/{rel}","templated":true}]}}