{"id":8279,"date":"2025-03-08T17:15:57","date_gmt":"2025-03-08T17:15:57","guid":{"rendered":"https:\/\/bigfunhobby.com\/butikk\/tre-model-for-barn-viking-skip-drakkar\/"},"modified":"2025-12-04T10:59:48","modified_gmt":"2025-12-04T08:59:48","slug":"tramodell-for-barn-vikingaskepp-drakkar","status":"publish","type":"product","link":"https:\/\/bigfunhobby.com\/sv\/butikk\/tre-model-for-barn-viking-skip-drakkar\/","title":{"rendered":"Tr\u00e4modell f\u00f6r ladug\u00e5rd Viking Skip Drakkar"},"content":{"rendered":"<h2>Tr\u00e4skeppsmodell f\u00f6r barn - Vikingaskepp Drakkar<\/h2>\n<p>Uppt\u00e4ck gl\u00e4djen med att bygga modeller med v\u00e5r tr\u00e4byggsats Viking Ship Drakkar. Det h\u00e4r \u00e4r en rolig och l\u00e4rorik byggsats som g\u00f6r det m\u00f6jligt f\u00f6r barn fr\u00e5n 8 \u00e5r och vuxna att bygga en detaljerad skalmodell av ett historiskt vikingaskepp.<\/p>\n<p>Denna byggsats ing\u00e5r i v\u00e5r Art&amp;Kids-kollektion, som best\u00e5r av en rad olika skeppsmodeller i tr\u00e4 som \u00e4r utformade f\u00f6r att stimulera barns kreativitet och tekniska f\u00e4rdigheter. Med 59 delar av h\u00f6g kvalitet blir byggprocessen en givande upplevelse som ger b\u00e5de fysiska och mentala f\u00f6rdelar.<\/p>\n<h2>Specifikationer<\/h2>\n<ul>\n<li>Modellen best\u00e5r av 59 delar<\/li>\n<li>Det f\u00e4rdiga vikingaskeppet m\u00e4ter 26,8 cm i l\u00e4ngd<\/li>\n<li>Inneh\u00e5ller r\u00f6rliga delar, klisterm\u00e4rken och f\u00e4rg som \u00e4r s\u00e4ker f\u00f6r barn<\/li>\n<li>Enkel installation med medf\u00f6ljande DVD-instruktioner<\/li>\n<\/ul>\n<h2>Historien bakom vikingaskeppet Drakkar<\/h2>\n<p>Drakkar var det klassiska nordiska skeppet som anv\u00e4ndes av vikingarna. Med den h\u00e4r byggsatsen kan barnen f\u00f6rdjupa sig i historien n\u00e4r de bygger och l\u00e4r sig mer om vikingarna och deras sj\u00f6fartskonst.<\/p>\n<p>Nu kan du och dina unga modellbyggare skapa er egen lilla bit av historien. K\u00f6p Viking Skip Drakkar tr\u00e4byggsats nu och b\u00f6rja den sp\u00e4nnande resan in i modelleringens v\u00e4rld.<\/p>\n<p>&#8216;<\/p>","protected":false},"excerpt":{"rendered":"<p>Tr\u00e4byggsats f\u00f6r barn - Vikingaskeppet Drakkar. En pedagogisk och engagerande byggsats som ger barn fr\u00e5n 8 \u00e5r och upp\u00e5t m\u00f6jlighet att bygga en skalenlig modell av ett historiskt vikingaskepp.<\/p>","protected":false},"featured_media":8278,"comment_status":"open","ping_status":"closed","template":"","meta":[],"product_brand":[97],"product_cat":[54],"product_tag":[],"class_list":{"0":"post-8279","1":"product","2":"type-product","3":"status-publish","4":"has-post-thumbnail","6":"product_brand-artesania","7":"product_cat-bater-artesania","9":"first","10":"outofstock","11":"taxable","12":"shipping-taxable","13":"purchasable","14":"product-type-simple"},"_links":{"self":[{"href":"https:\/\/bigfunhobby.com\/sv\/wp-json\/wp\/v2\/product\/8279","targetHints":{"allow":["GET"]}}],"collection":[{"href":"https:\/\/bigfunhobby.com\/sv\/wp-json\/wp\/v2\/product"}],"about":[{"href":"https:\/\/bigfunhobby.com\/sv\/wp-json\/wp\/v2\/types\/product"}],"replies":[{"embeddable":true,"href":"https:\/\/bigfunhobby.com\/sv\/wp-json\/wp\/v2\/comments?post=8279"}],"wp:featuredmedia":[{"embeddable":true,"href":"https:\/\/bigfunhobby.com\/sv\/wp-json\/wp\/v2\/media\/8278"}],"wp:attachment":[{"href":"https:\/\/bigfunhobby.com\/sv\/wp-json\/wp\/v2\/media?parent=8279"}],"wp:term":[{"taxonomy":"product_brand","embeddable":true,"href":"https:\/\/bigfunhobby.com\/sv\/wp-json\/wp\/v2\/product_brand?post=8279"},{"taxonomy":"product_cat","embeddable":true,"href":"https:\/\/bigfunhobby.com\/sv\/wp-json\/wp\/v2\/product_cat?post=8279"},{"taxonomy":"product_tag","embeddable":true,"href":"https:\/\/bigfunhobby.com\/sv\/wp-json\/wp\/v2\/product_tag?post=8279"}],"curies":[{"name":"wp","href":"https:\/\/api.w.org\/{rel}","templated":true}]}}