{"id":8285,"date":"2025-03-08T17:16:00","date_gmt":"2025-03-08T17:16:00","guid":{"rendered":"https:\/\/bigfunhobby.com\/butikk\/wooden-model-fighter-messerschmitt-bf-109-1-48\/"},"modified":"2025-12-04T11:00:14","modified_gmt":"2025-12-04T09:00:14","slug":"wooden-model-fighter-messerschmitt-bf-109-1-48","status":"publish","type":"product","link":"https:\/\/bigfunhobby.com\/sv\/butikk\/wooden-model-fighter-messerschmitt-bf-109-1-48\/","title":{"rendered":"Tr\u00e4modell stridsflygplan: Messerschmitt BF 109 1\/48"},"content":{"rendered":"<p>Skap en n\u00f8yaktig miniatyrmodell av det ikoniske tyske kampflyet Messerschmitt BF 109 med dette detaljerte byggesettet i tre. I skala 1\/48, er dette et perfekt prosjekt for b\u00e5de nybegynnere og erfarne modellbyggere.<\/p>\n<p><strong>Historien om Messerschmitt BF 109<\/strong><\/p>\n<p>Messerschmitt BF 109 var en n\u00f8kkelspiller i andre verdenskrig, og ble brukt av Nazi-luftv\u00e5penet og andre aksemakter. Det ble designet p\u00e5 begynnelsen av 1930-tallet av en ekspertgruppe ledet av Wilhelm &#8216;Willy&#8217; Emil Messerschmitt. Flyet var et av de f\u00f8rste moderne kampflyene i sin tid, med innovasjoner som en 100% metallisk monocoque konstruksjon, en lukket cockpit og innfellbart landingsutstyr.<\/p>\n<p><strong>Om byggesettet<\/strong><\/p>\n<p>Byggesettet inneholder laserkuttede kryssfinerstykker (FSC-sertifisert), mobile deler, metallpynt, utstillingsbase med plakett, og trinn-for-trinn instruksjoner for enkel montering. Ferdig montert m\u00e5ler modellen 19,5 cm i lengde, med et vingespenn p\u00e5 22,5 cm og en h\u00f8yde p\u00e5 6 cm.<\/p>\n<p>Med dette byggesettet kan du lage din egen treskipsmodell av Messerschmitt BF 109 &#8211; en perfekt utfordring for enhver modellbygger. Det er enkelt \u00e5 montere, og gir deg muligheten til \u00e5 studere detaljene til dette historiske kampflyet mens du setter det sammen bit for bit.<\/p>\n<p><strong>Art &#038; Wood modellbygging<\/strong><\/p>\n<p>Art &#038; Wood byggesett er laget med tre fra b\u00e6rekraftig skogbruk, og er CFC-sertifisert. Dette gj\u00f8r dem til et milj\u00f8vennlig valg for modellbyggere. Samlingen inkluderer modeller av fly, musikkinstrumenter, planetariske sf\u00e6rer, husholdningsm\u00f8bler, biler og dyr.<\/p>\n<p>Fullf\u00f8r din vakre samling av krigsfly eller antikke jagerfly, fra f\u00f8rste og andre verdenskrig, med de andre modellene i Art &#038; Wood-samlingen, som vil glede enhver modellbygger.<\/p>\n<p><strong>Bestill ditt Messerschmitt BF 109 byggesett i dag<\/strong><\/p>\n<p>Ikke g\u00e5 glipp av sjansen til \u00e5 bygge din egen modell av dette ikoniske kampflyet. Kj\u00f8p ditt Messerschmitt BF 109 byggesett i dag, og begynn p\u00e5 ditt neste modellbyggingsprosjekt.<\/p>","protected":false},"excerpt":{"rendered":"<p>Bygg din egen skalamodell av den historiske tyske jagerflyet Messerschmitt BF 109 fra andre verdenskrig. Dette er et brukervennlig byggesett i tre som passer for b\u00e5de nybegynnere og erfarne modellbyggere.<\/p>","protected":false},"featured_media":8284,"comment_status":"open","ping_status":"closed","template":"","meta":[],"product_brand":[97],"product_cat":[76],"product_tag":[],"class_list":{"0":"post-8285","1":"product","2":"type-product","3":"status-publish","4":"has-post-thumbnail","6":"product_brand-artesania","7":"product_cat-fly-artesania","9":"first","10":"instock","11":"taxable","12":"shipping-taxable","13":"purchasable","14":"product-type-simple"},"_links":{"self":[{"href":"https:\/\/bigfunhobby.com\/sv\/wp-json\/wp\/v2\/product\/8285","targetHints":{"allow":["GET"]}}],"collection":[{"href":"https:\/\/bigfunhobby.com\/sv\/wp-json\/wp\/v2\/product"}],"about":[{"href":"https:\/\/bigfunhobby.com\/sv\/wp-json\/wp\/v2\/types\/product"}],"replies":[{"embeddable":true,"href":"https:\/\/bigfunhobby.com\/sv\/wp-json\/wp\/v2\/comments?post=8285"}],"wp:featuredmedia":[{"embeddable":true,"href":"https:\/\/bigfunhobby.com\/sv\/wp-json\/wp\/v2\/media\/8284"}],"wp:attachment":[{"href":"https:\/\/bigfunhobby.com\/sv\/wp-json\/wp\/v2\/media?parent=8285"}],"wp:term":[{"taxonomy":"product_brand","embeddable":true,"href":"https:\/\/bigfunhobby.com\/sv\/wp-json\/wp\/v2\/product_brand?post=8285"},{"taxonomy":"product_cat","embeddable":true,"href":"https:\/\/bigfunhobby.com\/sv\/wp-json\/wp\/v2\/product_cat?post=8285"},{"taxonomy":"product_tag","embeddable":true,"href":"https:\/\/bigfunhobby.com\/sv\/wp-json\/wp\/v2\/product_tag?post=8285"}],"curies":[{"name":"wp","href":"https:\/\/api.w.org\/{rel}","templated":true}]}}