{"id":8291,"date":"2025-03-08T17:16:03","date_gmt":"2025-03-08T17:16:03","guid":{"rendered":"https:\/\/bigfunhobby.com\/butikk\/new-ship-of-the-line-santisima-trinidad-wooden-model-ship-kit\/"},"modified":"2026-03-05T15:47:05","modified_gmt":"2026-03-05T13:47:05","slug":"nytt-linjeskepp-santisima-trinidad-tra-modell-fartyg-kit","status":"publish","type":"product","link":"https:\/\/bigfunhobby.com\/sv\/butikk\/new-ship-of-the-line-santisima-trinidad-wooden-model-ship-kit\/","title":{"rendered":"Nytt linjeskepp Sant\u00edsima Trinidad. Modellfartyg i tr\u00e4, byggsats"},"content":{"rendered":"<p>Dyk in i historien och bygg din egen version av det ikoniska spanska Armada-skeppet med v\u00e5r Sant\u00edsima Trinidad tr\u00e4fartygsmodellsats. Det h\u00e4r \u00e4r en exakt kopia av flaggskeppet som spelade en central roll i slaget vid Trafalgar 1805. Satsen \u00e4r i skala 1:84 och passar perfekt f\u00f6r erfarna modellbyggare.<\/p>\n<p><strong>Specifikationer:<\/strong><\/p>\n<ul>\n<li>100% ny design<\/li>\n<li>Exakt kopia av Sant\u00edsima Trinidad i skala 1:84.<\/li>\n<li>Historiskt trov\u00e4rdig, baserad p\u00e5 ritningar som hittats i Sankt Petersburg.<\/li>\n<li>M\u00e4ter 1191 mm i l\u00e4ngd, 905 mm i h\u00f6jd och 464 mm i bredd efter installation.<\/li>\n<\/ul>\n<p><strong>Material:<\/strong><\/p>\n<p>Satsen inneh\u00e5ller 14 ark precisionsskuren plywood av basswood och 6 spektakul\u00e4ra fotoetsade plattor i m\u00e4ssing. Dessutom ing\u00e5r 10 f\u00f6rpackningar med stolpar och st\u00e4nger samt plywood av amerikansk ek. Alla block och d\u00f6da \u00f6gon f\u00f6r riggen \u00e4r f\u00f6rtillverkade. M\u00e4ssingsst\u00e4nger och -r\u00f6r ing\u00e5r ocks\u00e5.<\/p>\n<p><strong>Historia:<\/strong><\/p>\n<p>Sant\u00edsima Trinidad, officiellt k\u00e4nd som Nuestra Se\u00f1ora de la Sant\u00edsima Trinidad, var ett spanskt skepp med ursprungligen 120 kanoner, som senare ut\u00f6kades till 144. Det var det st\u00f6rsta fartyget p\u00e5 sin tid och ans\u00e5gs vara det mest kraftfulla krigsvapnet. Det \u00e4r mest k\u00e4nt f\u00f6r sitt tragiska \u00f6de i slaget vid Trafalgar, d\u00e4r det er\u00f6vrades av engelsm\u00e4nnen efter en h\u00e5rd strid.<\/p>\n<p>Ge liv \u00e5t ditt modelleringsprojekt med denna historiskt detaljerade byggsats. Utmana dina f\u00e4rdigheter och din noggrannhet och skapa ett stycke sj\u00f6fartshistoria direkt i ditt vardagsrum. <strong>K\u00f6p Sant\u00edsima Trinidad modellbyggsats f\u00f6r tr\u00e4fartyg idag och kliv in i en v\u00e4rld av detaljerad modellering.<\/strong><\/p>","protected":false},"excerpt":{"rendered":"<p>Byggsats av tr\u00e4fartygsmodellen Sant\u00edsima Trinidad, k\u00e4nd som den spanska armadans flaggskepp. Perfekt f\u00f6r erfarna modellbyggare som vill efterlikna en ikonisk del av 1800-talets sj\u00f6fartshistoria.<\/p>","protected":false},"featured_media":8290,"comment_status":"open","ping_status":"closed","template":"","meta":[],"product_brand":[97],"product_cat":[54],"product_tag":[],"class_list":{"0":"post-8291","1":"product","2":"type-product","3":"status-publish","4":"has-post-thumbnail","6":"product_brand-artesania","7":"product_cat-bater-artesania","9":"first","10":"instock","11":"taxable","12":"shipping-taxable","13":"purchasable","14":"product-type-simple"},"_links":{"self":[{"href":"https:\/\/bigfunhobby.com\/sv\/wp-json\/wp\/v2\/product\/8291","targetHints":{"allow":["GET"]}}],"collection":[{"href":"https:\/\/bigfunhobby.com\/sv\/wp-json\/wp\/v2\/product"}],"about":[{"href":"https:\/\/bigfunhobby.com\/sv\/wp-json\/wp\/v2\/types\/product"}],"replies":[{"embeddable":true,"href":"https:\/\/bigfunhobby.com\/sv\/wp-json\/wp\/v2\/comments?post=8291"}],"wp:featuredmedia":[{"embeddable":true,"href":"https:\/\/bigfunhobby.com\/sv\/wp-json\/wp\/v2\/media\/8290"}],"wp:attachment":[{"href":"https:\/\/bigfunhobby.com\/sv\/wp-json\/wp\/v2\/media?parent=8291"}],"wp:term":[{"taxonomy":"product_brand","embeddable":true,"href":"https:\/\/bigfunhobby.com\/sv\/wp-json\/wp\/v2\/product_brand?post=8291"},{"taxonomy":"product_cat","embeddable":true,"href":"https:\/\/bigfunhobby.com\/sv\/wp-json\/wp\/v2\/product_cat?post=8291"},{"taxonomy":"product_tag","embeddable":true,"href":"https:\/\/bigfunhobby.com\/sv\/wp-json\/wp\/v2\/product_tag?post=8291"}],"curies":[{"name":"wp","href":"https:\/\/api.w.org\/{rel}","templated":true}]}}