{"id":8299,"date":"2025-03-08T17:16:07","date_gmt":"2025-03-08T17:16:07","guid":{"rendered":"https:\/\/bigfunhobby.com\/butikk\/led-lightning-set-for-scale-models-and-diy-projects\/"},"modified":"2025-12-04T11:00:14","modified_gmt":"2025-12-04T09:00:14","slug":"led-lightning-set-for-scale-models-and-diy-projects","status":"publish","type":"product","link":"https:\/\/bigfunhobby.com\/sv\/butikk\/led-lightning-set-for-scale-models-and-diy-projects\/","title":{"rendered":"LED Lightning Set f\u00f6r skalenliga modeller och DIY-projekt"},"content":{"rendered":"<p>Dykke inn i en verden av realisme og detaljrikdom med v\u00e5r LED-lyspakke for skalamodeller og DIY-prosjekter. Denne pakken er et uunnv\u00e6rlig tilbeh\u00f8r for alle modellbyggingsprosjekter, enten du jobber med treskipsmodeller, plastmodeller eller modelljernbane. Med dette settet kan du virkelig bringe dine modeller til liv.<\/p>\n<p>LED-lyspakken inneholder 10 LED-lys med stearinlys-effekt, 4 LED-lys med kontinuerlig belysning, en batteriholder for to AAA-batterier og en for knappcelle, en bryter, 8 meter med r\u00f8d og svart kabel, en halv meter med varmekrympende hylse og en meter med tinn. Dette er alt du trenger for \u00e5 lyse opp dine modeller og DIY-prosjekter.<\/p>\n<h2><span><span>Specifikationer:<\/span><\/span><\/h2>\n<ul>\n<li>10 LED-lys med stearinlys-effekt<\/li>\n<li>4 LED-lys med kontinuerlig belysning<\/li>\n<li>En batteriholder for to AAA-batterier og en for knappcelle<\/li>\n<li>En bryter<\/li>\n<li>8 meter med r\u00f8d og svart kabel<\/li>\n<li>En halv meter med varmekrympende hylse<\/li>\n<li>En meter med tinn<\/li>\n<\/ul>\n<p>Alle LED-lysene er gule, 3 mm lange og opererer p\u00e5 3 volt. Dette LED-lyspakken er produsert med h\u00f8ykvalitets materialer for \u00e5 sikre motstandsdyktighet og lang levetid, slik at det lever opp til kravene fra v\u00e5re kunder.<\/p>\n<p>Enten du er en erfaren modellbygger, eller bare begynner med din f\u00f8rste skalamodell eller DIY-prosjekt, vil dette LED-lyspakken gi prosjektene dine en ekstra grad av realisme og skj\u00f8nnhet. Ikke la denne muligheten g\u00e5 fra deg &#8211; opplev forskjellen med v\u00e5r LED-lyspakke for skalamodeller og DIY-prosjekter!<\/p>\n<p>Se utvalget og bestill LED-lyspakken for skalamodeller og DIY-prosjekter n\u00e5.<\/p>\n<p>&#8216;<\/p>","protected":false},"excerpt":{"rendered":"<p>Oppdag LED-lyspakken for skalamodeller og DIY-prosjekter. Gi dine modeller og hobbyprosjekter en ekstra realismegrad med dette h\u00f8ykvalitets LED-lyspakken.&#8217;<\/p>","protected":false},"featured_media":8298,"comment_status":"open","ping_status":"closed","template":"","meta":[],"product_brand":[97],"product_cat":[60],"product_tag":[],"class_list":{"0":"post-8299","1":"product","2":"type-product","3":"status-publish","4":"has-post-thumbnail","6":"product_brand-artesania","7":"product_cat-tilbehor-trebyggesett","9":"first","10":"outofstock","11":"taxable","12":"shipping-taxable","13":"purchasable","14":"product-type-simple"},"_links":{"self":[{"href":"https:\/\/bigfunhobby.com\/sv\/wp-json\/wp\/v2\/product\/8299","targetHints":{"allow":["GET"]}}],"collection":[{"href":"https:\/\/bigfunhobby.com\/sv\/wp-json\/wp\/v2\/product"}],"about":[{"href":"https:\/\/bigfunhobby.com\/sv\/wp-json\/wp\/v2\/types\/product"}],"replies":[{"embeddable":true,"href":"https:\/\/bigfunhobby.com\/sv\/wp-json\/wp\/v2\/comments?post=8299"}],"wp:featuredmedia":[{"embeddable":true,"href":"https:\/\/bigfunhobby.com\/sv\/wp-json\/wp\/v2\/media\/8298"}],"wp:attachment":[{"href":"https:\/\/bigfunhobby.com\/sv\/wp-json\/wp\/v2\/media?parent=8299"}],"wp:term":[{"taxonomy":"product_brand","embeddable":true,"href":"https:\/\/bigfunhobby.com\/sv\/wp-json\/wp\/v2\/product_brand?post=8299"},{"taxonomy":"product_cat","embeddable":true,"href":"https:\/\/bigfunhobby.com\/sv\/wp-json\/wp\/v2\/product_cat?post=8299"},{"taxonomy":"product_tag","embeddable":true,"href":"https:\/\/bigfunhobby.com\/sv\/wp-json\/wp\/v2\/product_tag?post=8299"}],"curies":[{"name":"wp","href":"https:\/\/api.w.org\/{rel}","templated":true}]}}