{"id":8301,"date":"2025-03-08T17:16:07","date_gmt":"2025-03-08T17:16:07","guid":{"rendered":"https:\/\/bigfunhobby.com\/butikk\/wired-low-rev-micro-motor-for-modeling-and-diy\/"},"modified":"2025-12-04T11:00:15","modified_gmt":"2025-12-04T09:00:15","slug":"tradbunden-lagvarvig-mikromotor-for-modellering-och-diy","status":"publish","type":"product","link":"https:\/\/bigfunhobby.com\/sv\/butikk\/wired-low-rev-micro-motor-for-modeling-and-diy\/","title":{"rendered":"Tr\u00e5dbunden l\u00e5gvarvig mikromotor f\u00f6r modellbygge och DIY"},"content":{"rendered":"<p>Uppt\u00e4ck v\u00e5r tr\u00e5dbundna Low-Rev Micro Motor, ett viktigt tillbeh\u00f6r f\u00f6r modellering och DIY-projekt. Med den h\u00e4r motorn kan du l\u00e4gga till \u00e4nnu mer realism och r\u00f6relse i dina skalmodeller, oavsett om det \u00e4r skeppsmodeller i tr\u00e4, plastmodeller, modellj\u00e4rnv\u00e4gar eller fj\u00e4rrstyrda fordon.<\/p>\n<p>Motorn drivs med 3 volt och ger 125 varv per minut, vilket ger en j\u00e4mn och autentisk r\u00f6relse hos dina modeller. Det \u00e4r en s\u00e4ker produkt med m\u00e5nga anv\u00e4ndningsomr\u00e5den och k\u00e4nnetecknas av att den \u00e4r en likstr\u00f6msmotor med varvtalsreducerare. Om du v\u00e4nder p\u00e5 kablarnas polaritet \u00e4ndrar rotationen riktning.<\/p>\n<h2><span>Specifikationer<\/span><\/h2>\n<p>Motorn \u00e4r tillverkad av h\u00f6gkvalitativa material, vilket s\u00e4kerst\u00e4ller dess motst\u00e5ndskraft och livsl\u00e4ngd. Den kan aktiveras direkt med 3 volt eller med hj\u00e4lp av batterih\u00e5llaren som medf\u00f6ljer LED-belysningssatsen (27590), som s\u00e4ljs separat och tar tv\u00e5 AAA-batterier.<\/p>\n<p>F\u00f6r att s\u00e4kerst\u00e4lla korrekt placering har modeller som \u00e4r f\u00f6rberedda f\u00f6r det, till exempel King of the Mississippi, ett specifikt st\u00f6d. F\u00f6r andra modeller och hantverksprojekt m\u00e5ste hantverkaren tillverka ett liknande.<\/p>\n<p>F\u00f6r att kontrollera de exakta m\u00e5tten p\u00e5 motorn, titta p\u00e5 de tv\u00e5dimensionella ritningarna i den h\u00e4r produktbladsbilden.<\/p>\n<h2><span>Ge dina modelleringsprojekt mer realism<\/span><\/h2>\n<p>V\u00e5ra kunder \u00e4lskar att anv\u00e4nda denna motor f\u00f6r att l\u00e4gga till en extra niv\u00e5 av realism i sina modelleringsprojekt. Oavsett om du \u00e4r nyb\u00f6rjare eller erfaren modellbyggare kommer du att tycka att den h\u00e4r motorn \u00e4r ett v\u00e4rdefullt tillskott till dina verktyg och material.<\/p>\n<p><strong>K\u00f6p Wired Low-Rev Micro Motor idag och upplev skillnaden det kan g\u00f6ra f\u00f6r dina modelleringsprojekt. Se v\u00e5rt urval och best\u00e4ll nu!<\/strong><\/p>","protected":false},"excerpt":{"rendered":"<p>Utforska v\u00e5r tr\u00e5dbundna l\u00e5gvarviga mikromotor f\u00f6r modellering och g\u00f6r-det-sj\u00e4lv-projekt. Ge dina modeller realism och r\u00f6relse med den h\u00e4r motorn som arbetar med 3 volt och 125 varv per minut.<\/p>","protected":false},"featured_media":8300,"comment_status":"open","ping_status":"closed","template":"","meta":[],"product_brand":[],"product_cat":[75],"product_tag":[],"class_list":{"0":"post-8301","1":"product","2":"type-product","3":"status-publish","4":"has-post-thumbnail","6":"product_cat-propeller-akslinger","8":"first","9":"instock","10":"taxable","11":"shipping-taxable","12":"purchasable","13":"product-type-simple"},"_links":{"self":[{"href":"https:\/\/bigfunhobby.com\/sv\/wp-json\/wp\/v2\/product\/8301","targetHints":{"allow":["GET"]}}],"collection":[{"href":"https:\/\/bigfunhobby.com\/sv\/wp-json\/wp\/v2\/product"}],"about":[{"href":"https:\/\/bigfunhobby.com\/sv\/wp-json\/wp\/v2\/types\/product"}],"replies":[{"embeddable":true,"href":"https:\/\/bigfunhobby.com\/sv\/wp-json\/wp\/v2\/comments?post=8301"}],"wp:featuredmedia":[{"embeddable":true,"href":"https:\/\/bigfunhobby.com\/sv\/wp-json\/wp\/v2\/media\/8300"}],"wp:attachment":[{"href":"https:\/\/bigfunhobby.com\/sv\/wp-json\/wp\/v2\/media?parent=8301"}],"wp:term":[{"taxonomy":"product_brand","embeddable":true,"href":"https:\/\/bigfunhobby.com\/sv\/wp-json\/wp\/v2\/product_brand?post=8301"},{"taxonomy":"product_cat","embeddable":true,"href":"https:\/\/bigfunhobby.com\/sv\/wp-json\/wp\/v2\/product_cat?post=8301"},{"taxonomy":"product_tag","embeddable":true,"href":"https:\/\/bigfunhobby.com\/sv\/wp-json\/wp\/v2\/product_tag?post=8301"}],"curies":[{"name":"wp","href":"https:\/\/api.w.org\/{rel}","templated":true}]}}