{"id":8307,"date":"2025-03-08T17:16:10","date_gmt":"2025-03-08T17:16:10","guid":{"rendered":"https:\/\/bigfunhobby.com\/butikk\/screw-with-3-blades-in-metal-24-mm-2-units-for-ship-modeling\/"},"modified":"2025-12-04T11:00:15","modified_gmt":"2025-12-04T09:00:15","slug":"screw-with-3-blades-in-metal-24-mm-2-units-for-ship-modeling","status":"publish","type":"product","link":"https:\/\/bigfunhobby.com\/sv\/butikk\/screw-with-3-blades-in-metal-24-mm-2-units-for-ship-modeling\/","title":{"rendered":"Skruv med 3 blad i metall 24 mm (2 st.) f\u00f6r fartygsmodellering"},"content":{"rendered":"<p>Med disse skruene med 3 blader i metall p\u00e5 24 mm (2 enheter), kan du ta skipmodelleringen til et nytt niv\u00e5. De er essensielle n\u00e5r det kommer til \u00e5 bygge eller dekorere enhver skipmodell fra bunnen av, og er ogs\u00e5 uunnv\u00e6rlige ved tap eller skade p\u00e5 en del under byggeprosessen.<\/p>\n<ul>\n<li><strong>Specifikationer:<\/strong> Dette er skruer med 3 blader som m\u00e5ler 24 mm. Settet inneholder 2 enheter. <\/li>\n<li><strong>Material:<\/strong> Disse skruene er laget av solid metall for \u00e5 gi en autentisk f\u00f8lelse og utseende.<\/li>\n<\/ul>\n<p>Det er ingen tvil om at skruer og capstaner er noen av de mest etterspurte tilbeh\u00f8rene for skipmodellering. Dette er tilfellet med v\u00e5r skrue med 3 blader p\u00e5 24 mm. Med disse kan modellskipet ditt endelig starte fremdriften! Skruene gir mer realisme til alle miniatur marine replikaer.<\/p>\n<p>Uansett om du er en entusiastisk nybegynner eller en erfaren modellbygger, vil disse skruene utvilsomt forbedre kvaliteten og utseendet p\u00e5 skipmodellen din. De er n\u00f8ye utformet for \u00e5 etterligne de skruene som brukes i virkelige skip, noe som gir modellskipet ditt en enda mer livaktig f\u00f8lelse.<\/p>\n<p>S\u00e5, hva venter du p\u00e5? Ta skipmodelleringen til et nytt niv\u00e5 med disse metallskruene med 3 blader. Se utvalget v\u00e5rt og bestill n\u00e5!<\/p>","protected":false},"excerpt":{"rendered":"<p>Skru med 3 blader i metall p\u00e5 24 mm (2 enheter) er ideelle for skipmodellering, og gir mer realisme til alle miniatur marine replikaer.<\/p>","protected":false},"featured_media":8306,"comment_status":"open","ping_status":"closed","template":"","meta":[],"product_brand":[97],"product_cat":[75],"product_tag":[],"class_list":{"0":"post-8307","1":"product","2":"type-product","3":"status-publish","4":"has-post-thumbnail","6":"product_brand-artesania","7":"product_cat-propeller-akslinger","9":"first","10":"instock","11":"taxable","12":"shipping-taxable","13":"purchasable","14":"product-type-simple"},"_links":{"self":[{"href":"https:\/\/bigfunhobby.com\/sv\/wp-json\/wp\/v2\/product\/8307","targetHints":{"allow":["GET"]}}],"collection":[{"href":"https:\/\/bigfunhobby.com\/sv\/wp-json\/wp\/v2\/product"}],"about":[{"href":"https:\/\/bigfunhobby.com\/sv\/wp-json\/wp\/v2\/types\/product"}],"replies":[{"embeddable":true,"href":"https:\/\/bigfunhobby.com\/sv\/wp-json\/wp\/v2\/comments?post=8307"}],"wp:featuredmedia":[{"embeddable":true,"href":"https:\/\/bigfunhobby.com\/sv\/wp-json\/wp\/v2\/media\/8306"}],"wp:attachment":[{"href":"https:\/\/bigfunhobby.com\/sv\/wp-json\/wp\/v2\/media?parent=8307"}],"wp:term":[{"taxonomy":"product_brand","embeddable":true,"href":"https:\/\/bigfunhobby.com\/sv\/wp-json\/wp\/v2\/product_brand?post=8307"},{"taxonomy":"product_cat","embeddable":true,"href":"https:\/\/bigfunhobby.com\/sv\/wp-json\/wp\/v2\/product_cat?post=8307"},{"taxonomy":"product_tag","embeddable":true,"href":"https:\/\/bigfunhobby.com\/sv\/wp-json\/wp\/v2\/product_tag?post=8307"}],"curies":[{"name":"wp","href":"https:\/\/api.w.org\/{rel}","templated":true}]}}