{"id":8313,"date":"2025-03-08T17:16:15","date_gmt":"2025-03-08T17:16:15","guid":{"rendered":"https:\/\/bigfunhobby.com\/butikk\/91114-birch-strips-1-x-4-x-914-mm-pack-25-pcs\/"},"modified":"2025-12-04T11:00:15","modified_gmt":"2025-12-04T09:00:15","slug":"91114-birch-strips-1-x-4-x-914-mm-pack-25-pcs","status":"publish","type":"product","link":"https:\/\/bigfunhobby.com\/sv\/butikk\/91114-birch-strips-1-x-4-x-914-mm-pack-25-pcs\/","title":{"rendered":"91114 BIRKSTRIPS 1 x 4 x 914 mm F\u00d6RPACKNING 25 ST"},"content":{"rendered":"<p>V\u00e5re bj\u00f8rkestrimler, 1 x 4 x 914 mm, er et must for enhver modellbygger, hobbyentusiast eller h\u00e5ndverker. Hver pakke inneholder 25 solide strimler av bj\u00f8rk, kjent for sin h\u00f8ykvalitets finish og lette h\u00e5ndtering. Disse strimlene er et ideelt valg for prosjekter som krever n\u00f8yaktighet og detaljer.<\/p>\n<ul>\n<li><strong>Specifikationer:<\/strong> Hver pakke inneholder 25 strimler av bj\u00f8rk, hver strimmel er 1mm tykk, 4mm bred og 914mm lang. <\/li>\n<li><strong>Material:<\/strong> Strimlene er laget av solid bj\u00f8rkevirke, kjent for sin lette farge og fine tekstur. Over tid vil bj\u00f8rken m\u00f8rkne noe, noe som gir prosjektene dine en naturlig patina. <\/li>\n<li><strong>Anv\u00e4ndning:<\/strong> Disse strimlene er perfekte for modellbygging, enten det er treskipsmodeller, byggesett i tre, plastmodeller eller modelljernbaner. Bruk dem til \u00e5 lage egendefinerte deler, fore skipsskrog, eller legge detaljer som listverk og rekkverk. <\/li>\n<\/ul>\n<p>Bj\u00f8rk er et popul\u00e6rt valg blant modellbyggere og h\u00e5ndverkere p\u00e5 grunn av dens jevne korn og lette farge. Den er ogs\u00e5 lett \u00e5 jobbe med, og kan formes og skj\u00e6res med enkelhet, noe som gj\u00f8r den ideell for h\u00e5ndverk og manuelt arbeid. I tillegg er bj\u00f8rk utmerket for liming og gir en rask og enkel t\u00f8rkeprosess.<\/p>\n<p>Enten du er en erfaren modellbygger eller en nybegynner, vil du sette pris p\u00e5 kvaliteten og allsidigheten til v\u00e5re bj\u00f8rkestrimler. Ikke vent lenger, start byggeprosjektet ditt i dag! <strong>Boka nu!<\/strong><\/p>","protected":false},"excerpt":{"rendered":"<p>Denne pakken inneholder 25 bj\u00f8rkestrimler av h\u00f8y kvalitet, perfekt til modellbygging, h\u00e5ndverk og skoleprosjekter.<\/p>","protected":false},"featured_media":8312,"comment_status":"open","ping_status":"closed","template":"","meta":[],"product_brand":[97],"product_cat":[73],"product_tag":[],"class_list":{"0":"post-8313","1":"product","2":"type-product","3":"status-publish","4":"has-post-thumbnail","6":"product_brand-artesania","7":"product_cat-trebyggesett-treverk","9":"first","10":"outofstock","11":"taxable","12":"shipping-taxable","13":"purchasable","14":"product-type-simple"},"_links":{"self":[{"href":"https:\/\/bigfunhobby.com\/sv\/wp-json\/wp\/v2\/product\/8313","targetHints":{"allow":["GET"]}}],"collection":[{"href":"https:\/\/bigfunhobby.com\/sv\/wp-json\/wp\/v2\/product"}],"about":[{"href":"https:\/\/bigfunhobby.com\/sv\/wp-json\/wp\/v2\/types\/product"}],"replies":[{"embeddable":true,"href":"https:\/\/bigfunhobby.com\/sv\/wp-json\/wp\/v2\/comments?post=8313"}],"wp:featuredmedia":[{"embeddable":true,"href":"https:\/\/bigfunhobby.com\/sv\/wp-json\/wp\/v2\/media\/8312"}],"wp:attachment":[{"href":"https:\/\/bigfunhobby.com\/sv\/wp-json\/wp\/v2\/media?parent=8313"}],"wp:term":[{"taxonomy":"product_brand","embeddable":true,"href":"https:\/\/bigfunhobby.com\/sv\/wp-json\/wp\/v2\/product_brand?post=8313"},{"taxonomy":"product_cat","embeddable":true,"href":"https:\/\/bigfunhobby.com\/sv\/wp-json\/wp\/v2\/product_cat?post=8313"},{"taxonomy":"product_tag","embeddable":true,"href":"https:\/\/bigfunhobby.com\/sv\/wp-json\/wp\/v2\/product_tag?post=8313"}],"curies":[{"name":"wp","href":"https:\/\/api.w.org\/{rel}","templated":true}]}}