{"id":8319,"date":"2025-03-08T17:16:18","date_gmt":"2025-03-08T17:16:18","guid":{"rendered":"https:\/\/bigfunhobby.com\/butikk\/91117-birch-strips-1-x-7-x-914-mm-pack-25-pcs\/"},"modified":"2025-12-04T11:00:15","modified_gmt":"2025-12-04T09:00:15","slug":"91117-bjorklister-1-x-7-x-914-mm-forpackning-25-st","status":"publish","type":"product","link":"https:\/\/bigfunhobby.com\/sv\/butikk\/91117-birch-strips-1-x-7-x-914-mm-pack-25-pcs\/","title":{"rendered":"91117 BIRKSTRIPS 1 x 7 x 914 mm F\u00d6RPACKNING 25 ST"},"content":{"rendered":"<p>F\u00f6rpackningen inneh\u00e5ller 25 h\u00f6gkvalitativa bj\u00f6rklister (91117 BIRKSTYCK 1 x 7 x 914 mm) som \u00e4r perfekta f\u00f6r modellbyggare och hantverkare. Bj\u00f6rklisterna kan anv\u00e4ndas f\u00f6r m\u00e5nga olika \u00e4ndam\u00e5l och \u00e4r s\u00e4rskilt bra f\u00f6r att bygga fartygsmodeller i tr\u00e4 och andra tr\u00e4byggsatser.<\/p>\n<p><b>Specifikationer:<\/b><\/p>\n<ul>\n<li>Tillverkad av massivt bj\u00f6rktr\u00e4 av h\u00f6g kvalitet<\/li>\n<li>Storlek: 1 x 7 x 914 mm<\/li>\n<li>Antal: 25 st<\/li>\n<li>Ljus och enhetlig f\u00e4rg<\/li>\n<li>L\u00e4mpar sig v\u00e4l f\u00f6r limning och ytbehandling<\/li>\n<\/ul>\n<p>Bj\u00f6rk \u00e4r ett perfekt material f\u00f6r modellbygge och hantverk tack vare den ljusa f\u00e4rgen, den raka \u00e5dringen och den fina strukturen. Det \u00e4r ocks\u00e5 mycket l\u00e4ttarbetat och ger en fin finish av h\u00f6g kvalitet. Bj\u00f6rkpinnar kan anv\u00e4ndas till allt fr\u00e5n att g\u00f6ra egna delar till modellbygge, till att t\u00e4cka skrovet p\u00e5 modellfartyg eller till att l\u00e4gga till detaljer som lister och r\u00e4cken. <\/p>\n<p>Oavsett om du \u00e4r en erfaren modellbyggare eller nyb\u00f6rjare kommer du att uppskatta kvaliteten och m\u00e5ngsidigheten hos dessa bj\u00f6rkstavar. De \u00e4r l\u00e4tta att hantera och kan enkelt formas och anpassas efter dina behov. Dessutom torkar de snabbt och enkelt, vilket g\u00f6r dem perfekta f\u00f6r limning och efterbehandling.<\/p>\n<p>V\u00e4nta inte l\u00e4ngre! K\u00f6p ditt paket med bj\u00f6rkstavar idag och ta din modellering till n\u00e4sta niv\u00e5!<\/p>","protected":false},"excerpt":{"rendered":"<p>H\u00f6gkvalitativa bj\u00f6rkstavar i f\u00f6rpackningar om 25 st f\u00f6r anv\u00e4ndning inom modellering och hantverk. Perfekt f\u00f6r skeppsmodeller i tr\u00e4, byggsatser och andra hobbyprojekt.<\/p>","protected":false},"featured_media":8318,"comment_status":"open","ping_status":"closed","template":"","meta":[],"product_brand":[97],"product_cat":[73],"product_tag":[],"class_list":{"0":"post-8319","1":"product","2":"type-product","3":"status-publish","4":"has-post-thumbnail","6":"product_brand-artesania","7":"product_cat-trebyggesett-treverk","9":"first","10":"instock","11":"taxable","12":"shipping-taxable","13":"purchasable","14":"product-type-simple"},"_links":{"self":[{"href":"https:\/\/bigfunhobby.com\/sv\/wp-json\/wp\/v2\/product\/8319","targetHints":{"allow":["GET"]}}],"collection":[{"href":"https:\/\/bigfunhobby.com\/sv\/wp-json\/wp\/v2\/product"}],"about":[{"href":"https:\/\/bigfunhobby.com\/sv\/wp-json\/wp\/v2\/types\/product"}],"replies":[{"embeddable":true,"href":"https:\/\/bigfunhobby.com\/sv\/wp-json\/wp\/v2\/comments?post=8319"}],"wp:featuredmedia":[{"embeddable":true,"href":"https:\/\/bigfunhobby.com\/sv\/wp-json\/wp\/v2\/media\/8318"}],"wp:attachment":[{"href":"https:\/\/bigfunhobby.com\/sv\/wp-json\/wp\/v2\/media?parent=8319"}],"wp:term":[{"taxonomy":"product_brand","embeddable":true,"href":"https:\/\/bigfunhobby.com\/sv\/wp-json\/wp\/v2\/product_brand?post=8319"},{"taxonomy":"product_cat","embeddable":true,"href":"https:\/\/bigfunhobby.com\/sv\/wp-json\/wp\/v2\/product_cat?post=8319"},{"taxonomy":"product_tag","embeddable":true,"href":"https:\/\/bigfunhobby.com\/sv\/wp-json\/wp\/v2\/product_tag?post=8319"}],"curies":[{"name":"wp","href":"https:\/\/api.w.org\/{rel}","templated":true}]}}