{"id":8321,"date":"2025-03-08T17:16:18","date_gmt":"2025-03-08T17:16:18","guid":{"rendered":"https:\/\/bigfunhobby.com\/butikk\/91118-birch-strips-1-x-8-x-914-mm-pack-25-pcs\/"},"modified":"2025-12-04T11:00:15","modified_gmt":"2025-12-04T09:00:15","slug":"91118-birch-strips-1-x-8-x-914-mm-pack-25-pcs","status":"publish","type":"product","link":"https:\/\/bigfunhobby.com\/sv\/butikk\/91118-birch-strips-1-x-8-x-914-mm-pack-25-pcs\/","title":{"rendered":"91118 BIRKSTRIPS 1 x 8 x 914 mm F\u00d6RPACKNING 25 ST"},"content":{"rendered":"<p>91118 Bj\u00f8rkelister er et h\u00f8ykvalitets materiale for modellbygging og andre hobbyer. Hver pakke inneholder 25 stk av solide bj\u00f8rkelister som er 1 x 8 x 914 mm hver.<\/p>\n<ul>\n<li><strong>Specifikationer:<\/strong> Hver bj\u00f8rklist er 1 x 8 x 914 mm. Pakken inneholder 25 stk bj\u00f8rkelister.<\/li>\n<li><strong>Material:<\/strong> listene  er laget av bj\u00f8rk, et tre kjent for sin lyse farge og fine tekstur. Dette gj\u00f8r det ideelt for h\u00e5ndverk, inkludert utskj\u00e6ring og dreining.<\/li>\n<li><strong>Anv\u00e4ndning:<\/strong> Disse bj\u00f8rkelistene er perfekte for byggesett i tre, plastmodeller og modelljernbane. De kan brukes til \u00e5 skape reservedeler eller tilpasse deler. I byggeprosesser for treskipsmodeller, kan de brukes til for eksempel lining av skipets skrog eller for \u00e5 legge til detaljer som basebord og rekkverk.<\/li>\n<\/ul>\n<p>Bj\u00f8rk er valgt for v\u00e5re lister p\u00e5 grunn av dens lyse farge, som varierer fra hvit til krem. Dette gir en jevn fargetone gjennom hele stykket. Med tiden m\u00f8rkner det litt. Bj\u00f8rk er lett \u00e5 h\u00e5ndtere og arbeide med, og det t\u00f8rker raskt og enkelt. Det er ogs\u00e5 utmerket for liming og etterbehandling.<\/p>\n<p>Enten du er en erfaren modellbygger eller en nybegynner, vil du finne at v\u00e5re bj\u00f8rkelister er et uunnv\u00e6rlig tilbeh\u00f8r for byggesett og modellhobby. La kreativiteten blomstre med disse h\u00f8ykvalitets bj\u00f8rkelistene.<\/p>\n<p><strong>Kj\u00f8p 91118 Bj\u00f8rkelister n\u00e5 for et profesjonelt resultat p\u00e5 ditt neste modellbyggingsprosjekt!<\/strong><\/p>","protected":false},"excerpt":{"rendered":"<p>91118 Bj\u00f8rkelister i solid tre (25 stk i pakken) er ideelle for byggesett og modellhobby, samt h\u00e5ndverk og skolearbeid.<\/p>","protected":false},"featured_media":8320,"comment_status":"open","ping_status":"closed","template":"","meta":[],"product_brand":[97],"product_cat":[73],"product_tag":[],"class_list":{"0":"post-8321","1":"product","2":"type-product","3":"status-publish","4":"has-post-thumbnail","6":"product_brand-artesania","7":"product_cat-trebyggesett-treverk","9":"first","10":"instock","11":"taxable","12":"shipping-taxable","13":"purchasable","14":"product-type-simple"},"_links":{"self":[{"href":"https:\/\/bigfunhobby.com\/sv\/wp-json\/wp\/v2\/product\/8321","targetHints":{"allow":["GET"]}}],"collection":[{"href":"https:\/\/bigfunhobby.com\/sv\/wp-json\/wp\/v2\/product"}],"about":[{"href":"https:\/\/bigfunhobby.com\/sv\/wp-json\/wp\/v2\/types\/product"}],"replies":[{"embeddable":true,"href":"https:\/\/bigfunhobby.com\/sv\/wp-json\/wp\/v2\/comments?post=8321"}],"wp:featuredmedia":[{"embeddable":true,"href":"https:\/\/bigfunhobby.com\/sv\/wp-json\/wp\/v2\/media\/8320"}],"wp:attachment":[{"href":"https:\/\/bigfunhobby.com\/sv\/wp-json\/wp\/v2\/media?parent=8321"}],"wp:term":[{"taxonomy":"product_brand","embeddable":true,"href":"https:\/\/bigfunhobby.com\/sv\/wp-json\/wp\/v2\/product_brand?post=8321"},{"taxonomy":"product_cat","embeddable":true,"href":"https:\/\/bigfunhobby.com\/sv\/wp-json\/wp\/v2\/product_cat?post=8321"},{"taxonomy":"product_tag","embeddable":true,"href":"https:\/\/bigfunhobby.com\/sv\/wp-json\/wp\/v2\/product_tag?post=8321"}],"curies":[{"name":"wp","href":"https:\/\/api.w.org\/{rel}","templated":true}]}}