{"id":8323,"date":"2025-03-08T17:16:19","date_gmt":"2025-03-08T17:16:19","guid":{"rendered":"https:\/\/bigfunhobby.com\/butikk\/91122-birch-strips-2-x-2-x-914-mm-pack-25-pcs\/"},"modified":"2025-12-04T11:00:15","modified_gmt":"2025-12-04T09:00:15","slug":"91122-bjorklister-2-x-2-x-914-mm-forpackning-25-st","status":"publish","type":"product","link":"https:\/\/bigfunhobby.com\/sv\/butikk\/91122-birch-strips-2-x-2-x-914-mm-pack-25-pcs\/","title":{"rendered":"91122 BIRKSTRIPS 2 x 2 x 914 mm F\u00d6RPACKNING 25 ST"},"content":{"rendered":"<p>Oavsett om du \u00e4r en erfaren modellbyggare eller nyb\u00f6rjare kommer dessa 2 x 2 x 914 mm bj\u00f6rkplywoodremsor att bli ett utm\u00e4rkt tillskott till ditt hobbymaterial. F\u00f6rpackningen inneh\u00e5ller 25 robusta bj\u00f6rkplywoodremsor som passar perfekt f\u00f6r m\u00e5nga olika anv\u00e4ndningsomr\u00e5den, t.ex. modellering, hantverksprojekt och skolarbete.<\/p>\n<p><b>Specifikationer:<\/b><\/p>\n<ul>\n<li>Massiv bj\u00f6rkfan\u00e9r av h\u00f6g kvalitet<\/li>\n<li>Dimensioner: 2 x 2 x 914 mm<\/li>\n<li>F\u00f6rpackningen inneh\u00e5ller 25 remsor<\/li>\n<li>L\u00e4tt att hantera och arbeta med<\/li>\n<li>Perfekt f\u00f6r modellering, pyssel och skolarbete<\/li>\n<\/ul>\n<p>Bj\u00f6rkfaner \u00e4r k\u00e4nt f\u00f6r sin ljusa f\u00e4rg, som varierar fr\u00e5n vitt till gr\u00e4dde. Med tiden blir den n\u00e5got m\u00f6rkare. Den har en rak \u00e5dring och en mycket fin struktur, vilket g\u00f6r den idealisk f\u00f6r snideri, svarvning och alla typer av hantverk.<\/p>\n<p>Dessa bj\u00f6rkfan\u00e9rremsor \u00e4r s\u00e4rskilt anv\u00e4ndbara inom modelltillverkning. De kan anv\u00e4ndas f\u00f6r att tillverka reservdelar eller skr\u00e4ddarsydda delar. Vid byggandet av fartygsmodeller i tr\u00e4 anv\u00e4nds de t.ex. f\u00f6r att kl\u00e4 fartygets skrov eller l\u00e4gga till detaljer som golvlister och r\u00e4cken.<\/p>\n<p>Bj\u00f6rkplywood \u00e4r ocks\u00e5 mycket l\u00e4tt att arbeta med. Den torkar snabbt och l\u00e4tt och \u00e4r utm\u00e4rkt f\u00f6r limning och ytbehandling. Det \u00e4r ett ultral\u00e4tt tr\u00e4slag, vilket g\u00f6r det till ett optimalt alternativ f\u00f6r handarbete.<\/p>\n<p>Oavsett om du arbetar med en skeppsmodell i tr\u00e4, en byggsats i tr\u00e4, en plastmodell, en skalamodell, en modellj\u00e4rnv\u00e4g eller n\u00e5got annat, kommer dessa bj\u00f6rkplywoodremsor att vara en v\u00e4rdefull resurs. Starta ditt n\u00e4sta byggprojekt med det b\u00e4sta materialet. Best\u00e4ll nu!<\/p>","protected":false},"excerpt":{"rendered":"<p>F\u00f6rpackningen inneh\u00e5ller 25 bj\u00f6rkplywoodremsor i storleken 2 x 2 x 914 mm, som \u00e4r idealiska f\u00f6r modellering, hantverk och skolarbeten.<\/p>","protected":false},"featured_media":8322,"comment_status":"open","ping_status":"closed","template":"","meta":[],"product_brand":[97],"product_cat":[73],"product_tag":[],"class_list":{"0":"post-8323","1":"product","2":"type-product","3":"status-publish","4":"has-post-thumbnail","6":"product_brand-artesania","7":"product_cat-trebyggesett-treverk","9":"first","10":"instock","11":"taxable","12":"shipping-taxable","13":"purchasable","14":"product-type-simple"},"_links":{"self":[{"href":"https:\/\/bigfunhobby.com\/sv\/wp-json\/wp\/v2\/product\/8323","targetHints":{"allow":["GET"]}}],"collection":[{"href":"https:\/\/bigfunhobby.com\/sv\/wp-json\/wp\/v2\/product"}],"about":[{"href":"https:\/\/bigfunhobby.com\/sv\/wp-json\/wp\/v2\/types\/product"}],"replies":[{"embeddable":true,"href":"https:\/\/bigfunhobby.com\/sv\/wp-json\/wp\/v2\/comments?post=8323"}],"wp:featuredmedia":[{"embeddable":true,"href":"https:\/\/bigfunhobby.com\/sv\/wp-json\/wp\/v2\/media\/8322"}],"wp:attachment":[{"href":"https:\/\/bigfunhobby.com\/sv\/wp-json\/wp\/v2\/media?parent=8323"}],"wp:term":[{"taxonomy":"product_brand","embeddable":true,"href":"https:\/\/bigfunhobby.com\/sv\/wp-json\/wp\/v2\/product_brand?post=8323"},{"taxonomy":"product_cat","embeddable":true,"href":"https:\/\/bigfunhobby.com\/sv\/wp-json\/wp\/v2\/product_cat?post=8323"},{"taxonomy":"product_tag","embeddable":true,"href":"https:\/\/bigfunhobby.com\/sv\/wp-json\/wp\/v2\/product_tag?post=8323"}],"curies":[{"name":"wp","href":"https:\/\/api.w.org\/{rel}","templated":true}]}}