{"id":8325,"date":"2025-03-08T17:16:20","date_gmt":"2025-03-08T17:16:20","guid":{"rendered":"https:\/\/bigfunhobby.com\/butikk\/91123-birch-strips-2-x-3-x-914-mm-pack-25-pcs\/"},"modified":"2025-12-04T11:00:15","modified_gmt":"2025-12-04T09:00:15","slug":"91123-birch-strips-2-x-3-x-914-mm-pack-25-pcs","status":"publish","type":"product","link":"https:\/\/bigfunhobby.com\/sv\/butikk\/91123-birch-strips-2-x-3-x-914-mm-pack-25-pcs\/","title":{"rendered":"91123 BIRKSTRIPS 2 x 3 x 914 mm F\u00d6RPACKNING 25 ST"},"content":{"rendered":"<p>Dette er en pakke med 25 bj\u00f8rkestrips, hver p\u00e5 914 mm, som er ideelle for all slags modellbygging, fra treskipsmodeller til byggesett i tre. Bj\u00f8rketreet er kjent for sin h\u00f8ye kvalitet og fine utf\u00f8relse, noe som gj\u00f8r disse stripsene til et utmerket valg for b\u00e5de erfarne og nybegynnere innen modellbygging.<\/p>\n<p><strong>Specifikationer:<\/strong><\/p>\n<ul>\n<li>Materiale: Solid bj\u00f8rketre<\/li>\n<li>St\u00f8rrelse: 2 x 3 x 914 mm<\/li>\n<li>Antall: 25 strips per pakke<\/li>\n<\/ul>\n<p>Bj\u00f8rketreet er kjent for sin lyse farge, fra hvit til kremfarget, som er sv\u00e6rt uniform gjennom hele stykket. Med tiden m\u00f8rkner det litt, noe som gir det en fin patina. Kornet er rett og har en veldig fin tekstur, noe som gj\u00f8r bj\u00f8rk til et ideelt valg for utskj\u00e6ring, dreining og alle typer h\u00e5ndarbeid.<\/p>\n<p>Disse bj\u00f8rkestripsene er perfekte for modellbyggere. De kan brukes til \u00e5 lage reservedeler eller tilpassede deler. I byggeprosesser for modellskip brukes det for handlinger som \u00e5 kle skipets skrog eller legge til detaljer som fotlister og rekkverk.<\/p>\n<p>Treets lette vekt og enkelhet i bruk gj\u00f8r det til et optimalt valg for h\u00e5ndarbeid. Bj\u00f8rk er ogs\u00e5 kjent for sin gode ytelse i forhold til liming og sluttbearbeiding, og t\u00f8rking er rask og enkel.<\/p>\n<p>Uansett om du er en erfaren modellbygger eller en nybegynner, vil disse bj\u00f8rkestripsene v\u00e6re et utmerket tillegg til verkstedet ditt. S\u00e5 hvorfor vente? Se v\u00e5rt utvalg og bestill n\u00e5!<\/p>","protected":false},"excerpt":{"rendered":"<p>Disse bj\u00f8rkestripsene er et h\u00f8ykvalitets, allsidig materiale, perfekt for modellbygging, h\u00e5ndverk og skolearbeid. Pakken inneholder 25 strips p\u00e5 914 mm hver.<\/p>","protected":false},"featured_media":8324,"comment_status":"open","ping_status":"closed","template":"","meta":[],"product_brand":[97],"product_cat":[73],"product_tag":[],"class_list":{"0":"post-8325","1":"product","2":"type-product","3":"status-publish","4":"has-post-thumbnail","6":"product_brand-artesania","7":"product_cat-trebyggesett-treverk","9":"first","10":"instock","11":"taxable","12":"shipping-taxable","13":"purchasable","14":"product-type-simple"},"_links":{"self":[{"href":"https:\/\/bigfunhobby.com\/sv\/wp-json\/wp\/v2\/product\/8325","targetHints":{"allow":["GET"]}}],"collection":[{"href":"https:\/\/bigfunhobby.com\/sv\/wp-json\/wp\/v2\/product"}],"about":[{"href":"https:\/\/bigfunhobby.com\/sv\/wp-json\/wp\/v2\/types\/product"}],"replies":[{"embeddable":true,"href":"https:\/\/bigfunhobby.com\/sv\/wp-json\/wp\/v2\/comments?post=8325"}],"wp:featuredmedia":[{"embeddable":true,"href":"https:\/\/bigfunhobby.com\/sv\/wp-json\/wp\/v2\/media\/8324"}],"wp:attachment":[{"href":"https:\/\/bigfunhobby.com\/sv\/wp-json\/wp\/v2\/media?parent=8325"}],"wp:term":[{"taxonomy":"product_brand","embeddable":true,"href":"https:\/\/bigfunhobby.com\/sv\/wp-json\/wp\/v2\/product_brand?post=8325"},{"taxonomy":"product_cat","embeddable":true,"href":"https:\/\/bigfunhobby.com\/sv\/wp-json\/wp\/v2\/product_cat?post=8325"},{"taxonomy":"product_tag","embeddable":true,"href":"https:\/\/bigfunhobby.com\/sv\/wp-json\/wp\/v2\/product_tag?post=8325"}],"curies":[{"name":"wp","href":"https:\/\/api.w.org\/{rel}","templated":true}]}}