{"id":8327,"date":"2025-03-08T17:16:21","date_gmt":"2025-03-08T17:16:21","guid":{"rendered":"https:\/\/bigfunhobby.com\/butikk\/91124-birch-strips-2-x-4-x-914-mm-pack-25-pcs\/"},"modified":"2025-12-04T11:00:15","modified_gmt":"2025-12-04T09:00:15","slug":"91124-birch-strips-2-x-4-x-914-mm-pack-25-pcs","status":"publish","type":"product","link":"https:\/\/bigfunhobby.com\/sv\/butikk\/91124-birch-strips-2-x-4-x-914-mm-pack-25-pcs\/","title":{"rendered":"91124 BIRKSTRIPS 2 x 4 x 914 mm F\u00d6RPACKNING 25 ST"},"content":{"rendered":"<p>Denne pakken inneholder 25 bj\u00f8rkestrimler, hver 914 mm lang, 2 mm tykk og 4 mm bred. Bj\u00f8rkestrimlene er et h\u00f8ykvalitets materiale som er ideelt for ulike bruksomr\u00e5der, fra modellbygging til h\u00e5ndverk og skoleprosjekter.<\/p>\n<p><strong>Specifikationer:<\/strong><\/p>\n<ul>\n<li>Hver pakke inneholder 25 bj\u00f8rkestrimler<\/li>\n<li>Hver stripe er 914 mm lang, 2 mm tykk og 4 mm bred<\/li>\n<li>Laget av h\u00f8ykvalitets fast bj\u00f8rketre<\/li>\n<\/ul>\n<p>Bj\u00f8rketreet er karakterisert av sin lyse farge, fra hvit til kremete, og er derfor veldig uniform gjennom hele stykket. Med tiden m\u00f8rkner det litt. Dette treslaget har en rett type korn med en veldig fin tekstur, noe som gj\u00f8r bj\u00f8rketre til et ideelt valg for utskj\u00e6ring, dreining og all slags h\u00e5ndverk. Det kan h\u00e5ndteres og bearbeides med total enkelhet, og kan v\u00e6re det optimale alternativet for h\u00e5ndarbeid. I tillegg presterer det fantastisk i forhold til liming og etterbehandling. T\u00f8rking er rask og enkel. Det er et ultralett tre.<\/p>\n<p>Moderne modellbyggere finner bj\u00f8rkestrimlene perfekte for ulike prosjekter. For treskipsmodeller er de ideelle for \u00e5 lage ekstra eller tilpassede deler, for eksempel for \u00e5 kle skroget p\u00e5 skipet eller legge til detaljer som fotlister og rekkverk. Men bruken er ikke begrenset til treskipsmodeller. Disse bj\u00f8rkestrimlene er ogs\u00e5 ypperlige for byggesett i tre og plastmodeller.<\/p>\n<p>Uansett om du er en erfaren modellbygger eller en nybegynner, vil disse bj\u00f8rkestrimlene v\u00e6re et utmerket tillegg til verkt\u00f8ykassen din. De er allsidige, enkle \u00e5 jobbe med og gir modellene dine en profesjonell finish.<\/p>\n<p>S\u00e5 hvorfor vente? Begynn \u00e5 skape imponerende modeller med disse bj\u00f8rkestrimlene i dag. Kj\u00f8p her n\u00e5.<\/p>","protected":false},"excerpt":{"rendered":"<p>Dette er en pakke med 25 bj\u00f8rkestrimler av h\u00f8y kvalitet, ideelle for modellbygging, h\u00e5ndverk og skoleprosjekter. Perfekt for b\u00e5de nybegynnere og erfarne modellbyggere.<\/p>","protected":false},"featured_media":8326,"comment_status":"open","ping_status":"closed","template":"","meta":[],"product_brand":[97],"product_cat":[73],"product_tag":[],"class_list":{"0":"post-8327","1":"product","2":"type-product","3":"status-publish","4":"has-post-thumbnail","6":"product_brand-artesania","7":"product_cat-trebyggesett-treverk","9":"first","10":"instock","11":"taxable","12":"shipping-taxable","13":"purchasable","14":"product-type-simple"},"_links":{"self":[{"href":"https:\/\/bigfunhobby.com\/sv\/wp-json\/wp\/v2\/product\/8327","targetHints":{"allow":["GET"]}}],"collection":[{"href":"https:\/\/bigfunhobby.com\/sv\/wp-json\/wp\/v2\/product"}],"about":[{"href":"https:\/\/bigfunhobby.com\/sv\/wp-json\/wp\/v2\/types\/product"}],"replies":[{"embeddable":true,"href":"https:\/\/bigfunhobby.com\/sv\/wp-json\/wp\/v2\/comments?post=8327"}],"wp:featuredmedia":[{"embeddable":true,"href":"https:\/\/bigfunhobby.com\/sv\/wp-json\/wp\/v2\/media\/8326"}],"wp:attachment":[{"href":"https:\/\/bigfunhobby.com\/sv\/wp-json\/wp\/v2\/media?parent=8327"}],"wp:term":[{"taxonomy":"product_brand","embeddable":true,"href":"https:\/\/bigfunhobby.com\/sv\/wp-json\/wp\/v2\/product_brand?post=8327"},{"taxonomy":"product_cat","embeddable":true,"href":"https:\/\/bigfunhobby.com\/sv\/wp-json\/wp\/v2\/product_cat?post=8327"},{"taxonomy":"product_tag","embeddable":true,"href":"https:\/\/bigfunhobby.com\/sv\/wp-json\/wp\/v2\/product_tag?post=8327"}],"curies":[{"name":"wp","href":"https:\/\/api.w.org\/{rel}","templated":true}]}}