{"id":8329,"date":"2025-03-08T17:16:22","date_gmt":"2025-03-08T17:16:22","guid":{"rendered":"https:\/\/bigfunhobby.com\/butikk\/91126-birch-strips-2-x-6-x-914-mm-pack-25-pcs\/"},"modified":"2025-12-04T11:00:15","modified_gmt":"2025-12-04T09:00:15","slug":"91126-bjorklister-2-x-6-x-914-mm-forpackning-25-st","status":"publish","type":"product","link":"https:\/\/bigfunhobby.com\/sv\/butikk\/91126-birch-strips-2-x-6-x-914-mm-pack-25-pcs\/","title":{"rendered":"91126 BIRKSTRIPS 2 x 6 x 914 mm F\u00d6RPACKNING 25 ST"},"content":{"rendered":"<p>Detta paket med 25 bj\u00f6rklister med m\u00e5tten 2 x 6 x 914 mm \u00e4r ett utm\u00e4rkt material f\u00f6r en m\u00e4ngd olika projekt. Fr\u00e5n modellering till hantverk och skolarbete \u00e4r bj\u00f6rkremsor ett m\u00e5ngsidigt och h\u00f6gkvalitativt material.<\/p>\n<p><strong>Specifikationer:<\/strong><\/p>\n<ul>\n<li>F\u00f6rpackning med 25 bj\u00f6rklister<\/li>\n<li>Storlek: 2 x 6 x 914 mm per remsa<\/li>\n<li>Tillverkad av h\u00f6gkvalitativt bj\u00f6rktr\u00e4<\/li>\n<li>L\u00e4tt att hantera och arbeta med<\/li>\n<li>Utm\u00e4rkt f\u00f6r limning och ytbehandling<\/li>\n<\/ul>\n<p>Bj\u00f6rklisterna \u00e4r tillverkade av h\u00f6gkvalitativt bj\u00f6rktr\u00e4 som \u00e4r k\u00e4nt f\u00f6r sin ljusa f\u00e4rg, som varierar fr\u00e5n vitt till gr\u00e4dde. Med tiden m\u00f6rknar det n\u00e5got. Tr\u00e4ets raka \u00e5dring och fina struktur g\u00f6r bj\u00f6rk till ett perfekt val f\u00f6r t\u00e4ljning, svarvning och andra hantverk. Det kan l\u00e4tt hanteras och bearbetas, vilket g\u00f6r det till ett optimalt alternativ f\u00f6r handarbete.<\/p>\n<p>Vid modellbygge \u00e4r dessa bj\u00f6rkremsor perfekta f\u00f6r modellbyggare, de kan g\u00f6ra reservdelar eller anpassade delar. N\u00e4r man bygger fartygsmodeller i tr\u00e4 anv\u00e4nds de till exempel f\u00f6r att kl\u00e4 fartygets skrov eller f\u00f6r att l\u00e4gga till detaljer som golvlister och r\u00e4cken.<\/p>\n<p>\u00c4r du intresserad av att ta dina projekt till n\u00e4sta niv\u00e5? Dessa bj\u00f6rklister ger dig den kvalitet och flexibilitet du beh\u00f6ver. Ta en titt p\u00e5 v\u00e5rt urval och best\u00e4ll nu!<\/p>","protected":false},"excerpt":{"rendered":"<p>F\u00f6rpackning med 25 st bj\u00f6rklister 2 x 6 x 914 mm, idealiska f\u00f6r modellering, pyssel och skolarbeten tack vare den h\u00f6ga tr\u00e4kvaliteten och den fina finishen.<\/p>","protected":false},"featured_media":8328,"comment_status":"open","ping_status":"closed","template":"","meta":[],"product_brand":[97],"product_cat":[73],"product_tag":[],"class_list":{"0":"post-8329","1":"product","2":"type-product","3":"status-publish","4":"has-post-thumbnail","6":"product_brand-artesania","7":"product_cat-trebyggesett-treverk","9":"first","10":"outofstock","11":"taxable","12":"shipping-taxable","13":"purchasable","14":"product-type-simple"},"_links":{"self":[{"href":"https:\/\/bigfunhobby.com\/sv\/wp-json\/wp\/v2\/product\/8329","targetHints":{"allow":["GET"]}}],"collection":[{"href":"https:\/\/bigfunhobby.com\/sv\/wp-json\/wp\/v2\/product"}],"about":[{"href":"https:\/\/bigfunhobby.com\/sv\/wp-json\/wp\/v2\/types\/product"}],"replies":[{"embeddable":true,"href":"https:\/\/bigfunhobby.com\/sv\/wp-json\/wp\/v2\/comments?post=8329"}],"wp:featuredmedia":[{"embeddable":true,"href":"https:\/\/bigfunhobby.com\/sv\/wp-json\/wp\/v2\/media\/8328"}],"wp:attachment":[{"href":"https:\/\/bigfunhobby.com\/sv\/wp-json\/wp\/v2\/media?parent=8329"}],"wp:term":[{"taxonomy":"product_brand","embeddable":true,"href":"https:\/\/bigfunhobby.com\/sv\/wp-json\/wp\/v2\/product_brand?post=8329"},{"taxonomy":"product_cat","embeddable":true,"href":"https:\/\/bigfunhobby.com\/sv\/wp-json\/wp\/v2\/product_cat?post=8329"},{"taxonomy":"product_tag","embeddable":true,"href":"https:\/\/bigfunhobby.com\/sv\/wp-json\/wp\/v2\/product_tag?post=8329"}],"curies":[{"name":"wp","href":"https:\/\/api.w.org\/{rel}","templated":true}]}}