{"id":8337,"date":"2025-03-08T17:16:26","date_gmt":"2025-03-08T17:16:26","guid":{"rendered":"https:\/\/bigfunhobby.com\/butikk\/91191-birch-strips-15-x-15-x-914-mm-pack-25-pcs\/"},"modified":"2025-12-04T11:00:16","modified_gmt":"2025-12-04T09:00:16","slug":"91191-bjorklister-15-x-15-x-914-mm-forpackning-25-st","status":"publish","type":"product","link":"https:\/\/bigfunhobby.com\/sv\/butikk\/91191-birch-strips-15-x-15-x-914-mm-pack-25-pcs\/","title":{"rendered":"91191 BIRKSTRIPS 1,5 x 1,5 x 914 mm F\u00d6RPACKNING 25 ST"},"content":{"rendered":"<p>91191 Birch strips \u00e4r ett viktigt verktyg f\u00f6r alla entusiastiska modellbyggare, b\u00e5de nyb\u00f6rjare och erfarna. Dessa h\u00f6gkvalitativa lister \u00e4r tillverkade av massivt bj\u00f6rktr\u00e4 som \u00e4r k\u00e4nt f\u00f6r sin ljusa f\u00e4rg, raka \u00e5dring och fina struktur. Varje f\u00f6rpackning inneh\u00e5ller 25 stycken, alla 914 mm l\u00e5nga.<\/p>\n<p><strong>Specifikationer:<\/strong><\/p>\n<ul>\n<li>Material: Massivt bj\u00f6rktr\u00e4 Massivt bj\u00f6rktr\u00e4<\/li>\n<li>Dimensioner: 1,5 x 1,5 x 914 mm<\/li>\n<li>Antal enheter: 25 enheter per f\u00f6rpackning<\/li>\n<\/ul>\n<p>Den ljusa f\u00e4rgen str\u00e4cker sig fr\u00e5n vitt till gr\u00e4dde och \u00e4r mycket j\u00e4mn \u00f6ver hela stycket. Med tiden blir f\u00e4rgen n\u00e5got m\u00f6rkare. Bj\u00f6rk \u00e4r ett idealiskt material f\u00f6r sniderier, svarvning och alla typer av hantverk, inklusive modellbygge och skeppsmodeller i tr\u00e4.<\/p>\n<p>Bj\u00f6rklisterna kan anv\u00e4ndas f\u00f6r att tillverka reservdelar eller specialanpassa delar till dina modellprojekt. I tr\u00e4skeppssatser anv\u00e4nds de ofta f\u00f6r att t\u00e4cka fartygets skrov eller l\u00e4gga till detaljer som golvbr\u00e4dor och r\u00e4cken. De \u00e4r ocks\u00e5 utm\u00e4rkta f\u00f6r finsnickeri, hantverk och skolarbete.<\/p>\n<p>Bj\u00f6rktr\u00e4 \u00e4r ocks\u00e5 l\u00e4tt att hantera och arbeta med, vilket g\u00f6r det till ett optimalt val f\u00f6r hantverk. Det fungerar utm\u00e4rkt n\u00e4r det g\u00e4ller limning och ytbehandling och torkar snabbt och enkelt. Det h\u00e4r \u00e4r ett ultral\u00e4tt tr\u00e4slag.<\/p>\n<p><strong>Starta ditt n\u00e4sta modellprojekt med 91191 Birch Lists. K\u00f6p nu f\u00f6r att utforska de m\u00e5nga m\u00f6jligheter som dessa lister kan erbjuda!<\/strong><\/p>","protected":false},"excerpt":{"rendered":"<p>91191 Bj\u00f6rklister \u00e4r h\u00f6gkvalitativa massiva tr\u00e4bitar, idealiska f\u00f6r modellbygge, finsnickeri och hantverk. Dessa lister \u00e4r perfekta f\u00f6r b\u00e5de nyb\u00f6rjare och erfarna modellbyggare.<\/p>","protected":false},"featured_media":8336,"comment_status":"open","ping_status":"closed","template":"","meta":[],"product_brand":[97],"product_cat":[73],"product_tag":[],"class_list":{"0":"post-8337","1":"product","2":"type-product","3":"status-publish","4":"has-post-thumbnail","6":"product_brand-artesania","7":"product_cat-trebyggesett-treverk","9":"first","10":"instock","11":"taxable","12":"shipping-taxable","13":"purchasable","14":"product-type-simple"},"_links":{"self":[{"href":"https:\/\/bigfunhobby.com\/sv\/wp-json\/wp\/v2\/product\/8337","targetHints":{"allow":["GET"]}}],"collection":[{"href":"https:\/\/bigfunhobby.com\/sv\/wp-json\/wp\/v2\/product"}],"about":[{"href":"https:\/\/bigfunhobby.com\/sv\/wp-json\/wp\/v2\/types\/product"}],"replies":[{"embeddable":true,"href":"https:\/\/bigfunhobby.com\/sv\/wp-json\/wp\/v2\/comments?post=8337"}],"wp:featuredmedia":[{"embeddable":true,"href":"https:\/\/bigfunhobby.com\/sv\/wp-json\/wp\/v2\/media\/8336"}],"wp:attachment":[{"href":"https:\/\/bigfunhobby.com\/sv\/wp-json\/wp\/v2\/media?parent=8337"}],"wp:term":[{"taxonomy":"product_brand","embeddable":true,"href":"https:\/\/bigfunhobby.com\/sv\/wp-json\/wp\/v2\/product_brand?post=8337"},{"taxonomy":"product_cat","embeddable":true,"href":"https:\/\/bigfunhobby.com\/sv\/wp-json\/wp\/v2\/product_cat?post=8337"},{"taxonomy":"product_tag","embeddable":true,"href":"https:\/\/bigfunhobby.com\/sv\/wp-json\/wp\/v2\/product_tag?post=8337"}],"curies":[{"name":"wp","href":"https:\/\/api.w.org\/{rel}","templated":true}]}}