{"id":8341,"date":"2025-03-08T17:16:27","date_gmt":"2025-03-08T17:16:27","guid":{"rendered":"https:\/\/bigfunhobby.com\/butikk\/91193-birch-strips-15-x-3-x-914-mm-pack-25-pcs\/"},"modified":"2025-12-04T11:00:16","modified_gmt":"2025-12-04T09:00:16","slug":"91193-bjorklister-15-x-3-x-914-mm-forpackning-25-st","status":"publish","type":"product","link":"https:\/\/bigfunhobby.com\/sv\/butikk\/91193-birch-strips-15-x-3-x-914-mm-pack-25-pcs\/","title":{"rendered":"91193 BIRKSTRIPS 1,5 x 3 x 914 mm F\u00d6RPACKNING 25 ST"},"content":{"rendered":"<p>V\u00e5ra bj\u00f6rklister (91193 BIRKLISTER 1,5 x 3 x 914 mm PACK 25 ST) \u00e4r en viktig del av utrustningen f\u00f6r alla som gillar modellbygge, finsnickeri, hantverk och skolprojekt. Med 25 robusta tr\u00e4lister i varje f\u00f6rpackning \u00e4r m\u00f6jligheterna till kreativitet o\u00e4ndliga.<\/p>\n<p><strong>Specifikationer:<\/strong><\/p>\n<ul>\n<li>Produktnamn: 91193 BIRKSTRIPS 1,5 x 3 x 914 mm F\u00d6RPACKNING 25 ST<\/li>\n<li>Antal: 25 st<\/li>\n<li>Material: Bj\u00f6rk Bj\u00f6rktr\u00e4<\/li>\n<li>Storlek: 1,5 x 3 x 914 mm per remsa<\/li>\n<\/ul>\n<p>Dessa bj\u00f6rklister k\u00e4nnetecknas av att de \u00e4r tillverkade av h\u00f6gkvalitativt massivt tr\u00e4. Bj\u00f6rk v\u00e4ljs f\u00f6r sin ljusa f\u00e4rg, som str\u00e4cker sig fr\u00e5n vitt till gr\u00e4dde, vilket ger en vacker, sl\u00e4t yta. Med tiden blir tr\u00e4et n\u00e5got m\u00f6rkare, vilket ger en unik patina till dina projekt.<\/p>\n<p>Oavsett om du \u00e4r en erfaren modellbyggare som arbetar med fartygsmodeller och byggsatser i tr\u00e4 eller en nyb\u00f6rjare som utforskar plastmodelleringens v\u00e4rld, kommer de h\u00e4r remsorna att bli ett v\u00e4rdefullt tillskott i din verktygsl\u00e5da. De \u00e4r perfekta f\u00f6r att skapa extra eller anpassade delar, t.ex. f\u00f6r att kl\u00e4 fartygsskrov eller l\u00e4gga till detaljer som golvlister och r\u00e4cken.<\/p>\n<p>Historiskt sett har bj\u00f6rk varit ett popul\u00e4rt tr\u00e4slag f\u00f6r hantverk och modellering tack vare sin raka \u00e5dring och fina struktur. Detta g\u00f6r bj\u00f6rk till ett perfekt val f\u00f6r sniderier, svarvade arbeten och alla typer av hantverk. Bj\u00f6rk kan enkelt bearbetas med handverktyg och ger fantastiska resultat n\u00e4r det g\u00e4ller limning och ytbehandling. Torkning sker snabbt och enkelt, vilket g\u00f6r det till ett ultral\u00e4tt tr\u00e4slag.<\/p>\n<p>Oavsett om du \u00e4r en erfaren hobbyist eller nyb\u00f6rjare \u00e4r dessa bj\u00f6rkremsor ett utm\u00e4rkt val. <strong>K\u00f6p h\u00e4r<\/strong> f\u00f6r att ta ditt n\u00e4sta projekt till n\u00e4sta niv\u00e5!<\/p>","protected":false},"excerpt":{"rendered":"<p>Dessa 1,5 x 3 x 914 mm bj\u00f6rkremsor i h\u00f6gkvalitativt massivt tr\u00e4 \u00e4r idealiska f\u00f6r modellering, snickeri, hantverk och skolprojekt. Perfekt f\u00f6r b\u00e5de nyb\u00f6rjare och erfarna entusiaster.<\/p>","protected":false},"featured_media":8340,"comment_status":"open","ping_status":"closed","template":"","meta":[],"product_brand":[97],"product_cat":[73],"product_tag":[],"class_list":{"0":"post-8341","1":"product","2":"type-product","3":"status-publish","4":"has-post-thumbnail","6":"product_brand-artesania","7":"product_cat-trebyggesett-treverk","9":"first","10":"instock","11":"taxable","12":"shipping-taxable","13":"purchasable","14":"product-type-simple"},"_links":{"self":[{"href":"https:\/\/bigfunhobby.com\/sv\/wp-json\/wp\/v2\/product\/8341","targetHints":{"allow":["GET"]}}],"collection":[{"href":"https:\/\/bigfunhobby.com\/sv\/wp-json\/wp\/v2\/product"}],"about":[{"href":"https:\/\/bigfunhobby.com\/sv\/wp-json\/wp\/v2\/types\/product"}],"replies":[{"embeddable":true,"href":"https:\/\/bigfunhobby.com\/sv\/wp-json\/wp\/v2\/comments?post=8341"}],"wp:featuredmedia":[{"embeddable":true,"href":"https:\/\/bigfunhobby.com\/sv\/wp-json\/wp\/v2\/media\/8340"}],"wp:attachment":[{"href":"https:\/\/bigfunhobby.com\/sv\/wp-json\/wp\/v2\/media?parent=8341"}],"wp:term":[{"taxonomy":"product_brand","embeddable":true,"href":"https:\/\/bigfunhobby.com\/sv\/wp-json\/wp\/v2\/product_brand?post=8341"},{"taxonomy":"product_cat","embeddable":true,"href":"https:\/\/bigfunhobby.com\/sv\/wp-json\/wp\/v2\/product_cat?post=8341"},{"taxonomy":"product_tag","embeddable":true,"href":"https:\/\/bigfunhobby.com\/sv\/wp-json\/wp\/v2\/product_tag?post=8341"}],"curies":[{"name":"wp","href":"https:\/\/api.w.org\/{rel}","templated":true}]}}